{"id":6340,"date":"2025-07-09T13:43:19","date_gmt":"2025-07-09T11:43:19","guid":{"rendered":"https:\/\/sustainability2024.amarencogroup.com\/entreprise-historique\/"},"modified":"2025-09-23T15:33:44","modified_gmt":"2025-09-23T13:33:44","slug":"entreprise-historique","status":"publish","type":"page","link":"https:\/\/sustainability2024.amarencogroup.com\/fr\/entreprise-historique\/","title":{"rendered":"Entreprise &#8211; Historique"},"content":{"rendered":"\t\t<div data-elementor-type=\"wp-page\" data-elementor-id=\"6340\" class=\"elementor elementor-6340 elementor-2539\" data-elementor-post-type=\"page\">\n\t\t\t\t<div class=\"elementor-element elementor-element-82fa36a e-con-full e-flex e-con e-parent\" data-id=\"82fa36a\" data-element_type=\"container\" data-e-type=\"container\" data-settings=\"{&quot;background_background&quot;:&quot;classic&quot;}\">\n\t\t<div class=\"elementor-element elementor-element-7f4b5e7 e-con-full e-flex e-con e-child\" data-id=\"7f4b5e7\" data-element_type=\"container\" data-e-type=\"container\">\n\t\t\t\t<div class=\"elementor-element elementor-element-410b597 elementor-widget elementor-widget-heading\" data-id=\"410b597\" data-element_type=\"widget\" data-e-type=\"widget\" data-widget_type=\"heading.default\">\n\t\t\t\t<div class=\"elementor-widget-container\">\n\t\t\t\t\t<h2 class=\"elementor-heading-title elementor-size-default\">Entreprise<\/h2>\t\t\t\t<\/div>\n\t\t\t\t<\/div>\n\t\t\t\t<div class=\"elementor-element elementor-element-a3603f3 elementor-widget-divider--view-line elementor-widget elementor-widget-divider\" data-id=\"a3603f3\" data-element_type=\"widget\" data-e-type=\"widget\" data-widget_type=\"divider.default\">\n\t\t\t\t<div class=\"elementor-widget-container\">\n\t\t\t\t\t\t\t<div class=\"elementor-divider\">\n\t\t\t<span class=\"elementor-divider-separator\">\n\t\t\t\t\t\t<\/span>\n\t\t<\/div>\n\t\t\t\t\t\t<\/div>\n\t\t\t\t<\/div>\n\t\t\t\t<\/div>\n\t\t\t\t<div class=\"elementor-element elementor-element-43e4ef4 elementor-widget elementor-widget-heading\" data-id=\"43e4ef4\" data-element_type=\"widget\" data-e-type=\"widget\" data-settings=\"{&quot;_animation&quot;:&quot;none&quot;,&quot;_animation_mobile&quot;:&quot;none&quot;}\" data-widget_type=\"heading.default\">\n\t\t\t\t<div class=\"elementor-widget-container\">\n\t\t\t\t\t<h2 class=\"elementor-heading-title elementor-size-default\">HISTORIQUE<\/h2>\t\t\t\t<\/div>\n\t\t\t\t<\/div>\n\t\t\t\t<div class=\"elementor-element elementor-element-f243682 elementor-widget elementor-widget-heading\" data-id=\"f243682\" data-element_type=\"widget\" data-e-type=\"widget\" data-settings=\"{&quot;_animation_mobile&quot;:&quot;none&quot;}\" data-widget_type=\"heading.default\">\n\t\t\t\t<div class=\"elementor-widget-container\">\n\t\t\t\t\t<h1 class=\"elementor-heading-title elementor-size-default\">APER\u00c7U ET \u00c9VOLUTIONS 2024<\/h1>\t\t\t\t<\/div>\n\t\t\t\t<\/div>\n\t\t\t\t<\/div>\n\t\t<div class=\"elementor-element elementor-element-8da8e34 e-flex e-con-boxed e-con e-parent\" data-id=\"8da8e34\" data-element_type=\"container\" data-e-type=\"container\" data-settings=\"{&quot;background_background&quot;:&quot;classic&quot;}\">\n\t\t\t\t\t<div class=\"e-con-inner\">\n\t\t\t\t<div class=\"elementor-element elementor-element-117ecf1 elementor-widget elementor-widget-text-editor\" data-id=\"117ecf1\" data-element_type=\"widget\" data-e-type=\"widget\" data-widget_type=\"text-editor.default\">\n\t\t\t\t<div class=\"elementor-widget-container\">\n\t\t\t\t\t\t\t\t\t<p>Fond\u00e9e en Irlande en 2013, Amarenco est une entreprise engag\u00e9e dans les \u00e9nergies renouvelables, notamment l\u2019\u00e9nergie solaire photovolta\u00efque, qui \u00e9tend progressivement ses activit\u00e9s au stockage de l\u2019\u00e9nergie. Son nom, inspir\u00e9 de la fleur d\u2019amarante, symbolise la r\u00e9silience et la vitalit\u00e9. Au fil des ann\u00e9es, Amarenco a su \u00e9voluer avec succ\u00e8s d\u2019un gestionnaire d\u2019investissements \u00e0 un producteur ind\u00e9pendant d\u2019\u00e9lectricit\u00e9 (IPP), en \u00e9tablissant une solide pr\u00e9sence \u00e0 travers l\u2019Europe, notamment en Espagne, au Portugal, en Irlande et en France, avec des projets embl\u00e9matiques tels que le site de stockage Claudia.  <\/p><p>Entre 2020 et 2022, Amarenco a lev\u00e9 500 millions d\u2019euros pour soutenir sa croissance internationale via des acquisitions et des partenariats. En 2020, l\u2019entreprise a lanc\u00e9 le programme ECHO, incarnant son engagement r\u00e9g\u00e9n\u00e9ratif, renforc\u00e9 ensuite par le programme Butterfly en collaboration avec AXA Climate. En 2024, Amarenco a sign\u00e9 son premier contrat d\u2019achat d\u2019\u00e9lectricit\u00e9 r\u00e9g\u00e9n\u00e9ratif (Corporate PPA), associant g\u00e9n\u00e9ration de revenus et restauration des \u00e9cosyst\u00e8mes.  <\/p><p>\u00c0 ce jour, Amarenco entre dans une phase d\u2019industrialisation \u00e0 grande \u00e9chelle, visant l\u2019autofinancement gr\u00e2ce aux revenus de l\u2019\u00e9nergie, \u00e0 l\u2019ing\u00e9nierie financi\u00e8re et au recyclage de capital. L\u2019entreprise exploite actuellement plus de 600 MW et dispose d\u2019un portefeuille total en exploitation et s\u00e9curis\u00e9* de 1,3 GW. <\/p>\t\t\t\t\t\t\t\t<\/div>\n\t\t\t\t<\/div>\n\t\t\t\t<div class=\"elementor-element elementor-element-1bfa7dc elementor-widget elementor-widget-text-editor\" data-id=\"1bfa7dc\" data-element_type=\"widget\" data-e-type=\"widget\" data-widget_type=\"text-editor.default\">\n\t\t\t\t<div class=\"elementor-widget-container\">\n\t\t\t\t\t\t\t\t\t<p>*Capacit\u00e9 brute pond\u00e9r\u00e9e pour les actifs en exploitation, en construction et pr\u00eats \u00e0 construire.<\/p>\t\t\t\t\t\t\t\t<\/div>\n\t\t\t\t<\/div>\n\t\t\t\t\t<\/div>\n\t\t\t\t<\/div>\n\t\t<div class=\"elementor-element elementor-element-8a73503 e-flex e-con-boxed e-con e-parent\" data-id=\"8a73503\" data-element_type=\"container\" data-e-type=\"container\" data-settings=\"{&quot;background_background&quot;:&quot;classic&quot;}\">\n\t\t\t\t\t<div class=\"e-con-inner\">\n\t\t\t\t<div class=\"elementor-element elementor-element-fc1e556 elementor-widget elementor-widget-image\" data-id=\"fc1e556\" data-element_type=\"widget\" data-e-type=\"widget\" data-widget_type=\"image.default\">\n\t\t\t\t<div class=\"elementor-widget-container\">\n\t\t\t\t\t\t\t\t\t\t\t\t\t\t\t<img fetchpriority=\"high\" decoding=\"async\" width=\"1344\" height=\"587\" src=\"https:\/\/sustainability2024.amarencogroup.com\/wp-content\/uploads\/2025\/07\/side-by-side-4.webp\" class=\"attachment-full size-full wp-image-5847\" alt=\"\" srcset=\"https:\/\/sustainability2024.amarencogroup.com\/wp-content\/uploads\/2025\/07\/side-by-side-4.webp 1344w, https:\/\/sustainability2024.amarencogroup.com\/wp-content\/uploads\/2025\/07\/side-by-side-4-300x131.webp 300w, https:\/\/sustainability2024.amarencogroup.com\/wp-content\/uploads\/2025\/07\/side-by-side-4-1024x447.webp 1024w, https:\/\/sustainability2024.amarencogroup.com\/wp-content\/uploads\/2025\/07\/side-by-side-4-768x335.webp 768w\" sizes=\"(max-width: 1344px) 100vw, 1344px\" \/>\t\t\t\t\t\t\t\t\t\t\t\t\t\t\t<\/div>\n\t\t\t\t<\/div>\n\t\t\t\t\t<\/div>\n\t\t\t\t<\/div>\n\t\t<div class=\"elementor-element elementor-element-1d84de5 e-flex e-con-boxed e-con e-parent\" data-id=\"1d84de5\" data-element_type=\"container\" data-e-type=\"container\" data-settings=\"{&quot;background_background&quot;:&quot;classic&quot;}\">\n\t\t\t\t\t<div class=\"e-con-inner\">\n\t\t\t\t<div class=\"elementor-element elementor-element-4859fee elementor-widget elementor-widget-heading\" data-id=\"4859fee\" data-element_type=\"widget\" data-e-type=\"widget\" data-widget_type=\"heading.default\">\n\t\t\t\t<div class=\"elementor-widget-container\">\n\t\t\t\t\t<h2 class=\"elementor-heading-title elementor-size-default\">\u00c9volutions cl\u00e9s en 2024<\/h2>\t\t\t\t<\/div>\n\t\t\t\t<\/div>\n\t\t\t\t<div class=\"elementor-element elementor-element-9ae9ede elementor-widget elementor-widget-text-editor\" data-id=\"9ae9ede\" data-element_type=\"widget\" data-e-type=\"widget\" data-widget_type=\"text-editor.default\">\n\t\t\t\t<div class=\"elementor-widget-container\">\n\t\t\t\t\t\t\t\t\t<p><strong>Recentrage strat\u00e9gique sur l\u2019Europe :<\/strong> Fin 2024, Amarenco a recentr\u00e9 strat\u00e9giquement ses activit\u00e9s sur l\u2019Europe, en coh\u00e9rence avec ses objectifs r\u00e9g\u00e9n\u00e9ratifs et de r\u00e9silience.<\/p><p><strong>Leadership dans le stockage d\u2019\u00e9nergie :<\/strong> Amarenco a consolid\u00e9 sa position de leader dans le stockage d\u2019\u00e9nergie, notamment gr\u00e2ce au site Claudia, devenu une r\u00e9f\u00e9rence dans le secteur.<\/p><p><strong>D\u00e9ploiement renforc\u00e9 du programme ECHO :<\/strong> Le programme ECHO a \u00e9t\u00e9 consid\u00e9rablement amplifi\u00e9 pour int\u00e9grer davantage les pratiques r\u00e9g\u00e9n\u00e9ratives dans les op\u00e9rations d\u2019Amarenco.<\/p>\t\t\t\t\t\t\t\t<\/div>\n\t\t\t\t<\/div>\n\t\t\t\t\t<\/div>\n\t\t\t\t<\/div>\n\t\t\t\t<\/div>\n\t\t","protected":false},"excerpt":{"rendered":"<p>Entreprise HISTORIQUE APER\u00c7U ET \u00c9VOLUTIONS 2024 Fond\u00e9e en Irlande en 2013, Amarenco est une entreprise engag\u00e9e dans les \u00e9nergies renouvelables, notamment l\u2019\u00e9nergie solaire photovolta\u00efque, qui \u00e9tend progressivement ses activit\u00e9s au stockage de l\u2019\u00e9nergie. Son nom, inspir\u00e9 de la fleur d\u2019amarante, symbolise la r\u00e9silience et la vitalit\u00e9. Au fil des ann\u00e9es, Amarenco a su \u00e9voluer avec [&hellip;]<\/p>\n","protected":false},"author":1,"featured_media":5787,"parent":0,"menu_order":0,"comment_status":"closed","ping_status":"closed","template":"elementor_header_footer","meta":{"footnotes":""},"class_list":["post-6340","page","type-page","status-publish","has-post-thumbnail","hentry"],"_links":{"self":[{"href":"https:\/\/sustainability2024.amarencogroup.com\/fr\/wp-json\/wp\/v2\/pages\/6340","targetHints":{"allow":["GET"]}}],"collection":[{"href":"https:\/\/sustainability2024.amarencogroup.com\/fr\/wp-json\/wp\/v2\/pages"}],"about":[{"href":"https:\/\/sustainability2024.amarencogroup.com\/fr\/wp-json\/wp\/v2\/types\/page"}],"author":[{"embeddable":true,"href":"https:\/\/sustainability2024.amarencogroup.com\/fr\/wp-json\/wp\/v2\/users\/1"}],"replies":[{"embeddable":true,"href":"https:\/\/sustainability2024.amarencogroup.com\/fr\/wp-json\/wp\/v2\/comments?post=6340"}],"version-history":[{"count":9,"href":"https:\/\/sustainability2024.amarencogroup.com\/fr\/wp-json\/wp\/v2\/pages\/6340\/revisions"}],"predecessor-version":[{"id":7124,"href":"https:\/\/sustainability2024.amarencogroup.com\/fr\/wp-json\/wp\/v2\/pages\/6340\/revisions\/7124"}],"wp:featuredmedia":[{"embeddable":true,"href":"https:\/\/sustainability2024.amarencogroup.com\/fr\/wp-json\/wp\/v2\/media\/5787"}],"wp:attachment":[{"href":"https:\/\/sustainability2024.amarencogroup.com\/fr\/wp-json\/wp\/v2\/media?parent=6340"}],"curies":[{"name":"wp","href":"https:\/\/api.w.org\/{rel}","templated":true}]}}