{"id":6357,"date":"2025-07-09T13:48:29","date_gmt":"2025-07-09T11:48:29","guid":{"rendered":"https:\/\/sustainability2024.amarencogroup.com\/entreprise-vision\/"},"modified":"2025-09-23T16:00:11","modified_gmt":"2025-09-23T14:00:11","slug":"entreprise-vision","status":"publish","type":"page","link":"https:\/\/sustainability2024.amarencogroup.com\/fr\/entreprise-vision\/","title":{"rendered":"Entreprise &#8211; Vision"},"content":{"rendered":"\t\t<div data-elementor-type=\"wp-page\" data-elementor-id=\"6357\" class=\"elementor elementor-6357 elementor-2550\" data-elementor-post-type=\"page\">\n\t\t\t\t<div class=\"elementor-element elementor-element-82fa36a e-con-full e-flex e-con e-parent\" data-id=\"82fa36a\" data-element_type=\"container\" data-e-type=\"container\" data-settings=\"{&quot;background_background&quot;:&quot;classic&quot;}\">\n\t\t<div class=\"elementor-element elementor-element-7f4b5e7 e-con-full e-flex e-con e-child\" data-id=\"7f4b5e7\" data-element_type=\"container\" data-e-type=\"container\">\n\t\t\t\t<div class=\"elementor-element elementor-element-410b597 elementor-widget elementor-widget-heading\" data-id=\"410b597\" data-element_type=\"widget\" data-e-type=\"widget\" data-widget_type=\"heading.default\">\n\t\t\t\t<div class=\"elementor-widget-container\">\n\t\t\t\t\t<h2 class=\"elementor-heading-title elementor-size-default\">Entreprise<\/h2>\t\t\t\t<\/div>\n\t\t\t\t<\/div>\n\t\t\t\t<div class=\"elementor-element elementor-element-a3603f3 elementor-widget-divider--view-line elementor-widget elementor-widget-divider\" data-id=\"a3603f3\" data-element_type=\"widget\" data-e-type=\"widget\" data-widget_type=\"divider.default\">\n\t\t\t\t<div class=\"elementor-widget-container\">\n\t\t\t\t\t\t\t<div class=\"elementor-divider\">\n\t\t\t<span class=\"elementor-divider-separator\">\n\t\t\t\t\t\t<\/span>\n\t\t<\/div>\n\t\t\t\t\t\t<\/div>\n\t\t\t\t<\/div>\n\t\t\t\t<\/div>\n\t\t\t\t<div class=\"elementor-element elementor-element-43e4ef4 elementor-widget elementor-widget-heading\" data-id=\"43e4ef4\" data-element_type=\"widget\" data-e-type=\"widget\" data-settings=\"{&quot;_animation&quot;:&quot;none&quot;,&quot;_animation_mobile&quot;:&quot;none&quot;}\" data-widget_type=\"heading.default\">\n\t\t\t\t<div class=\"elementor-widget-container\">\n\t\t\t\t\t<h2 class=\"elementor-heading-title elementor-size-default\">VISION<\/h2>\t\t\t\t<\/div>\n\t\t\t\t<\/div>\n\t\t\t\t<div class=\"elementor-element elementor-element-f243682 elementor-widget elementor-widget-heading\" data-id=\"f243682\" data-element_type=\"widget\" data-e-type=\"widget\" data-settings=\"{&quot;_animation_mobile&quot;:&quot;none&quot;}\" data-widget_type=\"heading.default\">\n\t\t\t\t<div class=\"elementor-widget-container\">\n\t\t\t\t\t<h2 class=\"elementor-heading-title elementor-size-default\">DES \u00c9LECTRONS R\u00c9G\u00c9N\u00c9RATIFS POUR L'EUROPE<\/h2>\t\t\t\t<\/div>\n\t\t\t\t<\/div>\n\t\t\t\t<\/div>\n\t\t<div class=\"elementor-element elementor-element-8da8e34 e-flex e-con-boxed e-con e-parent\" data-id=\"8da8e34\" data-element_type=\"container\" data-e-type=\"container\" data-settings=\"{&quot;background_background&quot;:&quot;classic&quot;}\">\n\t\t\t\t\t<div class=\"e-con-inner\">\n\t\t\t\t<div class=\"elementor-element elementor-element-891e077 elementor-widget elementor-widget-heading\" data-id=\"891e077\" data-element_type=\"widget\" data-e-type=\"widget\" data-widget_type=\"heading.default\">\n\t\t\t\t<div class=\"elementor-widget-container\">\n\t\t\t\t\t<h1 class=\"elementor-heading-title elementor-size-default\">Un IPP qui alimente l\u2019Europe en \u00e9lectrons r\u00e9g\u00e9n\u00e9ratifs<\/h1>\t\t\t\t<\/div>\n\t\t\t\t<\/div>\n\t\t\t\t<div class=\"elementor-element elementor-element-117ecf1 elementor-widget elementor-widget-text-editor\" data-id=\"117ecf1\" data-element_type=\"widget\" data-e-type=\"widget\" data-widget_type=\"text-editor.default\">\n\t\t\t\t<div class=\"elementor-widget-container\">\n\t\t\t\t\t\t\t\t\t<p>Une entreprise de production solaire ind\u00e9pendante (IPP) et de stockage d\u2019\u00e9nergie, concentr\u00e9e sur <strong>5 pays<\/strong> (France, Irlande, Autriche, Espagne et Portugal).<\/p><p>Notre entreprise, un acteur europ\u00e9en de la production d&rsquo;\u00e9nergie photovolta\u00efque au Portugal, en France, en Espagne, en Irlande et en Autriche, s&rsquo;engage \u00e0 d\u00e9passer les standards de d\u00e9carbonation. Nous d\u00e9veloppons des programmes de r\u00e9g\u00e9n\u00e9ration des sols \u00e0 proximit\u00e9 de nos centrales solaires afin de restaurer les \u00e9cosyst\u00e8mes, favoriser la biodiversit\u00e9 et renforcer la capture naturelle du carbone.  <\/p>\t\t\t\t\t\t\t\t<\/div>\n\t\t\t\t<\/div>\n\t\t\t\t\t<\/div>\n\t\t\t\t<\/div>\n\t\t<div class=\"elementor-element elementor-element-5957eb1 e-flex e-con-boxed e-con e-parent\" data-id=\"5957eb1\" data-element_type=\"container\" data-e-type=\"container\" data-settings=\"{&quot;background_background&quot;:&quot;classic&quot;}\">\n\t\t\t\t\t<div class=\"e-con-inner\">\n\t\t\t\t<div class=\"elementor-element elementor-element-a224058 elementor-widget elementor-widget-image\" data-id=\"a224058\" data-element_type=\"widget\" data-e-type=\"widget\" data-widget_type=\"image.default\">\n\t\t\t\t<div class=\"elementor-widget-container\">\n\t\t\t\t\t\t\t\t\t\t\t\t\t\t\t<img fetchpriority=\"high\" decoding=\"async\" width=\"1920\" height=\"1080\" src=\"https:\/\/sustainability2024.amarencogroup.com\/wp-content\/uploads\/2025\/08\/vision-2-FR.webp\" class=\"attachment-full size-full wp-image-5940\" alt=\"\" srcset=\"https:\/\/sustainability2024.amarencogroup.com\/wp-content\/uploads\/2025\/08\/vision-2-FR.webp 1920w, https:\/\/sustainability2024.amarencogroup.com\/wp-content\/uploads\/2025\/08\/vision-2-FR-300x169.webp 300w, https:\/\/sustainability2024.amarencogroup.com\/wp-content\/uploads\/2025\/08\/vision-2-FR-1024x576.webp 1024w, https:\/\/sustainability2024.amarencogroup.com\/wp-content\/uploads\/2025\/08\/vision-2-FR-768x432.webp 768w, https:\/\/sustainability2024.amarencogroup.com\/wp-content\/uploads\/2025\/08\/vision-2-FR-1536x864.webp 1536w\" sizes=\"(max-width: 1920px) 100vw, 1920px\" \/>\t\t\t\t\t\t\t\t\t\t\t\t\t\t\t<\/div>\n\t\t\t\t<\/div>\n\t\t\t\t\t<\/div>\n\t\t\t\t<\/div>\n\t\t<div class=\"elementor-element elementor-element-fddc686 e-flex e-con-boxed e-con e-parent\" data-id=\"fddc686\" data-element_type=\"container\" data-e-type=\"container\" data-settings=\"{&quot;background_background&quot;:&quot;classic&quot;}\">\n\t\t\t\t\t<div class=\"e-con-inner\">\n\t\t\t\t<div class=\"elementor-element elementor-element-92392ea elementor-widget elementor-widget-text-editor\" data-id=\"92392ea\" data-element_type=\"widget\" data-e-type=\"widget\" data-widget_type=\"text-editor.default\">\n\t\t\t\t<div class=\"elementor-widget-container\">\n\t\t\t\t\t\t\t\t\t<p>\u00ab\u00a0Notre objectif est de g\u00e9n\u00e9rer un impact environnemental positif et durable sur les \u00e9cosyst\u00e8mes locaux o\u00f9 nous d\u00e9ployons nos projets, d&rsquo;accompagner nos partenaires entreprises dans l&rsquo;atteinte de leurs objectifs de durabilit\u00e9, et de remplir notre propre engagement de neutralit\u00e9 carbone d&rsquo;ici 2050.<\/p><p>Nous sommes convaincus que l&rsquo;\u00e9cologie et l&rsquo;\u00e9conomie peuvent et doivent \u00eatre concili\u00e9es. C&rsquo;est pourquoi nous nous engageons \u00e0 partager de mani\u00e8re transparente des indicateurs et des donn\u00e9es concr\u00e8tes dans notre rapport de d\u00e9veloppement durable, d\u00e9montrant la viabilit\u00e9 et la performance de ce nouveau mod\u00e8le. <\/p><p>Alimenter l\u2019Europe en \u00e9lectrons r\u00e9g\u00e9n\u00e9ratifs : une \u00e9nergie propre, renouvelable et responsable au b\u00e9n\u00e9fice des territoires et des g\u00e9n\u00e9rations futures.<\/p>\t\t\t\t\t\t\t\t<\/div>\n\t\t\t\t<\/div>\n\t\t\t\t\t<\/div>\n\t\t\t\t<\/div>\n\t\t\t\t<\/div>\n\t\t","protected":false},"excerpt":{"rendered":"<p>Entreprise VISION DES \u00c9LECTRONS R\u00c9G\u00c9N\u00c9RATIFS POUR L&rsquo;EUROPE Un IPP qui alimente l\u2019Europe en \u00e9lectrons r\u00e9g\u00e9n\u00e9ratifs Une entreprise de production solaire ind\u00e9pendante (IPP) et de stockage d\u2019\u00e9nergie, concentr\u00e9e sur 5 pays (France, Irlande, Autriche, Espagne et Portugal). Notre entreprise, un acteur europ\u00e9en de la production d&rsquo;\u00e9nergie photovolta\u00efque au Portugal, en France, en Espagne, en Irlande et [&hellip;]<\/p>\n","protected":false},"author":1,"featured_media":5788,"parent":0,"menu_order":0,"comment_status":"closed","ping_status":"closed","template":"elementor_header_footer","meta":{"footnotes":""},"class_list":["post-6357","page","type-page","status-publish","has-post-thumbnail","hentry"],"_links":{"self":[{"href":"https:\/\/sustainability2024.amarencogroup.com\/fr\/wp-json\/wp\/v2\/pages\/6357","targetHints":{"allow":["GET"]}}],"collection":[{"href":"https:\/\/sustainability2024.amarencogroup.com\/fr\/wp-json\/wp\/v2\/pages"}],"about":[{"href":"https:\/\/sustainability2024.amarencogroup.com\/fr\/wp-json\/wp\/v2\/types\/page"}],"author":[{"embeddable":true,"href":"https:\/\/sustainability2024.amarencogroup.com\/fr\/wp-json\/wp\/v2\/users\/1"}],"replies":[{"embeddable":true,"href":"https:\/\/sustainability2024.amarencogroup.com\/fr\/wp-json\/wp\/v2\/comments?post=6357"}],"version-history":[{"count":9,"href":"https:\/\/sustainability2024.amarencogroup.com\/fr\/wp-json\/wp\/v2\/pages\/6357\/revisions"}],"predecessor-version":[{"id":7157,"href":"https:\/\/sustainability2024.amarencogroup.com\/fr\/wp-json\/wp\/v2\/pages\/6357\/revisions\/7157"}],"wp:featuredmedia":[{"embeddable":true,"href":"https:\/\/sustainability2024.amarencogroup.com\/fr\/wp-json\/wp\/v2\/media\/5788"}],"wp:attachment":[{"href":"https:\/\/sustainability2024.amarencogroup.com\/fr\/wp-json\/wp\/v2\/media?parent=6357"}],"curies":[{"name":"wp","href":"https:\/\/api.w.org\/{rel}","templated":true}]}}