{"id":6369,"date":"2025-07-09T14:35:52","date_gmt":"2025-07-09T12:35:52","guid":{"rendered":"https:\/\/sustainability2024.amarencogroup.com\/entreprise-notre-feuille-de-route\/"},"modified":"2025-09-23T15:39:17","modified_gmt":"2025-09-23T13:39:17","slug":"entreprise-notre-feuille-de-route","status":"publish","type":"page","link":"https:\/\/sustainability2024.amarencogroup.com\/fr\/entreprise-notre-feuille-de-route\/","title":{"rendered":"Entreprise &#8211; NOTRE FEUILLE DE ROUTE"},"content":{"rendered":"\t\t<div data-elementor-type=\"wp-page\" data-elementor-id=\"6369\" class=\"elementor elementor-6369 elementor-2595\" data-elementor-post-type=\"page\">\n\t\t\t\t<div class=\"elementor-element elementor-element-82fa36a e-con-full e-flex e-con e-parent\" data-id=\"82fa36a\" data-element_type=\"container\" data-e-type=\"container\" data-settings=\"{&quot;background_background&quot;:&quot;classic&quot;}\">\n\t\t<div class=\"elementor-element elementor-element-7f4b5e7 e-con-full e-flex e-con e-child\" data-id=\"7f4b5e7\" data-element_type=\"container\" data-e-type=\"container\">\n\t\t\t\t<div class=\"elementor-element elementor-element-410b597 elementor-widget elementor-widget-heading\" data-id=\"410b597\" data-element_type=\"widget\" data-e-type=\"widget\" data-widget_type=\"heading.default\">\n\t\t\t\t<div class=\"elementor-widget-container\">\n\t\t\t\t\t<h2 class=\"elementor-heading-title elementor-size-default\">Entreprise<\/h2>\t\t\t\t<\/div>\n\t\t\t\t<\/div>\n\t\t\t\t<div class=\"elementor-element elementor-element-a3603f3 elementor-widget-divider--view-line elementor-widget elementor-widget-divider\" data-id=\"a3603f3\" data-element_type=\"widget\" data-e-type=\"widget\" data-widget_type=\"divider.default\">\n\t\t\t\t<div class=\"elementor-widget-container\">\n\t\t\t\t\t\t\t<div class=\"elementor-divider\">\n\t\t\t<span class=\"elementor-divider-separator\">\n\t\t\t\t\t\t<\/span>\n\t\t<\/div>\n\t\t\t\t\t\t<\/div>\n\t\t\t\t<\/div>\n\t\t\t\t<\/div>\n\t\t\t\t<div class=\"elementor-element elementor-element-43e4ef4 elementor-widget elementor-widget-heading\" data-id=\"43e4ef4\" data-element_type=\"widget\" data-e-type=\"widget\" data-settings=\"{&quot;_animation&quot;:&quot;none&quot;,&quot;_animation_mobile&quot;:&quot;none&quot;}\" data-widget_type=\"heading.default\">\n\t\t\t\t<div class=\"elementor-widget-container\">\n\t\t\t\t\t<h1 class=\"elementor-heading-title elementor-size-default\">NOTRE FEUILLE DE ROUTE<\/h1>\t\t\t\t<\/div>\n\t\t\t\t<\/div>\n\t\t\t\t<div class=\"elementor-element elementor-element-f243682 elementor-widget elementor-widget-heading\" data-id=\"f243682\" data-element_type=\"widget\" data-e-type=\"widget\" data-settings=\"{&quot;_animation_mobile&quot;:&quot;none&quot;}\" data-widget_type=\"heading.default\">\n\t\t\t\t<div class=\"elementor-widget-container\">\n\t\t\t\t\t<h2 class=\"elementor-heading-title elementor-size-default\">FOCUS SUR 2024\/2025<\/h2>\t\t\t\t<\/div>\n\t\t\t\t<\/div>\n\t\t\t\t<\/div>\n\t\t<div class=\"elementor-element elementor-element-9a863a2 e-flex e-con-boxed e-con e-parent\" data-id=\"9a863a2\" data-element_type=\"container\" data-e-type=\"container\" data-settings=\"{&quot;background_background&quot;:&quot;classic&quot;}\">\n\t\t\t\t\t<div class=\"e-con-inner\">\n\t\t\t\t\t<\/div>\n\t\t\t\t<\/div>\n\t\t<div class=\"elementor-element elementor-element-ed20019 e-grid e-con-boxed e-con e-parent\" data-id=\"ed20019\" data-element_type=\"container\" data-e-type=\"container\" data-settings=\"{&quot;background_background&quot;:&quot;classic&quot;}\">\n\t\t\t\t\t<div class=\"e-con-inner\">\n\t\t<div class=\"elementor-element elementor-element-ed2f8cd e-con-full e-flex e-con e-child\" data-id=\"ed2f8cd\" data-element_type=\"container\" data-e-type=\"container\">\n\t\t\t\t<div class=\"elementor-element elementor-element-8f9df11 elementor-widget elementor-widget-spacer\" data-id=\"8f9df11\" data-element_type=\"widget\" data-e-type=\"widget\" data-widget_type=\"spacer.default\">\n\t\t\t\t<div class=\"elementor-widget-container\">\n\t\t\t\t\t\t\t<div class=\"elementor-spacer\">\n\t\t\t<div class=\"elementor-spacer-inner\"><\/div>\n\t\t<\/div>\n\t\t\t\t\t\t<\/div>\n\t\t\t\t<\/div>\n\t\t<div class=\"elementor-element elementor-element-7cba7e8 e-con-full e-flex e-con e-child\" data-id=\"7cba7e8\" data-element_type=\"container\" data-e-type=\"container\" data-settings=\"{&quot;background_background&quot;:&quot;classic&quot;}\">\n\t\t<div class=\"elementor-element elementor-element-f130279 e-con-full e-flex e-con e-child\" data-id=\"f130279\" data-element_type=\"container\" data-e-type=\"container\">\n\t\t\t\t<div class=\"elementor-element elementor-element-7735106 elementor-widget elementor-widget-heading\" data-id=\"7735106\" data-element_type=\"widget\" data-e-type=\"widget\" data-widget_type=\"heading.default\">\n\t\t\t\t<div class=\"elementor-widget-container\">\n\t\t\t\t\t<h2 class=\"elementor-heading-title elementor-size-default\">2022<\/h2>\t\t\t\t<\/div>\n\t\t\t\t<\/div>\n\t\t\t\t<div class=\"elementor-element elementor-element-8a1a0dc elementor-widget-divider--view-line elementor-widget elementor-widget-divider\" data-id=\"8a1a0dc\" data-element_type=\"widget\" data-e-type=\"widget\" data-widget_type=\"divider.default\">\n\t\t\t\t<div class=\"elementor-widget-container\">\n\t\t\t\t\t\t\t<div class=\"elementor-divider\">\n\t\t\t<span class=\"elementor-divider-separator\">\n\t\t\t\t\t\t<\/span>\n\t\t<\/div>\n\t\t\t\t\t\t<\/div>\n\t\t\t\t<\/div>\n\t\t\t\t<div class=\"elementor-element elementor-element-66a796c elementor-widget elementor-widget-heading\" data-id=\"66a796c\" data-element_type=\"widget\" data-e-type=\"widget\" data-widget_type=\"heading.default\">\n\t\t\t\t<div class=\"elementor-widget-container\">\n\t\t\t\t\t<h2 class=\"elementor-heading-title elementor-size-default\">2023<\/h2>\t\t\t\t<\/div>\n\t\t\t\t<\/div>\n\t\t\t\t<\/div>\n\t\t\t\t<\/div>\n\t\t<div class=\"elementor-element elementor-element-be9a53c e-con-full e-flex e-con e-child\" data-id=\"be9a53c\" data-element_type=\"container\" data-e-type=\"container\" data-settings=\"{&quot;background_background&quot;:&quot;classic&quot;}\">\n\t\t\t\t<div class=\"elementor-element elementor-element-a5e1879 elementor-widget elementor-widget-heading\" data-id=\"a5e1879\" data-element_type=\"widget\" data-e-type=\"widget\" data-widget_type=\"heading.default\">\n\t\t\t\t<div class=\"elementor-widget-container\">\n\t\t\t\t\t<h2 class=\"elementor-heading-title elementor-size-default\">PIONNIERS<\/h2>\t\t\t\t<\/div>\n\t\t\t\t<\/div>\n\t\t\t\t<\/div>\n\t\t<div class=\"elementor-element elementor-element-a38e325 e-con-full e-flex e-con e-child\" data-id=\"a38e325\" data-element_type=\"container\" data-e-type=\"container\" data-settings=\"{&quot;background_background&quot;:&quot;classic&quot;}\">\n\t\t\t\t<div class=\"elementor-element elementor-element-b76ad6d elementor-widget elementor-widget-text-editor\" data-id=\"b76ad6d\" data-element_type=\"widget\" data-e-type=\"widget\" data-widget_type=\"text-editor.default\">\n\t\t\t\t<div class=\"elementor-widget-container\">\n\t\t\t\t\t\t\t\t\t<p class=\"p1\"><span class=\"s1\"><b>D\u00e9finir le potentiel de r\u00e9g\u00e9n\u00e9ration, identifier des solutions, lancer des projets pilotes<\/b><\/span><\/p>\t\t\t\t\t\t\t\t<\/div>\n\t\t\t\t<\/div>\n\t\t\t\t<\/div>\n\t\t\t\t<\/div>\n\t\t<div class=\"elementor-element elementor-element-1af90d4 e-con-full e-flex e-con e-child\" data-id=\"1af90d4\" data-element_type=\"container\" data-e-type=\"container\">\n\t\t\t\t<div class=\"elementor-element elementor-element-39b31a0 elementor-widget elementor-widget-spacer\" data-id=\"39b31a0\" data-element_type=\"widget\" data-e-type=\"widget\" data-widget_type=\"spacer.default\">\n\t\t\t\t<div class=\"elementor-widget-container\">\n\t\t\t\t\t\t\t<div class=\"elementor-spacer\">\n\t\t\t<div class=\"elementor-spacer-inner\"><\/div>\n\t\t<\/div>\n\t\t\t\t\t\t<\/div>\n\t\t\t\t<\/div>\n\t\t<div class=\"elementor-element elementor-element-5ef911b e-con-full e-flex e-con e-child\" data-id=\"5ef911b\" data-element_type=\"container\" data-e-type=\"container\" data-settings=\"{&quot;background_background&quot;:&quot;classic&quot;,&quot;animation&quot;:&quot;none&quot;,&quot;animation_widescreen&quot;:&quot;none&quot;,&quot;animation_laptop&quot;:&quot;none&quot;}\">\n\t\t<div class=\"elementor-element elementor-element-0de68a9 e-con-full e-flex e-con e-child\" data-id=\"0de68a9\" data-element_type=\"container\" data-e-type=\"container\">\n\t\t\t\t<div class=\"elementor-element elementor-element-4f304c3 elementor-widget elementor-widget-heading\" data-id=\"4f304c3\" data-element_type=\"widget\" data-e-type=\"widget\" data-widget_type=\"heading.default\">\n\t\t\t\t<div class=\"elementor-widget-container\">\n\t\t\t\t\t<h2 class=\"elementor-heading-title elementor-size-default\">2024<\/h2>\t\t\t\t<\/div>\n\t\t\t\t<\/div>\n\t\t\t\t<div class=\"elementor-element elementor-element-7ac8907 elementor-widget-divider--view-line elementor-widget elementor-widget-divider\" data-id=\"7ac8907\" data-element_type=\"widget\" data-e-type=\"widget\" data-widget_type=\"divider.default\">\n\t\t\t\t<div class=\"elementor-widget-container\">\n\t\t\t\t\t\t\t<div class=\"elementor-divider\">\n\t\t\t<span class=\"elementor-divider-separator\">\n\t\t\t\t\t\t<\/span>\n\t\t<\/div>\n\t\t\t\t\t\t<\/div>\n\t\t\t\t<\/div>\n\t\t\t\t<div class=\"elementor-element elementor-element-ae4e373 elementor-widget elementor-widget-heading\" data-id=\"ae4e373\" data-element_type=\"widget\" data-e-type=\"widget\" data-widget_type=\"heading.default\">\n\t\t\t\t<div class=\"elementor-widget-container\">\n\t\t\t\t\t<h2 class=\"elementor-heading-title elementor-size-default\">2025<\/h2>\t\t\t\t<\/div>\n\t\t\t\t<\/div>\n\t\t\t\t<\/div>\n\t\t\t\t<\/div>\n\t\t<div class=\"elementor-element elementor-element-dbc7c61 e-con-full e-flex e-con e-child\" data-id=\"dbc7c61\" data-element_type=\"container\" data-e-type=\"container\" data-settings=\"{&quot;background_background&quot;:&quot;classic&quot;}\">\n\t\t\t\t<div class=\"elementor-element elementor-element-d09dff4 elementor-widget elementor-widget-heading\" data-id=\"d09dff4\" data-element_type=\"widget\" data-e-type=\"widget\" data-widget_type=\"heading.default\">\n\t\t\t\t<div class=\"elementor-widget-container\">\n\t\t\t\t\t<h2 class=\"elementor-heading-title elementor-size-default\">UNIFICATEURS<\/h2>\t\t\t\t<\/div>\n\t\t\t\t<\/div>\n\t\t\t\t<\/div>\n\t\t<div class=\"elementor-element elementor-element-fb270fe e-con-full e-flex e-con e-child\" data-id=\"fb270fe\" data-element_type=\"container\" data-e-type=\"container\" data-settings=\"{&quot;background_background&quot;:&quot;classic&quot;}\">\n\t\t\t\t<div class=\"elementor-element elementor-element-8271915 elementor-widget elementor-widget-text-editor\" data-id=\"8271915\" data-element_type=\"widget\" data-e-type=\"widget\" data-widget_type=\"text-editor.default\">\n\t\t\t\t<div class=\"elementor-widget-container\">\n\t\t\t\t\t\t\t\t\t<p class=\"p1\"><span class=\"s1\"><b>Appliquer les solutions ECHO \u00e0 notre portefeuille<\/b><\/span><\/p>\t\t\t\t\t\t\t\t<\/div>\n\t\t\t\t<\/div>\n\t\t\t\t<\/div>\n\t\t\t\t<\/div>\n\t\t<div class=\"elementor-element elementor-element-bc54c58 e-con-full e-flex e-con e-child\" data-id=\"bc54c58\" data-element_type=\"container\" data-e-type=\"container\">\n\t\t<div class=\"elementor-element elementor-element-7007f66 e-con-full e-flex e-con e-child\" data-id=\"7007f66\" data-element_type=\"container\" data-e-type=\"container\" data-settings=\"{&quot;background_background&quot;:&quot;classic&quot;}\">\n\t\t<div class=\"elementor-element elementor-element-710ce77 e-con-full e-flex e-con e-child\" data-id=\"710ce77\" data-element_type=\"container\" data-e-type=\"container\">\n\t\t\t\t<div class=\"elementor-element elementor-element-ed71d5d elementor-widget elementor-widget-heading\" data-id=\"ed71d5d\" data-element_type=\"widget\" data-e-type=\"widget\" data-widget_type=\"heading.default\">\n\t\t\t\t<div class=\"elementor-widget-container\">\n\t\t\t\t\t<h2 class=\"elementor-heading-title elementor-size-default\">2025<\/h2>\t\t\t\t<\/div>\n\t\t\t\t<\/div>\n\t\t\t\t<div class=\"elementor-element elementor-element-3486d54 elementor-widget-divider--view-line elementor-widget elementor-widget-divider\" data-id=\"3486d54\" data-element_type=\"widget\" data-e-type=\"widget\" data-widget_type=\"divider.default\">\n\t\t\t\t<div class=\"elementor-widget-container\">\n\t\t\t\t\t\t\t<div class=\"elementor-divider\">\n\t\t\t<span class=\"elementor-divider-separator\">\n\t\t\t\t\t\t<\/span>\n\t\t<\/div>\n\t\t\t\t\t\t<\/div>\n\t\t\t\t<\/div>\n\t\t\t\t<div class=\"elementor-element elementor-element-11b1dad elementor-widget elementor-widget-heading\" data-id=\"11b1dad\" data-element_type=\"widget\" data-e-type=\"widget\" data-widget_type=\"heading.default\">\n\t\t\t\t<div class=\"elementor-widget-container\">\n\t\t\t\t\t<h2 class=\"elementor-heading-title elementor-size-default\">2030<\/h2>\t\t\t\t<\/div>\n\t\t\t\t<\/div>\n\t\t\t\t<\/div>\n\t\t\t\t<\/div>\n\t\t<div class=\"elementor-element elementor-element-c1191fc e-con-full e-flex e-con e-child\" data-id=\"c1191fc\" data-element_type=\"container\" data-e-type=\"container\" data-settings=\"{&quot;background_background&quot;:&quot;classic&quot;}\">\n\t\t\t\t<div class=\"elementor-element elementor-element-4098b32 elementor-widget elementor-widget-heading\" data-id=\"4098b32\" data-element_type=\"widget\" data-e-type=\"widget\" data-widget_type=\"heading.default\">\n\t\t\t\t<div class=\"elementor-widget-container\">\n\t\t\t\t\t<h2 class=\"elementor-heading-title elementor-size-default\">ACTEURS DU CHANGEMENT<\/h2>\t\t\t\t<\/div>\n\t\t\t\t<\/div>\n\t\t\t\t<\/div>\n\t\t<div class=\"elementor-element elementor-element-fe41e8f e-con-full e-flex e-con e-child\" data-id=\"fe41e8f\" data-element_type=\"container\" data-e-type=\"container\" data-settings=\"{&quot;background_background&quot;:&quot;classic&quot;}\">\n\t\t\t\t<div class=\"elementor-element elementor-element-a473003 elementor-widget elementor-widget-text-editor\" data-id=\"a473003\" data-element_type=\"widget\" data-e-type=\"widget\" data-widget_type=\"text-editor.default\">\n\t\t\t\t<div class=\"elementor-widget-container\">\n\t\t\t\t\t\t\t\t\t<p class=\"p1\"><span class=\"s1\"><b>Changer l&rsquo;\u00e9chelle de nos impacts<\/b><\/span><\/p>\t\t\t\t\t\t\t\t<\/div>\n\t\t\t\t<\/div>\n\t\t\t\t<\/div>\n\t\t\t\t<\/div>\n\t\t<div class=\"elementor-element elementor-element-029570d e-con-full e-flex e-con e-child\" data-id=\"029570d\" data-element_type=\"container\" data-e-type=\"container\">\n\t\t<div class=\"elementor-element elementor-element-630e4d5 e-con-full e-flex e-con e-child\" data-id=\"630e4d5\" data-element_type=\"container\" data-e-type=\"container\" data-settings=\"{&quot;background_background&quot;:&quot;classic&quot;}\">\n\t\t<div class=\"elementor-element elementor-element-7b6c8c3 e-con-full e-flex e-con e-child\" data-id=\"7b6c8c3\" data-element_type=\"container\" data-e-type=\"container\">\n\t\t\t\t<div class=\"elementor-element elementor-element-14784c1 elementor-widget elementor-widget-heading\" data-id=\"14784c1\" data-element_type=\"widget\" data-e-type=\"widget\" data-widget_type=\"heading.default\">\n\t\t\t\t<div class=\"elementor-widget-container\">\n\t\t\t\t\t<h2 class=\"elementor-heading-title elementor-size-default\">2030<\/h2>\t\t\t\t<\/div>\n\t\t\t\t<\/div>\n\t\t\t\t<div class=\"elementor-element elementor-element-31a096b elementor-widget-divider--view-line elementor-widget elementor-widget-divider\" data-id=\"31a096b\" data-element_type=\"widget\" data-e-type=\"widget\" data-widget_type=\"divider.default\">\n\t\t\t\t<div class=\"elementor-widget-container\">\n\t\t\t\t\t\t\t<div class=\"elementor-divider\">\n\t\t\t<span class=\"elementor-divider-separator\">\n\t\t\t\t\t\t<\/span>\n\t\t<\/div>\n\t\t\t\t\t\t<\/div>\n\t\t\t\t<\/div>\n\t\t\t\t<div class=\"elementor-element elementor-element-e7cd6b8 elementor-widget elementor-widget-heading\" data-id=\"e7cd6b8\" data-element_type=\"widget\" data-e-type=\"widget\" data-widget_type=\"heading.default\">\n\t\t\t\t<div class=\"elementor-widget-container\">\n\t\t\t\t\t<h2 class=\"elementor-heading-title elementor-size-default\">2050<\/h2>\t\t\t\t<\/div>\n\t\t\t\t<\/div>\n\t\t\t\t<\/div>\n\t\t\t\t<\/div>\n\t\t<div class=\"elementor-element elementor-element-d53cb40 e-con-full e-flex e-con e-child\" data-id=\"d53cb40\" data-element_type=\"container\" data-e-type=\"container\" data-settings=\"{&quot;background_background&quot;:&quot;classic&quot;}\">\n\t\t\t\t<div class=\"elementor-element elementor-element-0971e27 elementor-widget elementor-widget-heading\" data-id=\"0971e27\" data-element_type=\"widget\" data-e-type=\"widget\" data-widget_type=\"heading.default\">\n\t\t\t\t<div class=\"elementor-widget-container\">\n\t\t\t\t\t<h2 class=\"elementor-heading-title elementor-size-default\">R\u00c9G\u00c9N\u00c9RATION<\/h2>\t\t\t\t<\/div>\n\t\t\t\t<\/div>\n\t\t\t\t<\/div>\n\t\t<div class=\"elementor-element elementor-element-39b997c e-con-full e-flex e-con e-child\" data-id=\"39b997c\" data-element_type=\"container\" data-e-type=\"container\" data-settings=\"{&quot;background_background&quot;:&quot;classic&quot;}\">\n\t\t\t\t<div class=\"elementor-element elementor-element-e24a21a elementor-widget elementor-widget-text-editor\" data-id=\"e24a21a\" data-element_type=\"widget\" data-e-type=\"widget\" data-widget_type=\"text-editor.default\">\n\t\t\t\t<div class=\"elementor-widget-container\">\n\t\t\t\t\t\t\t\t\t<p class=\"p1\"><span class=\"s1\"><b>S&rsquo;adapter \u00e0 l&rsquo;\u00e9volution de la r\u00e9alit\u00e9 \u00e9cologique de notre monde alors que les r\u00e9sultats de la r\u00e9g\u00e9n\u00e9ration deviennent visibles<\/b><\/span><\/p>\t\t\t\t\t\t\t\t<\/div>\n\t\t\t\t<\/div>\n\t\t\t\t<\/div>\n\t\t\t\t<div class=\"elementor-element elementor-element-23e2188 elementor-widget elementor-widget-spacer\" data-id=\"23e2188\" data-element_type=\"widget\" data-e-type=\"widget\" data-widget_type=\"spacer.default\">\n\t\t\t\t<div class=\"elementor-widget-container\">\n\t\t\t\t\t\t\t<div class=\"elementor-spacer\">\n\t\t\t<div class=\"elementor-spacer-inner\"><\/div>\n\t\t<\/div>\n\t\t\t\t\t\t<\/div>\n\t\t\t\t<\/div>\n\t\t\t\t<\/div>\n\t\t\t\t\t<\/div>\n\t\t\t\t<\/div>\n\t\t<div class=\"elementor-element elementor-element-8da8e34 e-flex e-con-boxed e-con e-parent\" data-id=\"8da8e34\" data-element_type=\"container\" data-e-type=\"container\" data-settings=\"{&quot;background_background&quot;:&quot;classic&quot;}\">\n\t\t\t\t\t<div class=\"e-con-inner\">\n\t\t<div class=\"elementor-element elementor-element-b13b11f e-con-full e-flex e-con e-child\" data-id=\"b13b11f\" data-element_type=\"container\" data-e-type=\"container\">\n\t\t<div class=\"elementor-element elementor-element-948845a e-con-full e-flex e-con e-child\" data-id=\"948845a\" data-element_type=\"container\" data-e-type=\"container\" data-settings=\"{&quot;background_background&quot;:&quot;classic&quot;,&quot;animation&quot;:&quot;none&quot;,&quot;animation_widescreen&quot;:&quot;none&quot;,&quot;animation_laptop&quot;:&quot;none&quot;}\">\n\t\t<div class=\"elementor-element elementor-element-e14ab98 e-con-full e-flex e-con e-child\" data-id=\"e14ab98\" data-element_type=\"container\" data-e-type=\"container\">\n\t\t\t\t<div class=\"elementor-element elementor-element-16e5eec elementor-widget elementor-widget-heading\" data-id=\"16e5eec\" data-element_type=\"widget\" data-e-type=\"widget\" data-widget_type=\"heading.default\">\n\t\t\t\t<div class=\"elementor-widget-container\">\n\t\t\t\t\t<h2 class=\"elementor-heading-title elementor-size-default\">2024<\/h2>\t\t\t\t<\/div>\n\t\t\t\t<\/div>\n\t\t\t\t<div class=\"elementor-element elementor-element-236f23a elementor-widget-divider--view-line elementor-widget elementor-widget-divider\" data-id=\"236f23a\" data-element_type=\"widget\" data-e-type=\"widget\" data-widget_type=\"divider.default\">\n\t\t\t\t<div class=\"elementor-widget-container\">\n\t\t\t\t\t\t\t<div class=\"elementor-divider\">\n\t\t\t<span class=\"elementor-divider-separator\">\n\t\t\t\t\t\t<\/span>\n\t\t<\/div>\n\t\t\t\t\t\t<\/div>\n\t\t\t\t<\/div>\n\t\t\t\t<div class=\"elementor-element elementor-element-64f5c7e elementor-widget elementor-widget-heading\" data-id=\"64f5c7e\" data-element_type=\"widget\" data-e-type=\"widget\" data-widget_type=\"heading.default\">\n\t\t\t\t<div class=\"elementor-widget-container\">\n\t\t\t\t\t<h2 class=\"elementor-heading-title elementor-size-default\">2025<\/h2>\t\t\t\t<\/div>\n\t\t\t\t<\/div>\n\t\t\t\t<\/div>\n\t\t\t\t<\/div>\n\t\t\t\t<\/div>\n\t\t\t\t<div class=\"elementor-element elementor-element-3aa342b elementor-widget elementor-widget-heading\" data-id=\"3aa342b\" data-element_type=\"widget\" data-e-type=\"widget\" data-widget_type=\"heading.default\">\n\t\t\t\t<div class=\"elementor-widget-container\">\n\t\t\t\t\t<h2 class=\"elementor-heading-title elementor-size-default\">Nous en sommes ici !<\/h2>\t\t\t\t<\/div>\n\t\t\t\t<\/div>\n\t\t\t\t<div class=\"elementor-element elementor-element-c6b119a elementor-widget elementor-widget-heading\" data-id=\"c6b119a\" data-element_type=\"widget\" data-e-type=\"widget\" data-widget_type=\"heading.default\">\n\t\t\t\t<div class=\"elementor-widget-container\">\n\t\t\t\t\t<h2 class=\"elementor-heading-title elementor-size-default\">Appliquer les solutions ECHO \u00e0 notre portefeuille<\/h2>\t\t\t\t<\/div>\n\t\t\t\t<\/div>\n\t\t\t\t<div class=\"elementor-element elementor-element-117ecf1 elementor-widget elementor-widget-text-editor\" data-id=\"117ecf1\" data-element_type=\"widget\" data-e-type=\"widget\" data-widget_type=\"text-editor.default\">\n\t\t\t\t<div class=\"elementor-widget-container\">\n\t\t\t\t\t\t\t\t\t<p>Dans un paysage \u00e9co-\u00e9nerg\u00e9tique mondial en \u00e9volution rapide, les \u00e9nergies renouvelables doivent d\u00e9sormais s\u2019imposer comme des solutions essentielles et durables face \u00e0 l\u2019aggravation de la crise climatique. Le d\u00e9veloppement d\u2019approches innovantes qui acc\u00e9l\u00e8rent la capture du carbone, soutiennent les trajectoires net-z\u00e9ro et restaurent la biodiversit\u00e9 est devenu une n\u00e9cessit\u00e9 strat\u00e9gique. De telles initiatives jouent un r\u00f4le cl\u00e9 pour am\u00e9liorer la compr\u00e9hension, l\u2019acceptation et l\u2019efficacit\u00e9 op\u00e9rationnelle des solutions photovolta\u00efques, facilitant ainsi leur d\u00e9ploiement \u00e0 grande \u00e9chelle. Les programmes ECHO incarnent clairement cet engagement et en fournissent des preuves tangibles.   <\/p><p>Amarenco lance des contrats d\u2019achat d\u2019\u00e9lectricit\u00e9 (PPA) innovants bas\u00e9s sur la production d\u2019\u00e9lectricit\u00e9 \u00ab r\u00e9g\u00e9n\u00e9rative \u00bb, ciblant directement les grandes entreprises \u00e9nergivores et engag\u00e9es. D\u2019ici 2050, Amarenco vise \u00e0 atteindre 25 GW de capacit\u00e9 install\u00e9e et \u00e0 devenir une entreprise \u00e0 impact carbone nul. Elle soutient des projets d\u2019agroforesterie et de restauration des sols, g\u00e9n\u00e9rant un impact environnemental positif, soutenant les communaut\u00e9s locales et promouvant des pratiques durables.<br>Ces initiatives s\u2019alignent sur l\u2019objectif fran\u00e7ais de Z\u00e9ro Artificialisation Nette (ZAN), qui vise \u00e0 r\u00e9duire de moiti\u00e9 la consommation d\u2019espaces naturels, agricoles et forestiers d\u2019ici 2031 et \u00e0 atteindre le ZAN d\u2019ici 2050. Les actions d\u2019Amarenco contribuent directement \u00e0 pr\u00e9server la biodiversit\u00e9, \u00e0 limiter le changement climatique, \u00e0 r\u00e9duire la d\u00e9gradation des sols et \u00e0 prot\u00e9ger la capacit\u00e9 agricole. L\u2019entreprise applique la m\u00eame feuille de route et les m\u00eames crit\u00e8res de durabilit\u00e9 \u00e0 ses projets de stockage d\u2019\u00e9nergie, en coh\u00e9rence avec ses programmes ECHO.     <\/p>\t\t\t\t\t\t\t\t<\/div>\n\t\t\t\t<\/div>\n\t\t\t\t\t<\/div>\n\t\t\t\t<\/div>\n\t\t<div class=\"elementor-element elementor-element-fcde403 e-grid e-con-boxed e-con e-parent\" data-id=\"fcde403\" data-element_type=\"container\" data-e-type=\"container\" data-settings=\"{&quot;background_background&quot;:&quot;classic&quot;}\">\n\t\t\t\t\t<div class=\"e-con-inner\">\n\t\t\t\t<div class=\"elementor-element elementor-element-2de9eb2 elementor-widget elementor-widget-spacer\" data-id=\"2de9eb2\" data-element_type=\"widget\" data-e-type=\"widget\" data-widget_type=\"spacer.default\">\n\t\t\t\t<div class=\"elementor-widget-container\">\n\t\t\t\t\t\t\t<div class=\"elementor-spacer\">\n\t\t\t<div class=\"elementor-spacer-inner\"><\/div>\n\t\t<\/div>\n\t\t\t\t\t\t<\/div>\n\t\t\t\t<\/div>\n\t\t\t\t\t<\/div>\n\t\t\t\t<\/div>\n\t\t\t\t<\/div>\n\t\t","protected":false},"excerpt":{"rendered":"<p>Entreprise NOTRE FEUILLE DE ROUTE FOCUS SUR 2024\/2025 2022 2023 PIONNIERS D\u00e9finir le potentiel de r\u00e9g\u00e9n\u00e9ration, identifier des solutions, lancer des projets pilotes 2024 2025 UNIFICATEURS Appliquer les solutions ECHO \u00e0 notre portefeuille 2025 2030 ACTEURS DU CHANGEMENT Changer l&rsquo;\u00e9chelle de nos impacts 2030 2050 R\u00c9G\u00c9N\u00c9RATION S&rsquo;adapter \u00e0 l&rsquo;\u00e9volution de la r\u00e9alit\u00e9 \u00e9cologique de notre [&hellip;]<\/p>\n","protected":false},"author":1,"featured_media":5808,"parent":0,"menu_order":0,"comment_status":"closed","ping_status":"closed","template":"elementor_header_footer","meta":{"footnotes":""},"class_list":["post-6369","page","type-page","status-publish","has-post-thumbnail","hentry"],"_links":{"self":[{"href":"https:\/\/sustainability2024.amarencogroup.com\/fr\/wp-json\/wp\/v2\/pages\/6369","targetHints":{"allow":["GET"]}}],"collection":[{"href":"https:\/\/sustainability2024.amarencogroup.com\/fr\/wp-json\/wp\/v2\/pages"}],"about":[{"href":"https:\/\/sustainability2024.amarencogroup.com\/fr\/wp-json\/wp\/v2\/types\/page"}],"author":[{"embeddable":true,"href":"https:\/\/sustainability2024.amarencogroup.com\/fr\/wp-json\/wp\/v2\/users\/1"}],"replies":[{"embeddable":true,"href":"https:\/\/sustainability2024.amarencogroup.com\/fr\/wp-json\/wp\/v2\/comments?post=6369"}],"version-history":[{"count":5,"href":"https:\/\/sustainability2024.amarencogroup.com\/fr\/wp-json\/wp\/v2\/pages\/6369\/revisions"}],"predecessor-version":[{"id":7133,"href":"https:\/\/sustainability2024.amarencogroup.com\/fr\/wp-json\/wp\/v2\/pages\/6369\/revisions\/7133"}],"wp:featuredmedia":[{"embeddable":true,"href":"https:\/\/sustainability2024.amarencogroup.com\/fr\/wp-json\/wp\/v2\/media\/5808"}],"wp:attachment":[{"href":"https:\/\/sustainability2024.amarencogroup.com\/fr\/wp-json\/wp\/v2\/media?parent=6369"}],"curies":[{"name":"wp","href":"https:\/\/api.w.org\/{rel}","templated":true}]}}