{"id":6377,"date":"2025-07-09T13:51:24","date_gmt":"2025-07-09T11:51:24","guid":{"rendered":"https:\/\/sustainability2024.amarencogroup.com\/entreprise-nos-valeurs\/"},"modified":"2025-09-23T15:40:46","modified_gmt":"2025-09-23T13:40:46","slug":"entreprise-nos-valeurs","status":"publish","type":"page","link":"https:\/\/sustainability2024.amarencogroup.com\/fr\/entreprise-nos-valeurs\/","title":{"rendered":"Entreprise &#8211; Nos valeurs"},"content":{"rendered":"\t\t<div data-elementor-type=\"wp-page\" data-elementor-id=\"6377\" class=\"elementor elementor-6377 elementor-2558\" data-elementor-post-type=\"page\">\n\t\t\t\t<div class=\"elementor-element elementor-element-82fa36a e-con-full e-flex e-con e-parent\" data-id=\"82fa36a\" data-element_type=\"container\" data-e-type=\"container\" data-settings=\"{&quot;background_background&quot;:&quot;classic&quot;}\">\n\t\t<div class=\"elementor-element elementor-element-7f4b5e7 e-con-full e-flex e-con e-child\" data-id=\"7f4b5e7\" data-element_type=\"container\" data-e-type=\"container\">\n\t\t\t\t<div class=\"elementor-element elementor-element-410b597 elementor-widget elementor-widget-heading\" data-id=\"410b597\" data-element_type=\"widget\" data-e-type=\"widget\" data-widget_type=\"heading.default\">\n\t\t\t\t<div class=\"elementor-widget-container\">\n\t\t\t\t\t<h2 class=\"elementor-heading-title elementor-size-default\">Entreprise<\/h2>\t\t\t\t<\/div>\n\t\t\t\t<\/div>\n\t\t\t\t<div class=\"elementor-element elementor-element-a3603f3 elementor-widget-divider--view-line elementor-widget elementor-widget-divider\" data-id=\"a3603f3\" data-element_type=\"widget\" data-e-type=\"widget\" data-widget_type=\"divider.default\">\n\t\t\t\t<div class=\"elementor-widget-container\">\n\t\t\t\t\t\t\t<div class=\"elementor-divider\">\n\t\t\t<span class=\"elementor-divider-separator\">\n\t\t\t\t\t\t<\/span>\n\t\t<\/div>\n\t\t\t\t\t\t<\/div>\n\t\t\t\t<\/div>\n\t\t\t\t<\/div>\n\t\t\t\t<div class=\"elementor-element elementor-element-43e4ef4 elementor-widget elementor-widget-heading\" data-id=\"43e4ef4\" data-element_type=\"widget\" data-e-type=\"widget\" data-settings=\"{&quot;_animation&quot;:&quot;none&quot;,&quot;_animation_mobile&quot;:&quot;none&quot;}\" data-widget_type=\"heading.default\">\n\t\t\t\t<div class=\"elementor-widget-container\">\n\t\t\t\t\t<h1 class=\"elementor-heading-title elementor-size-default\">NOS VALEURS<\/h1>\t\t\t\t<\/div>\n\t\t\t\t<\/div>\n\t\t\t\t<div class=\"elementor-element elementor-element-f243682 elementor-widget elementor-widget-heading\" data-id=\"f243682\" data-element_type=\"widget\" data-e-type=\"widget\" data-settings=\"{&quot;_animation_mobile&quot;:&quot;none&quot;}\" data-widget_type=\"heading.default\">\n\t\t\t\t<div class=\"elementor-widget-container\">\n\t\t\t\t\t<h2 class=\"elementor-heading-title elementor-size-default\">NOS CINQ FONDAMENTAUX<\/h2>\t\t\t\t<\/div>\n\t\t\t\t<\/div>\n\t\t\t\t<\/div>\n\t\t<div class=\"elementor-element elementor-element-8da8e34 e-flex e-con-boxed e-con e-parent\" data-id=\"8da8e34\" data-element_type=\"container\" data-e-type=\"container\" data-settings=\"{&quot;background_background&quot;:&quot;classic&quot;}\">\n\t\t\t\t\t<div class=\"e-con-inner\">\n\t\t\t\t<div class=\"elementor-element elementor-element-891e077 elementor-widget elementor-widget-heading\" data-id=\"891e077\" data-element_type=\"widget\" data-e-type=\"widget\" data-widget_type=\"heading.default\">\n\t\t\t\t<div class=\"elementor-widget-container\">\n\t\t\t\t\t<h2 class=\"elementor-heading-title elementor-size-default\">Cette voie vers un avenir durable repose sur cinq valeurs fondamentales qui guident chacune de nos actions.\n<\/h2>\t\t\t\t<\/div>\n\t\t\t\t<\/div>\n\t\t\t\t<div class=\"elementor-element elementor-element-117ecf1 elementor-widget elementor-widget-text-editor\" data-id=\"117ecf1\" data-element_type=\"widget\" data-e-type=\"widget\" data-widget_type=\"text-editor.default\">\n\t\t\t\t<div class=\"elementor-widget-container\">\n\t\t\t\t\t\t\t\t\t<p>Nous pla\u00e7ons l\u2019\u00e9cologie humaine au c\u0153ur de notre mission : pr\u00e9server l\u2019\u00e9quilibre fragile entre les \u00eatres vivants, les \u00e9cosyst\u00e8mes et les soci\u00e9t\u00e9s humaines. Cet \u00e9quilibre est le fondement m\u00eame de notre engagement, travailler avec conviction pour offrir une voie diff\u00e9rente, plus responsable et plus saine aux g\u00e9n\u00e9rations futures. <\/p><p>Pour r\u00e9aliser cette vision, nous restons agiles, combinant innovation technologique et principes de r\u00e9g\u00e9n\u00e9ration, tout en attirant des talents anim\u00e9s par la m\u00eame volont\u00e9 de changement positif.<\/p><p>Avec un esprit d&rsquo;\u00e9claireur, nous ouvrons de nouvelles voies, exp\u00e9rimentons et inspirons les autres \u00e0 adopter des solutions audacieuses et durables.<\/p><p>Enfin, nous nous engageons \u00e0 rassembler : construire des ponts entre les exigences \u00e9conomiques et les imp\u00e9ratifs \u00e9cologiques, et faciliter des processus de m\u00e9diation qui favorisent l&rsquo;harmonie.<\/p><p>En combinant ces cinq forces, nous visons un d\u00e9veloppement \u00e0 impact positif avec pour objectif d&rsquo;atteindre le net z\u00e9ro d&rsquo;ici 2050. Alimenter l\u2019Europe en \u00e9lectrons r\u00e9g\u00e9n\u00e9ratifs : une \u00e9nergie propre, renouvelable et responsable au b\u00e9n\u00e9fice des territoires et des g\u00e9n\u00e9rations futures.<\/p>\t\t\t\t\t\t\t\t<\/div>\n\t\t\t\t<\/div>\n\t\t\t\t\t<\/div>\n\t\t\t\t<\/div>\n\t\t<div class=\"elementor-element elementor-element-945a02c e-flex e-con-boxed e-con e-parent\" data-id=\"945a02c\" data-element_type=\"container\" data-e-type=\"container\" data-settings=\"{&quot;background_background&quot;:&quot;classic&quot;}\">\n\t\t\t\t\t<div class=\"e-con-inner\">\n\t\t\t\t<div class=\"elementor-element elementor-element-8a0f9d1 elementor-widget elementor-widget-image\" data-id=\"8a0f9d1\" data-element_type=\"widget\" data-e-type=\"widget\" data-widget_type=\"image.default\">\n\t\t\t\t<div class=\"elementor-widget-container\">\n\t\t\t\t\t\t\t\t\t\t\t\t\t\t\t<img fetchpriority=\"high\" decoding=\"async\" width=\"1344\" height=\"587\" src=\"https:\/\/sustainability2024.amarencogroup.com\/wp-content\/uploads\/2025\/07\/side-by-side-1.webp\" class=\"attachment-full size-full wp-image-5844\" alt=\"\" srcset=\"https:\/\/sustainability2024.amarencogroup.com\/wp-content\/uploads\/2025\/07\/side-by-side-1.webp 1344w, https:\/\/sustainability2024.amarencogroup.com\/wp-content\/uploads\/2025\/07\/side-by-side-1-300x131.webp 300w, https:\/\/sustainability2024.amarencogroup.com\/wp-content\/uploads\/2025\/07\/side-by-side-1-1024x447.webp 1024w, https:\/\/sustainability2024.amarencogroup.com\/wp-content\/uploads\/2025\/07\/side-by-side-1-768x335.webp 768w\" sizes=\"(max-width: 1344px) 100vw, 1344px\" \/>\t\t\t\t\t\t\t\t\t\t\t\t\t\t\t<\/div>\n\t\t\t\t<\/div>\n\t\t\t\t\t<\/div>\n\t\t\t\t<\/div>\n\t\t<div class=\"elementor-element elementor-element-a9c7c28 e-flex e-con-boxed e-con e-parent\" data-id=\"a9c7c28\" data-element_type=\"container\" data-e-type=\"container\" data-settings=\"{&quot;background_background&quot;:&quot;classic&quot;}\">\n\t\t\t\t\t<div class=\"e-con-inner\">\n\t\t<div class=\"elementor-element elementor-element-2f4cf55 e-con-full e-flex e-con e-child\" data-id=\"2f4cf55\" data-element_type=\"container\" data-e-type=\"container\">\n\t\t<div class=\"elementor-element elementor-element-dc6f21c e-con-full e-flex e-con e-child\" data-id=\"dc6f21c\" data-element_type=\"container\" data-e-type=\"container\">\n\t\t\t\t<div class=\"elementor-element elementor-element-5f6a635 elementor-widget elementor-widget-image\" data-id=\"5f6a635\" data-element_type=\"widget\" data-e-type=\"widget\" data-widget_type=\"image.default\">\n\t\t\t\t<div class=\"elementor-widget-container\">\n\t\t\t\t\t\t\t\t\t\t\t\t\t\t\t<img decoding=\"async\" width=\"200\" height=\"200\" src=\"https:\/\/sustainability2024.amarencogroup.com\/wp-content\/uploads\/2025\/06\/pictos-corporate-values-HUMAN_ECOLOGY.webp\" class=\"attachment-large size-large wp-image-5670\" alt=\"\" srcset=\"https:\/\/sustainability2024.amarencogroup.com\/wp-content\/uploads\/2025\/06\/pictos-corporate-values-HUMAN_ECOLOGY.webp 200w, https:\/\/sustainability2024.amarencogroup.com\/wp-content\/uploads\/2025\/06\/pictos-corporate-values-HUMAN_ECOLOGY-150x150.webp 150w\" sizes=\"(max-width: 200px) 100vw, 200px\" \/>\t\t\t\t\t\t\t\t\t\t\t\t\t\t\t<\/div>\n\t\t\t\t<\/div>\n\t\t\t\t<\/div>\n\t\t<div class=\"elementor-element elementor-element-8f06c41 e-con-full e-flex e-con e-child\" data-id=\"8f06c41\" data-element_type=\"container\" data-e-type=\"container\">\n\t\t\t\t<div class=\"elementor-element elementor-element-2095cbe elementor-widget elementor-widget-heading\" data-id=\"2095cbe\" data-element_type=\"widget\" data-e-type=\"widget\" data-widget_type=\"heading.default\">\n\t\t\t\t<div class=\"elementor-widget-container\">\n\t\t\t\t\t<h2 class=\"elementor-heading-title elementor-size-default\">\u00c9COLOGIE HUMAINE<\/h2>\t\t\t\t<\/div>\n\t\t\t\t<\/div>\n\t\t\t\t<div class=\"elementor-element elementor-element-d5552cf elementor-widget elementor-widget-text-editor\" data-id=\"d5552cf\" data-element_type=\"widget\" data-e-type=\"widget\" data-widget_type=\"text-editor.default\">\n\t\t\t\t<div class=\"elementor-widget-container\">\n\t\t\t\t\t\t\t\t\t<p>Valoriser les personnes et leurs talents, tout en respectant et en pr\u00e9servant les principes fondamentaux des \u00e9cosyst\u00e8mes vivants.<\/p>\t\t\t\t\t\t\t\t<\/div>\n\t\t\t\t<\/div>\n\t\t\t\t<\/div>\n\t\t\t\t<\/div>\n\t\t<div class=\"elementor-element elementor-element-ca1bb87 e-con-full e-flex e-con e-child\" data-id=\"ca1bb87\" data-element_type=\"container\" data-e-type=\"container\">\n\t\t<div class=\"elementor-element elementor-element-50e4fa9 e-con-full e-flex e-con e-child\" data-id=\"50e4fa9\" data-element_type=\"container\" data-e-type=\"container\">\n\t\t\t\t<div class=\"elementor-element elementor-element-8211363 elementor-widget elementor-widget-image\" data-id=\"8211363\" data-element_type=\"widget\" data-e-type=\"widget\" data-widget_type=\"image.default\">\n\t\t\t\t<div class=\"elementor-widget-container\">\n\t\t\t\t\t\t\t\t\t\t\t\t\t\t\t<img decoding=\"async\" width=\"200\" height=\"200\" src=\"https:\/\/sustainability2024.amarencogroup.com\/wp-content\/uploads\/2025\/06\/pictos-corporate-values-ENGAGEMENT.webp\" class=\"attachment-large size-large wp-image-5671\" alt=\"\" srcset=\"https:\/\/sustainability2024.amarencogroup.com\/wp-content\/uploads\/2025\/06\/pictos-corporate-values-ENGAGEMENT.webp 200w, https:\/\/sustainability2024.amarencogroup.com\/wp-content\/uploads\/2025\/06\/pictos-corporate-values-ENGAGEMENT-150x150.webp 150w\" sizes=\"(max-width: 200px) 100vw, 200px\" \/>\t\t\t\t\t\t\t\t\t\t\t\t\t\t\t<\/div>\n\t\t\t\t<\/div>\n\t\t\t\t<\/div>\n\t\t<div class=\"elementor-element elementor-element-cd55263 e-con-full e-flex e-con e-child\" data-id=\"cd55263\" data-element_type=\"container\" data-e-type=\"container\">\n\t\t\t\t<div class=\"elementor-element elementor-element-21a80ed elementor-widget elementor-widget-heading\" data-id=\"21a80ed\" data-element_type=\"widget\" data-e-type=\"widget\" data-widget_type=\"heading.default\">\n\t\t\t\t<div class=\"elementor-widget-container\">\n\t\t\t\t\t<h2 class=\"elementor-heading-title elementor-size-default\">ENGAGEMENT<\/h2>\t\t\t\t<\/div>\n\t\t\t\t<\/div>\n\t\t\t\t<div class=\"elementor-element elementor-element-844300d elementor-widget elementor-widget-text-editor\" data-id=\"844300d\" data-element_type=\"widget\" data-e-type=\"widget\" data-widget_type=\"text-editor.default\">\n\t\t\t\t<div class=\"elementor-widget-container\">\n\t\t\t\t\t\t\t\t\t<p>S\u2019engager \u00e0 atteindre nos objectifs dans des d\u00e9lais d\u00e9finis tout en impliquant activement toutes les parties prenantes tout au long du parcours, sur la base de la confiance et du respect.<\/p>\t\t\t\t\t\t\t\t<\/div>\n\t\t\t\t<\/div>\n\t\t\t\t<\/div>\n\t\t\t\t<\/div>\n\t\t<div class=\"elementor-element elementor-element-44286dc e-con-full e-flex e-con e-child\" data-id=\"44286dc\" data-element_type=\"container\" data-e-type=\"container\">\n\t\t<div class=\"elementor-element elementor-element-e6fde24 e-con-full e-flex e-con e-child\" data-id=\"e6fde24\" data-element_type=\"container\" data-e-type=\"container\">\n\t\t\t\t<div class=\"elementor-element elementor-element-67ec4b8 elementor-widget elementor-widget-image\" data-id=\"67ec4b8\" data-element_type=\"widget\" data-e-type=\"widget\" data-widget_type=\"image.default\">\n\t\t\t\t<div class=\"elementor-widget-container\">\n\t\t\t\t\t\t\t\t\t\t\t\t\t\t\t<img loading=\"lazy\" decoding=\"async\" width=\"200\" height=\"200\" src=\"https:\/\/sustainability2024.amarencogroup.com\/wp-content\/uploads\/2025\/06\/pictos-corporate-values-UNIFIER.webp\" class=\"attachment-large size-large wp-image-5672\" alt=\"\" srcset=\"https:\/\/sustainability2024.amarencogroup.com\/wp-content\/uploads\/2025\/06\/pictos-corporate-values-UNIFIER.webp 200w, https:\/\/sustainability2024.amarencogroup.com\/wp-content\/uploads\/2025\/06\/pictos-corporate-values-UNIFIER-150x150.webp 150w\" sizes=\"(max-width: 200px) 100vw, 200px\" \/>\t\t\t\t\t\t\t\t\t\t\t\t\t\t\t<\/div>\n\t\t\t\t<\/div>\n\t\t\t\t<\/div>\n\t\t<div class=\"elementor-element elementor-element-4ede4f9 e-con-full e-flex e-con e-child\" data-id=\"4ede4f9\" data-element_type=\"container\" data-e-type=\"container\">\n\t\t\t\t<div class=\"elementor-element elementor-element-ba360d2 elementor-widget elementor-widget-heading\" data-id=\"ba360d2\" data-element_type=\"widget\" data-e-type=\"widget\" data-widget_type=\"heading.default\">\n\t\t\t\t<div class=\"elementor-widget-container\">\n\t\t\t\t\t<h2 class=\"elementor-heading-title elementor-size-default\">UNIFICATEUR<\/h2>\t\t\t\t<\/div>\n\t\t\t\t<\/div>\n\t\t\t\t<div class=\"elementor-element elementor-element-8f91baf elementor-widget elementor-widget-text-editor\" data-id=\"8f91baf\" data-element_type=\"widget\" data-e-type=\"widget\" data-widget_type=\"text-editor.default\">\n\t\t\t\t<div class=\"elementor-widget-container\">\n\t\t\t\t\t\t\t\t\t<p>C\u00e9l\u00e9brer l&rsquo;individualit\u00e9 et la diversit\u00e9 comme sources de force et d&rsquo;unit\u00e9.<\/p>\t\t\t\t\t\t\t\t<\/div>\n\t\t\t\t<\/div>\n\t\t\t\t<\/div>\n\t\t\t\t<\/div>\n\t\t<div class=\"elementor-element elementor-element-c5c34de e-con-full e-flex e-con e-child\" data-id=\"c5c34de\" data-element_type=\"container\" data-e-type=\"container\">\n\t\t<div class=\"elementor-element elementor-element-3dd71ae e-con-full e-flex e-con e-child\" data-id=\"3dd71ae\" data-element_type=\"container\" data-e-type=\"container\">\n\t\t\t\t<div class=\"elementor-element elementor-element-9763a2d elementor-widget elementor-widget-image\" data-id=\"9763a2d\" data-element_type=\"widget\" data-e-type=\"widget\" data-widget_type=\"image.default\">\n\t\t\t\t<div class=\"elementor-widget-container\">\n\t\t\t\t\t\t\t\t\t\t\t\t\t\t\t<img loading=\"lazy\" decoding=\"async\" width=\"200\" height=\"200\" src=\"https:\/\/sustainability2024.amarencogroup.com\/wp-content\/uploads\/2025\/06\/pictos-corporate-values-TRAILBLAZER.webp\" class=\"attachment-large size-large wp-image-5673\" alt=\"\" srcset=\"https:\/\/sustainability2024.amarencogroup.com\/wp-content\/uploads\/2025\/06\/pictos-corporate-values-TRAILBLAZER.webp 200w, https:\/\/sustainability2024.amarencogroup.com\/wp-content\/uploads\/2025\/06\/pictos-corporate-values-TRAILBLAZER-150x150.webp 150w\" sizes=\"(max-width: 200px) 100vw, 200px\" \/>\t\t\t\t\t\t\t\t\t\t\t\t\t\t\t<\/div>\n\t\t\t\t<\/div>\n\t\t\t\t<\/div>\n\t\t<div class=\"elementor-element elementor-element-73940bb e-con-full e-flex e-con e-child\" data-id=\"73940bb\" data-element_type=\"container\" data-e-type=\"container\">\n\t\t\t\t<div class=\"elementor-element elementor-element-3ae8f7b elementor-widget elementor-widget-heading\" data-id=\"3ae8f7b\" data-element_type=\"widget\" data-e-type=\"widget\" data-widget_type=\"heading.default\">\n\t\t\t\t<div class=\"elementor-widget-container\">\n\t\t\t\t\t<h2 class=\"elementor-heading-title elementor-size-default\">\u00c9CLAIREUR (PIONNIER)<\/h2>\t\t\t\t<\/div>\n\t\t\t\t<\/div>\n\t\t\t\t<div class=\"elementor-element elementor-element-9d1ca3a elementor-widget elementor-widget-text-editor\" data-id=\"9d1ca3a\" data-element_type=\"widget\" data-e-type=\"widget\" data-widget_type=\"text-editor.default\">\n\t\t\t\t<div class=\"elementor-widget-container\">\n\t\t\t\t\t\t\t\t\t<p>Encourager la cr\u00e9ation continue pour un renouvellement durable.<\/p>\t\t\t\t\t\t\t\t<\/div>\n\t\t\t\t<\/div>\n\t\t\t\t<\/div>\n\t\t\t\t<\/div>\n\t\t<div class=\"elementor-element elementor-element-9e11f67 e-con-full e-flex e-con e-child\" data-id=\"9e11f67\" data-element_type=\"container\" data-e-type=\"container\">\n\t\t<div class=\"elementor-element elementor-element-4b85be9 e-con-full e-flex e-con e-child\" data-id=\"4b85be9\" data-element_type=\"container\" data-e-type=\"container\">\n\t\t\t\t<div class=\"elementor-element elementor-element-cc7a003 elementor-widget elementor-widget-image\" data-id=\"cc7a003\" data-element_type=\"widget\" data-e-type=\"widget\" data-widget_type=\"image.default\">\n\t\t\t\t<div class=\"elementor-widget-container\">\n\t\t\t\t\t\t\t\t\t\t\t\t\t\t\t<img loading=\"lazy\" decoding=\"async\" width=\"200\" height=\"200\" src=\"https:\/\/sustainability2024.amarencogroup.com\/wp-content\/uploads\/2025\/06\/pictos-corporate-values-AGILITY.webp\" class=\"attachment-large size-large wp-image-5674\" alt=\"\" srcset=\"https:\/\/sustainability2024.amarencogroup.com\/wp-content\/uploads\/2025\/06\/pictos-corporate-values-AGILITY.webp 200w, https:\/\/sustainability2024.amarencogroup.com\/wp-content\/uploads\/2025\/06\/pictos-corporate-values-AGILITY-150x150.webp 150w\" sizes=\"(max-width: 200px) 100vw, 200px\" \/>\t\t\t\t\t\t\t\t\t\t\t\t\t\t\t<\/div>\n\t\t\t\t<\/div>\n\t\t\t\t<\/div>\n\t\t<div class=\"elementor-element elementor-element-87016e0 e-con-full e-flex e-con e-child\" data-id=\"87016e0\" data-element_type=\"container\" data-e-type=\"container\">\n\t\t\t\t<div class=\"elementor-element elementor-element-07c87c9 elementor-widget elementor-widget-heading\" data-id=\"07c87c9\" data-element_type=\"widget\" data-e-type=\"widget\" data-widget_type=\"heading.default\">\n\t\t\t\t<div class=\"elementor-widget-container\">\n\t\t\t\t\t<h2 class=\"elementor-heading-title elementor-size-default\">AGILIT\u00c9<\/h2>\t\t\t\t<\/div>\n\t\t\t\t<\/div>\n\t\t\t\t<div class=\"elementor-element elementor-element-a3c3064 elementor-widget elementor-widget-text-editor\" data-id=\"a3c3064\" data-element_type=\"widget\" data-e-type=\"widget\" data-widget_type=\"text-editor.default\">\n\t\t\t\t<div class=\"elementor-widget-container\">\n\t\t\t\t\t\t\t\t\t<p>L\u2019agilit\u00e9 d\u00e9signe la capacit\u00e9 de l\u2019organisation \u00e0 s\u2019adapter rapidement au changement gr\u00e2ce \u00e0 des \u00e9quipes autonomes et responsabilis\u00e9es, en favorisant la participation collaborative et l\u2019autonomie au sein de chaque \u00e9quipe.<\/p>\t\t\t\t\t\t\t\t<\/div>\n\t\t\t\t<\/div>\n\t\t\t\t<\/div>\n\t\t\t\t<\/div>\n\t\t\t\t\t<\/div>\n\t\t\t\t<\/div>\n\t\t\t\t<\/div>\n\t\t","protected":false},"excerpt":{"rendered":"<p>Entreprise NOS VALEURS NOS CINQ FONDAMENTAUX Cette voie vers un avenir durable repose sur cinq valeurs fondamentales qui guident chacune de nos actions. Nous pla\u00e7ons l\u2019\u00e9cologie humaine au c\u0153ur de notre mission : pr\u00e9server l\u2019\u00e9quilibre fragile entre les \u00eatres vivants, les \u00e9cosyst\u00e8mes et les soci\u00e9t\u00e9s humaines. Cet \u00e9quilibre est le fondement m\u00eame de notre engagement, [&hellip;]<\/p>\n","protected":false},"author":1,"featured_media":5789,"parent":0,"menu_order":0,"comment_status":"closed","ping_status":"closed","template":"elementor_header_footer","meta":{"footnotes":""},"class_list":["post-6377","page","type-page","status-publish","has-post-thumbnail","hentry"],"_links":{"self":[{"href":"https:\/\/sustainability2024.amarencogroup.com\/fr\/wp-json\/wp\/v2\/pages\/6377","targetHints":{"allow":["GET"]}}],"collection":[{"href":"https:\/\/sustainability2024.amarencogroup.com\/fr\/wp-json\/wp\/v2\/pages"}],"about":[{"href":"https:\/\/sustainability2024.amarencogroup.com\/fr\/wp-json\/wp\/v2\/types\/page"}],"author":[{"embeddable":true,"href":"https:\/\/sustainability2024.amarencogroup.com\/fr\/wp-json\/wp\/v2\/users\/1"}],"replies":[{"embeddable":true,"href":"https:\/\/sustainability2024.amarencogroup.com\/fr\/wp-json\/wp\/v2\/comments?post=6377"}],"version-history":[{"count":5,"href":"https:\/\/sustainability2024.amarencogroup.com\/fr\/wp-json\/wp\/v2\/pages\/6377\/revisions"}],"predecessor-version":[{"id":7137,"href":"https:\/\/sustainability2024.amarencogroup.com\/fr\/wp-json\/wp\/v2\/pages\/6377\/revisions\/7137"}],"wp:featuredmedia":[{"embeddable":true,"href":"https:\/\/sustainability2024.amarencogroup.com\/fr\/wp-json\/wp\/v2\/media\/5789"}],"wp:attachment":[{"href":"https:\/\/sustainability2024.amarencogroup.com\/fr\/wp-json\/wp\/v2\/media?parent=6377"}],"curies":[{"name":"wp","href":"https:\/\/api.w.org\/{rel}","templated":true}]}}