{"id":6384,"date":"2025-07-09T14:23:08","date_gmt":"2025-07-09T12:23:08","guid":{"rendered":"https:\/\/sustainability2024.amarencogroup.com\/entreprise-strategie-de-lentreprise\/"},"modified":"2025-09-23T15:29:11","modified_gmt":"2025-09-23T13:29:11","slug":"entreprise-strategie-de-lentreprise","status":"publish","type":"page","link":"https:\/\/sustainability2024.amarencogroup.com\/fr\/entreprise-strategie-de-lentreprise\/","title":{"rendered":"Entreprise &#8211; STRAT\u00c9GIE DE L&rsquo;ENTREPRISE"},"content":{"rendered":"\t\t<div data-elementor-type=\"wp-page\" data-elementor-id=\"6384\" class=\"elementor elementor-6384 elementor-2580\" data-elementor-post-type=\"page\">\n\t\t\t\t<div class=\"elementor-element elementor-element-82fa36a e-con-full e-flex e-con e-parent\" data-id=\"82fa36a\" data-element_type=\"container\" data-e-type=\"container\" data-settings=\"{&quot;background_background&quot;:&quot;classic&quot;}\">\n\t\t<div class=\"elementor-element elementor-element-7f4b5e7 e-con-full e-flex e-con e-child\" data-id=\"7f4b5e7\" data-element_type=\"container\" data-e-type=\"container\">\n\t\t\t\t<div class=\"elementor-element elementor-element-410b597 elementor-widget elementor-widget-heading\" data-id=\"410b597\" data-element_type=\"widget\" data-e-type=\"widget\" data-widget_type=\"heading.default\">\n\t\t\t\t<div class=\"elementor-widget-container\">\n\t\t\t\t\t<h2 class=\"elementor-heading-title elementor-size-default\">Entreprise<\/h2>\t\t\t\t<\/div>\n\t\t\t\t<\/div>\n\t\t\t\t<div class=\"elementor-element elementor-element-a3603f3 elementor-widget-divider--view-line elementor-widget elementor-widget-divider\" data-id=\"a3603f3\" data-element_type=\"widget\" data-e-type=\"widget\" data-widget_type=\"divider.default\">\n\t\t\t\t<div class=\"elementor-widget-container\">\n\t\t\t\t\t\t\t<div class=\"elementor-divider\">\n\t\t\t<span class=\"elementor-divider-separator\">\n\t\t\t\t\t\t<\/span>\n\t\t<\/div>\n\t\t\t\t\t\t<\/div>\n\t\t\t\t<\/div>\n\t\t\t\t<\/div>\n\t\t\t\t<div class=\"elementor-element elementor-element-43e4ef4 elementor-widget elementor-widget-heading\" data-id=\"43e4ef4\" data-element_type=\"widget\" data-e-type=\"widget\" data-settings=\"{&quot;_animation&quot;:&quot;none&quot;,&quot;_animation_mobile&quot;:&quot;none&quot;}\" data-widget_type=\"heading.default\">\n\t\t\t\t<div class=\"elementor-widget-container\">\n\t\t\t\t\t<h1 class=\"elementor-heading-title elementor-size-default\">STRAT\u00c9GIE DE L'ENTREPRISE<\/h1>\t\t\t\t<\/div>\n\t\t\t\t<\/div>\n\t\t\t\t<div class=\"elementor-element elementor-element-f243682 elementor-widget elementor-widget-heading\" data-id=\"f243682\" data-element_type=\"widget\" data-e-type=\"widget\" data-settings=\"{&quot;_animation_mobile&quot;:&quot;none&quot;}\" data-widget_type=\"heading.default\">\n\t\t\t\t<div class=\"elementor-widget-container\">\n\t\t\t\t\t<h2 class=\"elementor-heading-title elementor-size-default\">ALIGN\u00c9E SUR LES ODD<\/h2>\t\t\t\t<\/div>\n\t\t\t\t<\/div>\n\t\t\t\t<\/div>\n\t\t<div class=\"elementor-element elementor-element-8da8e34 e-flex e-con-boxed e-con e-parent\" data-id=\"8da8e34\" data-element_type=\"container\" data-e-type=\"container\" data-settings=\"{&quot;background_background&quot;:&quot;classic&quot;}\">\n\t\t\t\t\t<div class=\"e-con-inner\">\n\t\t\t\t<div class=\"elementor-element elementor-element-891e077 elementor-widget elementor-widget-heading\" data-id=\"891e077\" data-element_type=\"widget\" data-e-type=\"widget\" data-widget_type=\"heading.default\">\n\t\t\t\t<div class=\"elementor-widget-container\">\n\t\t\t\t\t<h2 class=\"elementor-heading-title elementor-size-default\">Notre strat\u00e9gie d'entreprise est align\u00e9e sur les d\u00e9fis mondiaux (ODD).<\/h2>\t\t\t\t<\/div>\n\t\t\t\t<\/div>\n\t\t\t\t<div class=\"elementor-element elementor-element-117ecf1 elementor-widget elementor-widget-text-editor\" data-id=\"117ecf1\" data-element_type=\"widget\" data-e-type=\"widget\" data-widget_type=\"text-editor.default\">\n\t\t\t\t<div class=\"elementor-widget-container\">\n\t\t\t\t\t\t\t\t\t<p><span style=\"color: #ff5c00;\"><strong>1. Lutte contre le changement climatique (ODD 13)<\/strong><\/span><br>L&rsquo;activit\u00e9 principale d&rsquo;Amarenco est l&rsquo;installation de centrales photovolta\u00efques, contribuant \u00e0 r\u00e9duire les \u00e9missions de CO\u2082 et \u00e0 limiter le r\u00e9chauffement climatique \u00e0 moins de 1,5 \u00b0C \u2014 conform\u00e9ment \u00e0 l&rsquo;Accord de Paris.<\/p><p><span style=\"color: #ff5c00;\"><strong>2. Vie terrestre, biodiversit\u00e9 et d\u00e9gradation des sols (ODD 15)<\/strong><\/span><br>\u00c0 travers son \u00ab Amarenco Pledge \u00bb, l\u2019entreprise investit dans le financement de ses programmes de r\u00e9g\u00e9n\u00e9ration des sols et de biodiversit\u00e9. Son programme ECHO restaure les sols vivants, promeut l\u2019agroforesterie, les micro-for\u00eats et les jardins forestiers, et participe \u00e0 l\u2019initiative 4 pour 1000.<\/p><p><span style=\"color: #ff5c00;\"><strong>3. Faim \u00ab z\u00e9ro \u00bb et agriculture durable (ODD 2)<\/strong><\/span><br>Les projets agrivolta\u00efques associ\u00e9s au programme ECHO pr\u00e9servent et augmentent la productivit\u00e9 agricole tout en renfor\u00e7ant la r\u00e9silience \u00e9cologique.<\/p><p><span style=\"color: #ff5c00;\"><strong>4. \u00c9nergie propre et d&rsquo;un co\u00fbt abordable (ODD 7)<\/strong><\/span><br>Amarenco se positionne comme un producteur d&rsquo;\u00e9nergie solaire \u00e0 faible co\u00fbt et \u00e0 faible carbone, cherchant \u00e0 d\u00e9mocratiser l&rsquo;acc\u00e8s \u00e0 une \u00e9nergie moderne et durable.<\/p><p><span style=\"color: #ff5c00;\"><strong>5. Travail d\u00e9cent, \u00e9galit\u00e9, diversit\u00e9 (ODD 5, 8)<\/strong><\/span><br>Amarenco valorise l&rsquo;\u00e9galit\u00e9 des genres : en France, l&rsquo;entreprise a obtenu un score de 82\/100 \u00e0 l&rsquo;index de l&rsquo;\u00e9galit\u00e9 professionnelle et vise 85. Une gouvernance ouverte repose sur la diversit\u00e9 (25 nationalit\u00e9s, multilinguisme), la non-discrimination, l&rsquo;accessibilit\u00e9 et la s\u00e9curit\u00e9 des employ\u00e9s, avec les certifications ISO 9001 et ISO 14001.<\/p>\t\t\t\t\t\t\t\t<\/div>\n\t\t\t\t<\/div>\n\t\t\t\t\t<\/div>\n\t\t\t\t<\/div>\n\t\t<div class=\"elementor-element elementor-element-0e25605 e-flex e-con-boxed e-con e-parent\" data-id=\"0e25605\" data-element_type=\"container\" data-e-type=\"container\" data-settings=\"{&quot;background_background&quot;:&quot;classic&quot;}\">\n\t\t\t\t\t<div class=\"e-con-inner\">\n\t\t<div class=\"elementor-element elementor-element-f012512 e-con-full e-flex e-con e-child\" data-id=\"f012512\" data-element_type=\"container\" data-e-type=\"container\" data-settings=\"{&quot;background_background&quot;:&quot;classic&quot;}\">\n\t\t<div class=\"elementor-element elementor-element-11442dd e-con-full e-flex e-con e-child\" data-id=\"11442dd\" data-element_type=\"container\" data-e-type=\"container\" data-settings=\"{&quot;background_background&quot;:&quot;classic&quot;}\">\n\t\t\t\t<div class=\"elementor-element elementor-element-9fc53ef elementor-widget elementor-widget-image\" data-id=\"9fc53ef\" data-element_type=\"widget\" data-e-type=\"widget\" data-widget_type=\"image.default\">\n\t\t\t\t<div class=\"elementor-widget-container\">\n\t\t\t\t\t\t\t\t\t\t\t\t\t\t\t<img decoding=\"async\" width=\"120\" height=\"110\" src=\"https:\/\/sustainability2024.amarencogroup.com\/wp-content\/uploads\/2025\/07\/Contain-global-warming.webp\" class=\"attachment-large size-large wp-image-5795\" alt=\"\" \/>\t\t\t\t\t\t\t\t\t\t\t\t\t\t\t<\/div>\n\t\t\t\t<\/div>\n\t\t\t\t<\/div>\n\t\t<div class=\"elementor-element elementor-element-44a0339 e-con-full e-flex e-con e-child\" data-id=\"44a0339\" data-element_type=\"container\" data-e-type=\"container\" data-settings=\"{&quot;background_background&quot;:&quot;classic&quot;}\">\n\t\t\t\t<div class=\"elementor-element elementor-element-66bc417 elementor-widget elementor-widget-heading\" data-id=\"66bc417\" data-element_type=\"widget\" data-e-type=\"widget\" data-widget_type=\"heading.default\">\n\t\t\t\t<div class=\"elementor-widget-container\">\n\t\t\t\t\t<h4 class=\"elementor-heading-title elementor-size-default\">Contenir le r\u00e9chauffement climatique &lt; 1,5 \u00b0C<\/h4>\t\t\t\t<\/div>\n\t\t\t\t<\/div>\n\t\t\t\t<\/div>\n\t\t<div class=\"elementor-element elementor-element-f49793a e-con-full e-flex e-con e-child\" data-id=\"f49793a\" data-element_type=\"container\" data-e-type=\"container\">\n\t\t\t\t<div class=\"elementor-element elementor-element-6c7087f elementor-widget elementor-widget-image\" data-id=\"6c7087f\" data-element_type=\"widget\" data-e-type=\"widget\" data-widget_type=\"image.default\">\n\t\t\t\t<div class=\"elementor-widget-container\">\n\t\t\t\t\t\t\t\t\t\t\t\t\t\t\t<img decoding=\"async\" width=\"207\" height=\"207\" src=\"https:\/\/sustainability2024.amarencogroup.com\/wp-content\/uploads\/2025\/08\/picto-global-compact-7-FR.webp\" class=\"attachment-large size-large wp-image-5796\" alt=\"\" srcset=\"https:\/\/sustainability2024.amarencogroup.com\/wp-content\/uploads\/2025\/08\/picto-global-compact-7-FR.webp 207w, https:\/\/sustainability2024.amarencogroup.com\/wp-content\/uploads\/2025\/08\/picto-global-compact-7-FR-150x150.webp 150w\" sizes=\"(max-width: 207px) 100vw, 207px\" \/>\t\t\t\t\t\t\t\t\t\t\t\t\t\t\t<\/div>\n\t\t\t\t<\/div>\n\t\t\t\t<\/div>\n\t\t<div class=\"elementor-element elementor-element-f2596ad e-con-full e-flex e-con e-child\" data-id=\"f2596ad\" data-element_type=\"container\" data-e-type=\"container\">\n\t\t\t\t<div class=\"elementor-element elementor-element-755321d elementor-widget elementor-widget-image\" data-id=\"755321d\" data-element_type=\"widget\" data-e-type=\"widget\" data-widget_type=\"image.default\">\n\t\t\t\t<div class=\"elementor-widget-container\">\n\t\t\t\t\t\t\t\t\t\t\t\t\t\t\t<img decoding=\"async\" width=\"207\" height=\"207\" src=\"https:\/\/sustainability2024.amarencogroup.com\/wp-content\/uploads\/2025\/08\/picto-global-compact-13-FR.webp\" class=\"attachment-large size-large wp-image-5797\" alt=\"\" srcset=\"https:\/\/sustainability2024.amarencogroup.com\/wp-content\/uploads\/2025\/08\/picto-global-compact-13-FR.webp 207w, https:\/\/sustainability2024.amarencogroup.com\/wp-content\/uploads\/2025\/08\/picto-global-compact-13-FR-150x150.webp 150w\" sizes=\"(max-width: 207px) 100vw, 207px\" \/>\t\t\t\t\t\t\t\t\t\t\t\t\t\t\t<\/div>\n\t\t\t\t<\/div>\n\t\t\t\t<\/div>\n\t\t\t\t<\/div>\n\t\t<div class=\"elementor-element elementor-element-313fbb6 e-con-full e-flex e-con e-child\" data-id=\"313fbb6\" data-element_type=\"container\" data-e-type=\"container\" data-settings=\"{&quot;background_background&quot;:&quot;classic&quot;}\">\n\t\t<div class=\"elementor-element elementor-element-b3305fe e-con-full e-flex e-con e-child\" data-id=\"b3305fe\" data-element_type=\"container\" data-e-type=\"container\" data-settings=\"{&quot;background_background&quot;:&quot;classic&quot;}\">\n\t\t\t\t<div class=\"elementor-element elementor-element-dd4c10b elementor-widget elementor-widget-image\" data-id=\"dd4c10b\" data-element_type=\"widget\" data-e-type=\"widget\" data-widget_type=\"image.default\">\n\t\t\t\t<div class=\"elementor-widget-container\">\n\t\t\t\t\t\t\t\t\t\t\t\t\t\t\t<img loading=\"lazy\" decoding=\"async\" width=\"120\" height=\"110\" src=\"https:\/\/sustainability2024.amarencogroup.com\/wp-content\/uploads\/2025\/07\/Increase-biodiversity-regenerating-ecosystems.webp\" class=\"attachment-large size-large wp-image-5798\" alt=\"\" \/>\t\t\t\t\t\t\t\t\t\t\t\t\t\t\t<\/div>\n\t\t\t\t<\/div>\n\t\t\t\t<\/div>\n\t\t<div class=\"elementor-element elementor-element-5fb2fe6 e-con-full e-flex e-con e-child\" data-id=\"5fb2fe6\" data-element_type=\"container\" data-e-type=\"container\" data-settings=\"{&quot;background_background&quot;:&quot;classic&quot;}\">\n\t\t\t\t<div class=\"elementor-element elementor-element-9cf46e3 elementor-widget elementor-widget-heading\" data-id=\"9cf46e3\" data-element_type=\"widget\" data-e-type=\"widget\" data-widget_type=\"heading.default\">\n\t\t\t\t<div class=\"elementor-widget-container\">\n\t\t\t\t\t<h4 class=\"elementor-heading-title elementor-size-default\">Accro\u00eetre la biodiversit\u00e9, r\u00e9g\u00e9n\u00e9rer les \u00e9cosyst\u00e8mes<\/h4>\t\t\t\t<\/div>\n\t\t\t\t<\/div>\n\t\t\t\t<\/div>\n\t\t<div class=\"elementor-element elementor-element-6d720d5 e-con-full e-flex e-con e-child\" data-id=\"6d720d5\" data-element_type=\"container\" data-e-type=\"container\">\n\t\t\t\t<div class=\"elementor-element elementor-element-7afa891 elementor-widget elementor-widget-image\" data-id=\"7afa891\" data-element_type=\"widget\" data-e-type=\"widget\" data-widget_type=\"image.default\">\n\t\t\t\t<div class=\"elementor-widget-container\">\n\t\t\t\t\t\t\t\t\t\t\t\t\t\t\t<img loading=\"lazy\" decoding=\"async\" width=\"207\" height=\"207\" src=\"https:\/\/sustainability2024.amarencogroup.com\/wp-content\/uploads\/2025\/08\/picto-global-compact-2-FR.webp\" class=\"attachment-large size-large wp-image-5799\" alt=\"\" srcset=\"https:\/\/sustainability2024.amarencogroup.com\/wp-content\/uploads\/2025\/08\/picto-global-compact-2-FR.webp 207w, https:\/\/sustainability2024.amarencogroup.com\/wp-content\/uploads\/2025\/08\/picto-global-compact-2-FR-150x150.webp 150w\" sizes=\"(max-width: 207px) 100vw, 207px\" \/>\t\t\t\t\t\t\t\t\t\t\t\t\t\t\t<\/div>\n\t\t\t\t<\/div>\n\t\t\t\t<\/div>\n\t\t<div class=\"elementor-element elementor-element-575d548 e-con-full e-flex e-con e-child\" data-id=\"575d548\" data-element_type=\"container\" data-e-type=\"container\">\n\t\t\t\t<div class=\"elementor-element elementor-element-3e8bbc2 elementor-widget elementor-widget-image\" data-id=\"3e8bbc2\" data-element_type=\"widget\" data-e-type=\"widget\" data-widget_type=\"image.default\">\n\t\t\t\t<div class=\"elementor-widget-container\">\n\t\t\t\t\t\t\t\t\t\t\t\t\t\t\t<img loading=\"lazy\" decoding=\"async\" width=\"207\" height=\"207\" src=\"https:\/\/sustainability2024.amarencogroup.com\/wp-content\/uploads\/2025\/08\/picto-global-compact-15-FR.webp\" class=\"attachment-large size-large wp-image-5800\" alt=\"\" srcset=\"https:\/\/sustainability2024.amarencogroup.com\/wp-content\/uploads\/2025\/08\/picto-global-compact-15-FR.webp 207w, https:\/\/sustainability2024.amarencogroup.com\/wp-content\/uploads\/2025\/08\/picto-global-compact-15-FR-150x150.webp 150w\" sizes=\"(max-width: 207px) 100vw, 207px\" \/>\t\t\t\t\t\t\t\t\t\t\t\t\t\t\t<\/div>\n\t\t\t\t<\/div>\n\t\t\t\t<\/div>\n\t\t\t\t<\/div>\n\t\t<div class=\"elementor-element elementor-element-dea3176 e-con-full e-flex e-con e-child\" data-id=\"dea3176\" data-element_type=\"container\" data-e-type=\"container\" data-settings=\"{&quot;background_background&quot;:&quot;classic&quot;}\">\n\t\t<div class=\"elementor-element elementor-element-60ca1f0 e-con-full e-flex e-con e-child\" data-id=\"60ca1f0\" data-element_type=\"container\" data-e-type=\"container\" data-settings=\"{&quot;background_background&quot;:&quot;classic&quot;}\">\n\t\t\t\t<div class=\"elementor-element elementor-element-3afa4b0 elementor-widget elementor-widget-image\" data-id=\"3afa4b0\" data-element_type=\"widget\" data-e-type=\"widget\" data-widget_type=\"image.default\">\n\t\t\t\t<div class=\"elementor-widget-container\">\n\t\t\t\t\t\t\t\t\t\t\t\t\t\t\t<img loading=\"lazy\" decoding=\"async\" width=\"120\" height=\"110\" src=\"https:\/\/sustainability2024.amarencogroup.com\/wp-content\/uploads\/2025\/07\/Reconcile-economy-ecology.webp\" class=\"attachment-large size-large wp-image-5801\" alt=\"\" \/>\t\t\t\t\t\t\t\t\t\t\t\t\t\t\t<\/div>\n\t\t\t\t<\/div>\n\t\t\t\t<\/div>\n\t\t<div class=\"elementor-element elementor-element-b9b62fc e-con-full e-flex e-con e-child\" data-id=\"b9b62fc\" data-element_type=\"container\" data-e-type=\"container\" data-settings=\"{&quot;background_background&quot;:&quot;classic&quot;}\">\n\t\t\t\t<div class=\"elementor-element elementor-element-5f5fbbb elementor-widget elementor-widget-heading\" data-id=\"5f5fbbb\" data-element_type=\"widget\" data-e-type=\"widget\" data-widget_type=\"heading.default\">\n\t\t\t\t<div class=\"elementor-widget-container\">\n\t\t\t\t\t<h4 class=\"elementor-heading-title elementor-size-default\">R\u00e9concilier \u00e9conomie &amp; \u00e9cologie<\/h4>\t\t\t\t<\/div>\n\t\t\t\t<\/div>\n\t\t\t\t<\/div>\n\t\t<div class=\"elementor-element elementor-element-411d9f4 e-con-full e-flex e-con e-child\" data-id=\"411d9f4\" data-element_type=\"container\" data-e-type=\"container\">\n\t\t\t\t<div class=\"elementor-element elementor-element-8c91cf2 elementor-widget elementor-widget-image\" data-id=\"8c91cf2\" data-element_type=\"widget\" data-e-type=\"widget\" data-widget_type=\"image.default\">\n\t\t\t\t<div class=\"elementor-widget-container\">\n\t\t\t\t\t\t\t\t\t\t\t\t\t\t\t<img loading=\"lazy\" decoding=\"async\" width=\"207\" height=\"207\" src=\"https:\/\/sustainability2024.amarencogroup.com\/wp-content\/uploads\/2025\/08\/picto-global-compact-8-FR.webp\" class=\"attachment-large size-large wp-image-5802\" alt=\"\" srcset=\"https:\/\/sustainability2024.amarencogroup.com\/wp-content\/uploads\/2025\/08\/picto-global-compact-8-FR.webp 207w, https:\/\/sustainability2024.amarencogroup.com\/wp-content\/uploads\/2025\/08\/picto-global-compact-8-FR-150x150.webp 150w\" sizes=\"(max-width: 207px) 100vw, 207px\" \/>\t\t\t\t\t\t\t\t\t\t\t\t\t\t\t<\/div>\n\t\t\t\t<\/div>\n\t\t\t\t<\/div>\n\t\t<div class=\"elementor-element elementor-element-ce01300 e-con-full e-flex e-con e-child\" data-id=\"ce01300\" data-element_type=\"container\" data-e-type=\"container\">\n\t\t\t\t<div class=\"elementor-element elementor-element-71b4cc6 elementor-widget elementor-widget-image\" data-id=\"71b4cc6\" data-element_type=\"widget\" data-e-type=\"widget\" data-widget_type=\"image.default\">\n\t\t\t\t<div class=\"elementor-widget-container\">\n\t\t\t\t\t\t\t\t\t\t\t\t\t\t\t<img loading=\"lazy\" decoding=\"async\" width=\"207\" height=\"207\" src=\"https:\/\/sustainability2024.amarencogroup.com\/wp-content\/uploads\/2025\/08\/picto-global-compact-17-FR.webp\" class=\"attachment-large size-large wp-image-5803\" alt=\"\" srcset=\"https:\/\/sustainability2024.amarencogroup.com\/wp-content\/uploads\/2025\/08\/picto-global-compact-17-FR.webp 207w, https:\/\/sustainability2024.amarencogroup.com\/wp-content\/uploads\/2025\/08\/picto-global-compact-17-FR-150x150.webp 150w\" sizes=\"(max-width: 207px) 100vw, 207px\" \/>\t\t\t\t\t\t\t\t\t\t\t\t\t\t\t<\/div>\n\t\t\t\t<\/div>\n\t\t\t\t<\/div>\n\t\t\t\t<\/div>\n\t\t<div class=\"elementor-element elementor-element-0c47076 e-con-full e-flex e-con e-child\" data-id=\"0c47076\" data-element_type=\"container\" data-e-type=\"container\" data-settings=\"{&quot;background_background&quot;:&quot;classic&quot;}\">\n\t\t<div class=\"elementor-element elementor-element-7b50c0e e-con-full e-flex e-con e-child\" data-id=\"7b50c0e\" data-element_type=\"container\" data-e-type=\"container\" data-settings=\"{&quot;background_background&quot;:&quot;classic&quot;}\">\n\t\t\t\t<div class=\"elementor-element elementor-element-341c594 elementor-widget elementor-widget-image\" data-id=\"341c594\" data-element_type=\"widget\" data-e-type=\"widget\" data-widget_type=\"image.default\">\n\t\t\t\t<div class=\"elementor-widget-container\">\n\t\t\t\t\t\t\t\t\t\t\t\t\t\t\t<img loading=\"lazy\" decoding=\"async\" width=\"120\" height=\"110\" src=\"https:\/\/sustainability2024.amarencogroup.com\/wp-content\/uploads\/2025\/07\/Create-local-and-social-value-through-our-activity.webp\" class=\"attachment-large size-large wp-image-5804\" alt=\"\" \/>\t\t\t\t\t\t\t\t\t\t\t\t\t\t\t<\/div>\n\t\t\t\t<\/div>\n\t\t\t\t<\/div>\n\t\t<div class=\"elementor-element elementor-element-bd8d83e e-con-full e-flex e-con e-child\" data-id=\"bd8d83e\" data-element_type=\"container\" data-e-type=\"container\" data-settings=\"{&quot;background_background&quot;:&quot;classic&quot;}\">\n\t\t\t\t<div class=\"elementor-element elementor-element-d03ac2b elementor-widget elementor-widget-heading\" data-id=\"d03ac2b\" data-element_type=\"widget\" data-e-type=\"widget\" data-widget_type=\"heading.default\">\n\t\t\t\t<div class=\"elementor-widget-container\">\n\t\t\t\t\t<h4 class=\"elementor-heading-title elementor-size-default\">Cr\u00e9er de la valeur locale et sociale gr\u00e2ce \u00e0 notre activit\u00e9<\/h4>\t\t\t\t<\/div>\n\t\t\t\t<\/div>\n\t\t\t\t<\/div>\n\t\t<div class=\"elementor-element elementor-element-3930e0a e-con-full e-flex e-con e-child\" data-id=\"3930e0a\" data-element_type=\"container\" data-e-type=\"container\">\n\t\t\t\t<div class=\"elementor-element elementor-element-7805a52 elementor-widget elementor-widget-image\" data-id=\"7805a52\" data-element_type=\"widget\" data-e-type=\"widget\" data-widget_type=\"image.default\">\n\t\t\t\t<div class=\"elementor-widget-container\">\n\t\t\t\t\t\t\t\t\t\t\t\t\t\t\t<img loading=\"lazy\" decoding=\"async\" width=\"207\" height=\"207\" src=\"https:\/\/sustainability2024.amarencogroup.com\/wp-content\/uploads\/2025\/08\/picto-global-compact-3-FR.webp\" class=\"attachment-large size-large wp-image-5805\" alt=\"\" srcset=\"https:\/\/sustainability2024.amarencogroup.com\/wp-content\/uploads\/2025\/08\/picto-global-compact-3-FR.webp 207w, https:\/\/sustainability2024.amarencogroup.com\/wp-content\/uploads\/2025\/08\/picto-global-compact-3-FR-150x150.webp 150w\" sizes=\"(max-width: 207px) 100vw, 207px\" \/>\t\t\t\t\t\t\t\t\t\t\t\t\t\t\t<\/div>\n\t\t\t\t<\/div>\n\t\t\t\t<\/div>\n\t\t<div class=\"elementor-element elementor-element-310636e e-con-full e-flex e-con e-child\" data-id=\"310636e\" data-element_type=\"container\" data-e-type=\"container\">\n\t\t\t\t<div class=\"elementor-element elementor-element-52eb423 elementor-widget elementor-widget-image\" data-id=\"52eb423\" data-element_type=\"widget\" data-e-type=\"widget\" data-widget_type=\"image.default\">\n\t\t\t\t<div class=\"elementor-widget-container\">\n\t\t\t\t\t\t\t\t\t\t\t\t\t\t\t<img loading=\"lazy\" decoding=\"async\" width=\"207\" height=\"207\" src=\"https:\/\/sustainability2024.amarencogroup.com\/wp-content\/uploads\/2025\/08\/picto-global-compact-5-FR.webp\" class=\"attachment-large size-large wp-image-5806\" alt=\"\" srcset=\"https:\/\/sustainability2024.amarencogroup.com\/wp-content\/uploads\/2025\/08\/picto-global-compact-5-FR.webp 207w, https:\/\/sustainability2024.amarencogroup.com\/wp-content\/uploads\/2025\/08\/picto-global-compact-5-FR-150x150.webp 150w\" sizes=\"(max-width: 207px) 100vw, 207px\" \/>\t\t\t\t\t\t\t\t\t\t\t\t\t\t\t<\/div>\n\t\t\t\t<\/div>\n\t\t\t\t<\/div>\n\t\t\t\t<\/div>\n\t\t\t\t\t<\/div>\n\t\t\t\t<\/div>\n\t\t<div class=\"elementor-element elementor-element-a977af1 e-flex e-con-boxed e-con e-parent\" data-id=\"a977af1\" data-element_type=\"container\" data-e-type=\"container\" data-settings=\"{&quot;background_background&quot;:&quot;classic&quot;}\">\n\t\t\t\t\t<div class=\"e-con-inner\">\n\t\t\t\t<div class=\"elementor-element elementor-element-85807b9 elementor-widget elementor-widget-image\" data-id=\"85807b9\" data-element_type=\"widget\" data-e-type=\"widget\" data-widget_type=\"image.default\">\n\t\t\t\t<div class=\"elementor-widget-container\">\n\t\t\t\t\t\t\t\t\t\t\t\t\t\t\t<img loading=\"lazy\" decoding=\"async\" width=\"1344\" height=\"587\" src=\"https:\/\/sustainability2024.amarencogroup.com\/wp-content\/uploads\/2025\/07\/side-by-side-3.webp\" class=\"attachment-full size-full wp-image-5846\" alt=\"\" srcset=\"https:\/\/sustainability2024.amarencogroup.com\/wp-content\/uploads\/2025\/07\/side-by-side-3.webp 1344w, https:\/\/sustainability2024.amarencogroup.com\/wp-content\/uploads\/2025\/07\/side-by-side-3-300x131.webp 300w, https:\/\/sustainability2024.amarencogroup.com\/wp-content\/uploads\/2025\/07\/side-by-side-3-1024x447.webp 1024w, https:\/\/sustainability2024.amarencogroup.com\/wp-content\/uploads\/2025\/07\/side-by-side-3-768x335.webp 768w\" sizes=\"(max-width: 1344px) 100vw, 1344px\" \/>\t\t\t\t\t\t\t\t\t\t\t\t\t\t\t<\/div>\n\t\t\t\t<\/div>\n\t\t\t\t\t<\/div>\n\t\t\t\t<\/div>\n\t\t\t\t<\/div>\n\t\t","protected":false},"excerpt":{"rendered":"<p>Entreprise STRAT\u00c9GIE DE L&rsquo;ENTREPRISE ALIGN\u00c9E SUR LES ODD Notre strat\u00e9gie d&rsquo;entreprise est align\u00e9e sur les d\u00e9fis mondiaux (ODD). 1. Lutte contre le changement climatique (ODD 13)L&rsquo;activit\u00e9 principale d&rsquo;Amarenco est l&rsquo;installation de centrales photovolta\u00efques, contribuant \u00e0 r\u00e9duire les \u00e9missions de CO\u2082 et \u00e0 limiter le r\u00e9chauffement climatique \u00e0 moins de 1,5 \u00b0C \u2014 conform\u00e9ment \u00e0 l&rsquo;Accord [&hellip;]<\/p>\n","protected":false},"author":1,"featured_media":5791,"parent":0,"menu_order":0,"comment_status":"closed","ping_status":"closed","template":"elementor_header_footer","meta":{"footnotes":""},"class_list":["post-6384","page","type-page","status-publish","has-post-thumbnail","hentry"],"_links":{"self":[{"href":"https:\/\/sustainability2024.amarencogroup.com\/fr\/wp-json\/wp\/v2\/pages\/6384","targetHints":{"allow":["GET"]}}],"collection":[{"href":"https:\/\/sustainability2024.amarencogroup.com\/fr\/wp-json\/wp\/v2\/pages"}],"about":[{"href":"https:\/\/sustainability2024.amarencogroup.com\/fr\/wp-json\/wp\/v2\/types\/page"}],"author":[{"embeddable":true,"href":"https:\/\/sustainability2024.amarencogroup.com\/fr\/wp-json\/wp\/v2\/users\/1"}],"replies":[{"embeddable":true,"href":"https:\/\/sustainability2024.amarencogroup.com\/fr\/wp-json\/wp\/v2\/comments?post=6384"}],"version-history":[{"count":11,"href":"https:\/\/sustainability2024.amarencogroup.com\/fr\/wp-json\/wp\/v2\/pages\/6384\/revisions"}],"predecessor-version":[{"id":7113,"href":"https:\/\/sustainability2024.amarencogroup.com\/fr\/wp-json\/wp\/v2\/pages\/6384\/revisions\/7113"}],"wp:featuredmedia":[{"embeddable":true,"href":"https:\/\/sustainability2024.amarencogroup.com\/fr\/wp-json\/wp\/v2\/media\/5791"}],"wp:attachment":[{"href":"https:\/\/sustainability2024.amarencogroup.com\/fr\/wp-json\/wp\/v2\/media?parent=6384"}],"curies":[{"name":"wp","href":"https:\/\/api.w.org\/{rel}","templated":true}]}}