{"id":6408,"date":"2025-07-09T13:39:31","date_gmt":"2025-07-09T11:39:31","guid":{"rendered":"https:\/\/sustainability2024.amarencogroup.com\/gouvernance-frederic-maenhaut\/"},"modified":"2025-09-23T17:53:26","modified_gmt":"2025-09-23T15:53:26","slug":"gouvernance-frederic-maenhaut","status":"publish","type":"page","link":"https:\/\/sustainability2024.amarencogroup.com\/fr\/gouvernance-frederic-maenhaut\/","title":{"rendered":"Gouvernance &#8211; Frederic Maenhaut"},"content":{"rendered":"\t\t<div data-elementor-type=\"wp-page\" data-elementor-id=\"6408\" class=\"elementor elementor-6408 elementor-2525\" data-elementor-post-type=\"page\">\n\t\t\t\t<div class=\"elementor-element elementor-element-f999fe6 e-con-full e-flex e-con e-parent\" data-id=\"f999fe6\" data-element_type=\"container\" data-e-type=\"container\" data-settings=\"{&quot;background_background&quot;:&quot;classic&quot;}\">\n\t\t<div class=\"elementor-element elementor-element-feb6175 e-con-full e-flex e-con e-child\" data-id=\"feb6175\" data-element_type=\"container\" data-e-type=\"container\">\n\t\t\t\t<div class=\"elementor-element elementor-element-4df85a9 elementor-widget elementor-widget-heading\" data-id=\"4df85a9\" data-element_type=\"widget\" data-e-type=\"widget\" data-widget_type=\"heading.default\">\n\t\t\t\t<div class=\"elementor-widget-container\">\n\t\t\t\t\t<h2 class=\"elementor-heading-title elementor-size-default\">Gouvernance<\/h2>\t\t\t\t<\/div>\n\t\t\t\t<\/div>\n\t\t\t\t<div class=\"elementor-element elementor-element-bb88d41 elementor-widget-divider--view-line elementor-widget elementor-widget-divider\" data-id=\"bb88d41\" data-element_type=\"widget\" data-e-type=\"widget\" data-widget_type=\"divider.default\">\n\t\t\t\t<div class=\"elementor-widget-container\">\n\t\t\t\t\t\t\t<div class=\"elementor-divider\">\n\t\t\t<span class=\"elementor-divider-separator\">\n\t\t\t\t\t\t<\/span>\n\t\t<\/div>\n\t\t\t\t\t\t<\/div>\n\t\t\t\t<\/div>\n\t\t\t\t<\/div>\n\t\t\t\t<div class=\"elementor-element elementor-element-95f7fa6 elementor-widget elementor-widget-heading\" data-id=\"95f7fa6\" data-element_type=\"widget\" data-e-type=\"widget\" data-settings=\"{&quot;_animation_mobile&quot;:&quot;none&quot;}\" data-widget_type=\"heading.default\">\n\t\t\t\t<div class=\"elementor-widget-container\">\n\t\t\t\t\t<h1 class=\"elementor-heading-title elementor-size-default\">FR\u00c9D\u00c9RIC MAENHAUT<\/h1>\t\t\t\t<\/div>\n\t\t\t\t<\/div>\n\t\t\t\t<div class=\"elementor-element elementor-element-3e0128d elementor-widget elementor-widget-heading\" data-id=\"3e0128d\" data-element_type=\"widget\" data-e-type=\"widget\" data-settings=\"{&quot;_animation_mobile&quot;:&quot;none&quot;}\" data-widget_type=\"heading.default\">\n\t\t\t\t<div class=\"elementor-widget-container\">\n\t\t\t\t\t<h2 class=\"elementor-heading-title elementor-size-default\">PDG<\/h2>\t\t\t\t<\/div>\n\t\t\t\t<\/div>\n\t\t\t\t<\/div>\n\t\t<div class=\"elementor-element elementor-element-1cace1d e-flex e-con-boxed e-con e-parent\" data-id=\"1cace1d\" data-element_type=\"container\" data-e-type=\"container\" data-settings=\"{&quot;background_background&quot;:&quot;classic&quot;}\">\n\t\t\t\t\t<div class=\"e-con-inner\">\n\t\t\t\t<div class=\"elementor-element elementor-element-395536d elementor-widget elementor-widget-video\" data-id=\"395536d\" data-element_type=\"widget\" data-e-type=\"widget\" data-settings=\"{&quot;youtube_url&quot;:&quot;https:\\\/\\\/youtube.com\\\/shorts\\\/3JLmsPZs3Q4?feature=share&quot;,&quot;show_image_overlay&quot;:&quot;yes&quot;,&quot;image_overlay&quot;:{&quot;url&quot;:&quot;https:\\\/\\\/sustainability2024.amarencogroup.com\\\/wp-content\\\/uploads\\\/2025\\\/07\\\/Frederic-Maenhaut-video-2.webp&quot;,&quot;id&quot;:5860,&quot;size&quot;:&quot;&quot;,&quot;alt&quot;:&quot;&quot;,&quot;source&quot;:&quot;library&quot;},&quot;video_type&quot;:&quot;youtube&quot;,&quot;controls&quot;:&quot;yes&quot;}\" data-widget_type=\"video.default\">\n\t\t\t\t<div class=\"elementor-widget-container\">\n\t\t\t\t\t\t\t<div class=\"elementor-wrapper elementor-open-inline\">\n\t\t\t<div class=\"elementor-video\"><\/div>\t\t\t\t<div class=\"elementor-custom-embed-image-overlay\" style=\"background-image: url(https:\/\/sustainability2024.amarencogroup.com\/wp-content\/uploads\/2025\/07\/Frederic-Maenhaut-video-2.webp);\">\n\t\t\t\t\t\t\t\t\t\t\t\t\t\t\t\t<div class=\"elementor-custom-embed-play\" role=\"button\" aria-label=\"Lire la vid\u00e9o\" tabindex=\"0\">\n\t\t\t\t\t\t\t<svg aria-hidden=\"true\" class=\"e-font-icon-svg e-eicon-play\" viewBox=\"0 0 1000 1000\" xmlns=\"http:\/\/www.w3.org\/2000\/svg\"><path d=\"M838 162C746 71 633 25 500 25 371 25 258 71 163 162 71 254 25 367 25 500 25 633 71 746 163 837 254 929 367 979 500 979 633 979 746 933 838 837 929 746 975 633 975 500 975 367 929 254 838 162M808 192C892 279 933 379 933 500 933 621 892 725 808 808 725 892 621 938 500 938 379 938 279 896 196 808 113 725 67 621 67 500 67 379 108 279 196 192 279 108 383 62 500 62 621 62 721 108 808 192M438 392V642L642 517 438 392Z\"><\/path><\/svg>\t\t\t\t\t\t<\/div>\n\t\t\t\t\t\t\t\t\t<\/div>\n\t\t\t\t\t<\/div>\n\t\t\t\t\t\t<\/div>\n\t\t\t\t<\/div>\n\t\t\t\t<div class=\"elementor-element elementor-element-91b6835 elementor-widget elementor-widget-text-editor\" data-id=\"91b6835\" data-element_type=\"widget\" data-e-type=\"widget\" data-widget_type=\"text-editor.default\">\n\t\t\t\t<div class=\"elementor-widget-container\">\n\t\t\t\t\t\t\t\t\t<div id=\"lipsum\"><p>\u00ab La r\u00e9g\u00e9n\u00e9ration est au c\u0153ur de notre strat\u00e9gie, et nous adoptons une approche r\u00e9g\u00e9n\u00e9rative dans l&rsquo;ensemble de nos projets. Concr\u00e8tement, nous visons \u00e0 partager la mani\u00e8re dont nous mettons en \u0153uvre cette approche et son impact sur les \u00e9cosyst\u00e8mes, en utilisant \u00e0 la fois des indicateurs financiers et non financiers au sein d&rsquo;un mod\u00e8le commercial durable et r\u00e9g\u00e9n\u00e9ratif. <\/p><p>Nous nous engageons pleinement dans cette approche, avec l&rsquo;ambition de contribuer \u00e0 l&rsquo;\u00e9lectrification de l&rsquo;Europe avec des \u00e9lectrons r\u00e9g\u00e9n\u00e9ratifs. Cet engagement se traduit par l&rsquo;int\u00e9gration de la r\u00e9g\u00e9n\u00e9ration dans nos objectifs et processus, depuis la s\u00e9lection des projets et les d\u00e9cisions d&rsquo;investissement jusqu&rsquo;\u00e0 la construction et la gestion d&rsquo;actifs.<\/p><p>Pour soutenir cette ambition, nous avons choisi d&rsquo;investir dans un outil en ligne agile qui nous permet de partager un contenu riche et r\u00e9guli\u00e8rement mis \u00e0 jour tout en recueillant des retours continus.<\/p><p>Nous sommes convaincus que cet outil renforcera l&rsquo;engagement de notre communaut\u00e9 et assurera une transparence totale sur les progr\u00e8s tangibles que nous r\u00e9alisons dans nos actions quotidiennes. \u00bb<\/p><\/div>\t\t\t\t\t\t\t\t<\/div>\n\t\t\t\t<\/div>\n\t\t\t\t\t<\/div>\n\t\t\t\t<\/div>\n\t\t\t\t<\/div>\n\t\t","protected":false},"excerpt":{"rendered":"<p>Gouvernance FR\u00c9D\u00c9RIC MAENHAUT PDG https:\/\/youtube.com\/shorts\/3JLmsPZs3Q4?feature=share \u00ab La r\u00e9g\u00e9n\u00e9ration est au c\u0153ur de notre strat\u00e9gie, et nous adoptons une approche r\u00e9g\u00e9n\u00e9rative dans l&rsquo;ensemble de nos projets. Concr\u00e8tement, nous visons \u00e0 partager la mani\u00e8re dont nous mettons en \u0153uvre cette approche et son impact sur les \u00e9cosyst\u00e8mes, en utilisant \u00e0 la fois des indicateurs financiers et non [&hellip;]<\/p>\n","protected":false},"author":1,"featured_media":5860,"parent":0,"menu_order":0,"comment_status":"closed","ping_status":"closed","template":"elementor_header_footer","meta":{"footnotes":""},"class_list":["post-6408","page","type-page","status-publish","has-post-thumbnail","hentry"],"_links":{"self":[{"href":"https:\/\/sustainability2024.amarencogroup.com\/fr\/wp-json\/wp\/v2\/pages\/6408","targetHints":{"allow":["GET"]}}],"collection":[{"href":"https:\/\/sustainability2024.amarencogroup.com\/fr\/wp-json\/wp\/v2\/pages"}],"about":[{"href":"https:\/\/sustainability2024.amarencogroup.com\/fr\/wp-json\/wp\/v2\/types\/page"}],"author":[{"embeddable":true,"href":"https:\/\/sustainability2024.amarencogroup.com\/fr\/wp-json\/wp\/v2\/users\/1"}],"replies":[{"embeddable":true,"href":"https:\/\/sustainability2024.amarencogroup.com\/fr\/wp-json\/wp\/v2\/comments?post=6408"}],"version-history":[{"count":2,"href":"https:\/\/sustainability2024.amarencogroup.com\/fr\/wp-json\/wp\/v2\/pages\/6408\/revisions"}],"predecessor-version":[{"id":7261,"href":"https:\/\/sustainability2024.amarencogroup.com\/fr\/wp-json\/wp\/v2\/pages\/6408\/revisions\/7261"}],"wp:featuredmedia":[{"embeddable":true,"href":"https:\/\/sustainability2024.amarencogroup.com\/fr\/wp-json\/wp\/v2\/media\/5860"}],"wp:attachment":[{"href":"https:\/\/sustainability2024.amarencogroup.com\/fr\/wp-json\/wp\/v2\/media?parent=6408"}],"curies":[{"name":"wp","href":"https:\/\/api.w.org\/{rel}","templated":true}]}}