{"id":6412,"date":"2025-07-15T16:04:09","date_gmt":"2025-07-15T14:04:09","guid":{"rendered":"https:\/\/sustainability2024.amarencogroup.com\/gouvernance-departement-regeneration\/"},"modified":"2025-09-23T17:56:52","modified_gmt":"2025-09-23T15:56:52","slug":"gouvernance-departement-regeneration","status":"publish","type":"page","link":"https:\/\/sustainability2024.amarencogroup.com\/fr\/gouvernance-departement-regeneration\/","title":{"rendered":"Gouvernance &#8211; D\u00c9PARTEMENT R\u00c9G\u00c9N\u00c9RATION"},"content":{"rendered":"\t\t<div data-elementor-type=\"wp-page\" data-elementor-id=\"6412\" class=\"elementor elementor-6412 elementor-3505\" data-elementor-post-type=\"page\">\n\t\t\t\t<div class=\"elementor-element elementor-element-82fa36a e-con-full e-flex e-con e-parent\" data-id=\"82fa36a\" data-element_type=\"container\" data-e-type=\"container\" data-settings=\"{&quot;background_background&quot;:&quot;classic&quot;}\">\n\t\t<div class=\"elementor-element elementor-element-7f4b5e7 e-con-full e-flex e-con e-child\" data-id=\"7f4b5e7\" data-element_type=\"container\" data-e-type=\"container\">\n\t\t\t\t<div class=\"elementor-element elementor-element-410b597 elementor-widget elementor-widget-heading\" data-id=\"410b597\" data-element_type=\"widget\" data-e-type=\"widget\" data-widget_type=\"heading.default\">\n\t\t\t\t<div class=\"elementor-widget-container\">\n\t\t\t\t\t<h2 class=\"elementor-heading-title elementor-size-default\">Gouvernance<\/h2>\t\t\t\t<\/div>\n\t\t\t\t<\/div>\n\t\t\t\t<div class=\"elementor-element elementor-element-a3603f3 elementor-widget-divider--view-line elementor-widget elementor-widget-divider\" data-id=\"a3603f3\" data-element_type=\"widget\" data-e-type=\"widget\" data-widget_type=\"divider.default\">\n\t\t\t\t<div class=\"elementor-widget-container\">\n\t\t\t\t\t\t\t<div class=\"elementor-divider\">\n\t\t\t<span class=\"elementor-divider-separator\">\n\t\t\t\t\t\t<\/span>\n\t\t<\/div>\n\t\t\t\t\t\t<\/div>\n\t\t\t\t<\/div>\n\t\t\t\t<\/div>\n\t\t\t\t<div class=\"elementor-element elementor-element-43e4ef4 elementor-widget elementor-widget-heading\" data-id=\"43e4ef4\" data-element_type=\"widget\" data-e-type=\"widget\" data-settings=\"{&quot;_animation&quot;:&quot;none&quot;,&quot;_animation_mobile&quot;:&quot;none&quot;}\" data-widget_type=\"heading.default\">\n\t\t\t\t<div class=\"elementor-widget-container\">\n\t\t\t\t\t<h1 class=\"elementor-heading-title elementor-size-default\">D\u00c9PARTEMENT R\u00c9G\u00c9N\u00c9RATION <\/h1>\t\t\t\t<\/div>\n\t\t\t\t<\/div>\n\t\t\t\t<div class=\"elementor-element elementor-element-f243682 elementor-widget elementor-widget-heading\" data-id=\"f243682\" data-element_type=\"widget\" data-e-type=\"widget\" data-settings=\"{&quot;_animation_mobile&quot;:&quot;none&quot;}\" data-widget_type=\"heading.default\">\n\t\t\t\t<div class=\"elementor-widget-container\">\n\t\t\t\t\t<h2 class=\"elementor-heading-title elementor-size-default\">GOUVERNANCE ESG<\/h2>\t\t\t\t<\/div>\n\t\t\t\t<\/div>\n\t\t\t\t<\/div>\n\t\t<div class=\"elementor-element elementor-element-8da8e34 e-flex e-con-boxed e-con e-parent\" data-id=\"8da8e34\" data-element_type=\"container\" data-e-type=\"container\" data-settings=\"{&quot;background_background&quot;:&quot;classic&quot;}\">\n\t\t\t\t\t<div class=\"e-con-inner\">\n\t\t\t\t<div class=\"elementor-element elementor-element-891e077 elementor-widget elementor-widget-heading\" data-id=\"891e077\" data-element_type=\"widget\" data-e-type=\"widget\" data-widget_type=\"heading.default\">\n\t\t\t\t<div class=\"elementor-widget-container\">\n\t\t\t\t\t<h2 class=\"elementor-heading-title elementor-size-default\">Gouvernance ESG et r\u00e9g\u00e9n\u00e9ration<\/h2>\t\t\t\t<\/div>\n\t\t\t\t<\/div>\n\t\t\t\t<div class=\"elementor-element elementor-element-117ecf1 elementor-widget elementor-widget-text-editor\" data-id=\"117ecf1\" data-element_type=\"widget\" data-e-type=\"widget\" data-widget_type=\"text-editor.default\">\n\t\t\t\t<div class=\"elementor-widget-container\">\n\t\t\t\t\t\t\t\t\t<p><strong>Le Directeur G\u00e9n\u00e9ral, le Conseil d\u2019Administration d\u2019Amarenco et la Directrice de la R\u00e9g\u00e9n\u00e9ration sont responsables de la strat\u00e9gie, des objectifs, des politiques et de leur mise en \u0153uvre en mati\u00e8re de durabilit\u00e9 et de r\u00e9g\u00e9n\u00e9ration chez Amarenco, et en assurent la supervision.<\/strong><\/p>\t\t\t\t\t\t\t\t<\/div>\n\t\t\t\t<\/div>\n\t\t\t\t\t<\/div>\n\t\t\t\t<\/div>\n\t\t<div class=\"elementor-element elementor-element-05ef28c e-flex e-con-boxed e-con e-parent\" data-id=\"05ef28c\" data-element_type=\"container\" data-e-type=\"container\" data-settings=\"{&quot;background_background&quot;:&quot;classic&quot;}\">\n\t\t\t\t\t<div class=\"e-con-inner\">\n\t\t\t\t<div class=\"elementor-element elementor-element-e47158c elementor-widget elementor-widget-image\" data-id=\"e47158c\" data-element_type=\"widget\" data-e-type=\"widget\" data-widget_type=\"image.default\">\n\t\t\t\t<div class=\"elementor-widget-container\">\n\t\t\t\t\t\t\t\t\t\t\t\t\t\t\t<img fetchpriority=\"high\" decoding=\"async\" width=\"1344\" height=\"587\" src=\"https:\/\/sustainability2024.amarencogroup.com\/wp-content\/uploads\/2025\/07\/side-by-side-7.webp\" class=\"attachment-full size-full wp-image-5850\" alt=\"\" srcset=\"https:\/\/sustainability2024.amarencogroup.com\/wp-content\/uploads\/2025\/07\/side-by-side-7.webp 1344w, https:\/\/sustainability2024.amarencogroup.com\/wp-content\/uploads\/2025\/07\/side-by-side-7-300x131.webp 300w, https:\/\/sustainability2024.amarencogroup.com\/wp-content\/uploads\/2025\/07\/side-by-side-7-1024x447.webp 1024w, https:\/\/sustainability2024.amarencogroup.com\/wp-content\/uploads\/2025\/07\/side-by-side-7-768x335.webp 768w\" sizes=\"(max-width: 1344px) 100vw, 1344px\" \/>\t\t\t\t\t\t\t\t\t\t\t\t\t\t\t<\/div>\n\t\t\t\t<\/div>\n\t\t\t\t\t<\/div>\n\t\t\t\t<\/div>\n\t\t<div class=\"elementor-element elementor-element-102a598 e-flex e-con-boxed e-con e-parent\" data-id=\"102a598\" data-element_type=\"container\" data-e-type=\"container\" data-settings=\"{&quot;background_background&quot;:&quot;classic&quot;}\">\n\t\t\t\t\t<div class=\"e-con-inner\">\n\t\t\t\t<div class=\"elementor-element elementor-element-31f81cd elementor-widget elementor-widget-heading\" data-id=\"31f81cd\" data-element_type=\"widget\" data-e-type=\"widget\" data-widget_type=\"heading.default\">\n\t\t\t\t<div class=\"elementor-widget-container\">\n\t\t\t\t\t<h2 class=\"elementor-heading-title elementor-size-default\">D\u00c9PARTEMENT R\u00c9G\u00c9N\u00c9RATION <\/h2>\t\t\t\t<\/div>\n\t\t\t\t<\/div>\n\t\t\t\t<div class=\"elementor-element elementor-element-bdd60ab elementor-widget elementor-widget-text-editor\" data-id=\"bdd60ab\" data-element_type=\"widget\" data-e-type=\"widget\" data-widget_type=\"text-editor.default\">\n\t\t\t\t<div class=\"elementor-widget-container\">\n\t\t\t\t\t\t\t\t\t<p><strong>Le r\u00f4le du D\u00e9partement R\u00e9g\u00e9n\u00e9ration est d&rsquo;int\u00e9grer un impact environnemental et social positif dans l&rsquo;ensemble des activit\u00e9s d&rsquo;Amarenco. Nos responsabilit\u00e9s principales incluent : <\/strong><\/p><p>\u2013 La coordination du d\u00e9veloppement de notre strat\u00e9gie de r\u00e9g\u00e9n\u00e9ration et des politiques associ\u00e9es.<\/p><p>\u2013 Le suivi et la supervision de notre performance par rapport aux indicateurs cl\u00e9s de r\u00e9g\u00e9n\u00e9ration aux niveaux projet, portefeuille et entreprise.<\/p><p>\u2013 La pr\u00e9paration et la publication de rapports complets sur la r\u00e9g\u00e9n\u00e9ration \u00e0 l&rsquo;intention du Conseil d&rsquo;Administration et de toutes les parties prenantes concern\u00e9es.<\/p><p>\u2013 L&rsquo;accompagnement de l&rsquo;ex\u00e9cution de notre feuille de route r\u00e9g\u00e9n\u00e9ration, en garantissant une mise en \u0153uvre rapide et efficace de nos initiatives.<\/p><p>\u2013 La cr\u00e9ation d&rsquo;outils essentiels et la fourniture d&rsquo;un support expert pour atteindre nos objectifs de r\u00e9g\u00e9n\u00e9ration d\u00e9finis.<\/p><p>\u2013 Et la coordination des efforts entre tous les d\u00e9partements de l\u2019entreprise et les unit\u00e9s op\u00e9rationnelles pour int\u00e9grer et concr\u00e9tiser nos objectifs de r\u00e9g\u00e9n\u00e9ration.<\/p><p><strong>Notre travail est fondamentalement collaboratif, soutenu par des \u00e9quipes d\u00e9di\u00e9es au sein de chaque d\u00e9partement et ligne m\u00e9tier de l\u2019entreprise.<\/strong><\/p>\t\t\t\t\t\t\t\t<\/div>\n\t\t\t\t<\/div>\n\t\t\t\t\t<\/div>\n\t\t\t\t<\/div>\n\t\t\t\t<\/div>\n\t\t","protected":false},"excerpt":{"rendered":"<p>Gouvernance D\u00c9PARTEMENT R\u00c9G\u00c9N\u00c9RATION GOUVERNANCE ESG Gouvernance ESG et r\u00e9g\u00e9n\u00e9ration Le Directeur G\u00e9n\u00e9ral, le Conseil d\u2019Administration d\u2019Amarenco et la Directrice de la R\u00e9g\u00e9n\u00e9ration sont responsables de la strat\u00e9gie, des objectifs, des politiques et de leur mise en \u0153uvre en mati\u00e8re de durabilit\u00e9 et de r\u00e9g\u00e9n\u00e9ration chez Amarenco, et en assurent la supervision. D\u00c9PARTEMENT R\u00c9G\u00c9N\u00c9RATION Le r\u00f4le [&hellip;]<\/p>\n","protected":false},"author":1,"featured_media":5822,"parent":0,"menu_order":0,"comment_status":"closed","ping_status":"closed","template":"elementor_header_footer","meta":{"footnotes":""},"class_list":["post-6412","page","type-page","status-publish","has-post-thumbnail","hentry"],"_links":{"self":[{"href":"https:\/\/sustainability2024.amarencogroup.com\/fr\/wp-json\/wp\/v2\/pages\/6412","targetHints":{"allow":["GET"]}}],"collection":[{"href":"https:\/\/sustainability2024.amarencogroup.com\/fr\/wp-json\/wp\/v2\/pages"}],"about":[{"href":"https:\/\/sustainability2024.amarencogroup.com\/fr\/wp-json\/wp\/v2\/types\/page"}],"author":[{"embeddable":true,"href":"https:\/\/sustainability2024.amarencogroup.com\/fr\/wp-json\/wp\/v2\/users\/1"}],"replies":[{"embeddable":true,"href":"https:\/\/sustainability2024.amarencogroup.com\/fr\/wp-json\/wp\/v2\/comments?post=6412"}],"version-history":[{"count":3,"href":"https:\/\/sustainability2024.amarencogroup.com\/fr\/wp-json\/wp\/v2\/pages\/6412\/revisions"}],"predecessor-version":[{"id":7273,"href":"https:\/\/sustainability2024.amarencogroup.com\/fr\/wp-json\/wp\/v2\/pages\/6412\/revisions\/7273"}],"wp:featuredmedia":[{"embeddable":true,"href":"https:\/\/sustainability2024.amarencogroup.com\/fr\/wp-json\/wp\/v2\/media\/5822"}],"wp:attachment":[{"href":"https:\/\/sustainability2024.amarencogroup.com\/fr\/wp-json\/wp\/v2\/media?parent=6412"}],"curies":[{"name":"wp","href":"https:\/\/api.w.org\/{rel}","templated":true}]}}