{"id":6414,"date":"2025-08-25T11:03:11","date_gmt":"2025-08-25T09:03:11","guid":{"rendered":"https:\/\/sustainability2024.amarencogroup.com\/gouvernance-taxonomie\/"},"modified":"2025-09-23T18:03:56","modified_gmt":"2025-09-23T16:03:56","slug":"gouvernance-taxonomie","status":"publish","type":"page","link":"https:\/\/sustainability2024.amarencogroup.com\/fr\/gouvernance-taxonomie\/","title":{"rendered":"Gouvernance &#8211; Taxonomie"},"content":{"rendered":"\t\t<div data-elementor-type=\"wp-page\" data-elementor-id=\"6414\" class=\"elementor elementor-6414 elementor-6297\" data-elementor-post-type=\"page\">\n\t\t\t\t<div class=\"elementor-element elementor-element-82fa36a e-con-full e-flex e-con e-parent\" data-id=\"82fa36a\" data-element_type=\"container\" data-e-type=\"container\" data-settings=\"{&quot;background_background&quot;:&quot;classic&quot;}\">\n\t\t<div class=\"elementor-element elementor-element-7f4b5e7 e-con-full e-flex e-con e-child\" data-id=\"7f4b5e7\" data-element_type=\"container\" data-e-type=\"container\">\n\t\t\t\t<div class=\"elementor-element elementor-element-410b597 elementor-widget elementor-widget-heading\" data-id=\"410b597\" data-element_type=\"widget\" data-e-type=\"widget\" data-widget_type=\"heading.default\">\n\t\t\t\t<div class=\"elementor-widget-container\">\n\t\t\t\t\t<h2 class=\"elementor-heading-title elementor-size-default\">Gouvernance<\/h2>\t\t\t\t<\/div>\n\t\t\t\t<\/div>\n\t\t\t\t<div class=\"elementor-element elementor-element-a3603f3 elementor-widget-divider--view-line elementor-widget elementor-widget-divider\" data-id=\"a3603f3\" data-element_type=\"widget\" data-e-type=\"widget\" data-widget_type=\"divider.default\">\n\t\t\t\t<div class=\"elementor-widget-container\">\n\t\t\t\t\t\t\t<div class=\"elementor-divider\">\n\t\t\t<span class=\"elementor-divider-separator\">\n\t\t\t\t\t\t<\/span>\n\t\t<\/div>\n\t\t\t\t\t\t<\/div>\n\t\t\t\t<\/div>\n\t\t\t\t<\/div>\n\t\t\t\t<div class=\"elementor-element elementor-element-43e4ef4 elementor-widget elementor-widget-heading\" data-id=\"43e4ef4\" data-element_type=\"widget\" data-e-type=\"widget\" data-settings=\"{&quot;_animation&quot;:&quot;none&quot;,&quot;_animation_mobile&quot;:&quot;none&quot;}\" data-widget_type=\"heading.default\">\n\t\t\t\t<div class=\"elementor-widget-container\">\n\t\t\t\t\t<h1 class=\"elementor-heading-title elementor-size-default\">Taxonomie<\/h1>\t\t\t\t<\/div>\n\t\t\t\t<\/div>\n\t\t\t\t<div class=\"elementor-element elementor-element-f243682 elementor-widget elementor-widget-heading\" data-id=\"f243682\" data-element_type=\"widget\" data-e-type=\"widget\" data-settings=\"{&quot;_animation_mobile&quot;:&quot;none&quot;}\" data-widget_type=\"heading.default\">\n\t\t\t\t<div class=\"elementor-widget-container\">\n\t\t\t\t\t<h2 class=\"elementor-heading-title elementor-size-default\">Directive Taxonomie Verte Europ\u00e9enne<\/h2>\t\t\t\t<\/div>\n\t\t\t\t<\/div>\n\t\t\t\t<\/div>\n\t\t<div class=\"elementor-element elementor-element-8da8e34 e-flex e-con-boxed e-con e-parent\" data-id=\"8da8e34\" data-element_type=\"container\" data-e-type=\"container\" data-settings=\"{&quot;background_background&quot;:&quot;classic&quot;}\">\n\t\t\t\t\t<div class=\"e-con-inner\">\n\t\t\t\t<div class=\"elementor-element elementor-element-117ecf1 elementor-widget elementor-widget-text-editor\" data-id=\"117ecf1\" data-element_type=\"widget\" data-e-type=\"widget\" data-widget_type=\"text-editor.default\">\n\t\t\t\t<div class=\"elementor-widget-container\">\n\t\t\t\t\t\t\t\t\t<p><strong>La Directive Taxonomie Verte Europ\u00e9enne, \u00e9galement appel\u00e9e R\u00e8glement (UE) 2020\/852 du Parlement Europ\u00e9en et du Conseil du 18 juin 2020, est le syst\u00e8me de classification \u00e0 l&rsquo;\u00e9chelle de l&rsquo;UE con\u00e7u pour identifier les activit\u00e9s \u00e9conomiques durables.<\/strong><\/p>\t\t\t\t\t\t\t\t<\/div>\n\t\t\t\t<\/div>\n\t\t\t\t<div class=\"elementor-element elementor-element-c12d0da elementor-widget elementor-widget-text-editor\" data-id=\"c12d0da\" data-element_type=\"widget\" data-e-type=\"widget\" data-widget_type=\"text-editor.default\">\n\t\t\t\t<div class=\"elementor-widget-container\">\n\t\t\t\t\t\t\t\t\t<p><strong>Elle \u00e9tablit des obligations de reporting pour certaines entreprises, qui consistent \u00e0 :<\/strong><\/p>\t\t\t\t\t\t\t\t<\/div>\n\t\t\t\t<\/div>\n\t\t\t\t<div class=\"elementor-element elementor-element-8695628 elementor-widget elementor-widget-text-editor\" data-id=\"8695628\" data-element_type=\"widget\" data-e-type=\"widget\" data-widget_type=\"text-editor.default\">\n\t\t\t\t<div class=\"elementor-widget-container\">\n\t\t\t\t\t\t\t\t\t<p>\u2022 D\u00e9terminer si les activit\u00e9s d&rsquo;une entreprise contribuent \u00e0 l&rsquo;un des six objectifs environnementaux d\u00e9finis par l&rsquo;Union Europ\u00e9enne :<\/p>\t\t\t\t\t\t\t\t<\/div>\n\t\t\t\t<\/div>\n\t\t\t\t<div class=\"elementor-element elementor-element-d3ad697 elementor-widget elementor-widget-text-editor\" data-id=\"d3ad697\" data-element_type=\"widget\" data-e-type=\"widget\" data-widget_type=\"text-editor.default\">\n\t\t\t\t<div class=\"elementor-widget-container\">\n\t\t\t\t\t\t\t\t\t<p style=\"padding-left: 20px;\">&#8211; Att\u00e9nuation du changement climatique<br>&#8211; Adaptation au changement climatique<br>&#8211; Utilisation durable et protection des ressources en eau et des ressources marines<br>&#8211; Transition vers une \u00e9conomie circulaire<br>&#8211; Pr\u00e9vention et contr\u00f4le de la pollution<br>&#8211; Protection de la biodiversit\u00e9 et des \u00e9cosyst\u00e8mes<\/p>\t\t\t\t\t\t\t\t<\/div>\n\t\t\t\t<\/div>\n\t\t\t\t<div class=\"elementor-element elementor-element-7a628b9 elementor-widget elementor-widget-text-editor\" data-id=\"7a628b9\" data-element_type=\"widget\" data-e-type=\"widget\" data-widget_type=\"text-editor.default\">\n\t\t\t\t<div class=\"elementor-widget-container\">\n\t\t\t\t\t\t\t\t\t<p>\u2022 Rapporter la contribution \u00e9cologique d&rsquo;un portefeuille de projets en termes financiers afin de faciliter les d\u00e9cisions d&rsquo;investissement<\/p>\t\t\t\t\t\t\t\t<\/div>\n\t\t\t\t<\/div>\n\t\t\t\t<div class=\"elementor-element elementor-element-c3b84ed elementor-widget elementor-widget-text-editor\" data-id=\"c3b84ed\" data-element_type=\"widget\" data-e-type=\"widget\" data-widget_type=\"text-editor.default\">\n\t\t\t\t<div class=\"elementor-widget-container\">\n\t\t\t\t\t\t\t\t\t<p>L\u2019alignement sur la Taxonomie Verte Europ\u00e9enne est obligatoire pour les entreprises soumises \u00e0 la Directive sur le Reporting de Durabilit\u00e9 des Entreprises (CSRD). En raison de la r\u00e9forme Omnibus, qui r\u00e9visait le p\u00e9rim\u00e8tre des entreprises tenues de se conformer \u00e0 la CSRD, Amarenco n\u2019est pas soumis \u00e0 la CSRD et n\u2019est donc pas oblig\u00e9 de s\u2019aligner sur la Taxonomie. N\u00e9anmoins, l\u2019entreprise anticipe volontairement cette exigence dans le cadre de sa strat\u00e9gie ESG align\u00e9e sur sa vision 2030\u20132050. Amarenco rend compte en interne des activit\u00e9s consid\u00e9r\u00e9es comme durables ou contribuant \u00e0 la transition \u00e9cologique, conform\u00e9ment aux crit\u00e8res de la taxonomie verte de l\u2019UE.<br>Toutes les activit\u00e9s d\u2019Amarenco sont align\u00e9es sur la Taxonomie Verte Europ\u00e9enne (non v\u00e9rifi\u00e9 par un tiers ind\u00e9pendant). Elles entrent dans trois cat\u00e9gories :    <\/p>\t\t\t\t\t\t\t\t<\/div>\n\t\t\t\t<\/div>\n\t\t\t\t<div class=\"elementor-element elementor-element-ac659e5 elementor-widget elementor-widget-text-editor\" data-id=\"ac659e5\" data-element_type=\"widget\" data-e-type=\"widget\" data-widget_type=\"text-editor.default\">\n\t\t\t\t<div class=\"elementor-widget-container\">\n\t\t\t\t\t\t\t\t\t<p style=\"padding-left: 20px;\">\u2013 Installation, maintenance et r\u00e9paration de technologies d&rsquo;\u00e9nergies renouvelables (Annexe 1, Article 7.6 du R\u00e8glement D\u00e9l\u00e9gu\u00e9 (UE) 2021\/2139)<br>\u2013 Production d&rsquo;\u00e9lectricit\u00e9 \u00e0 partir de la technologie solaire photovolta\u00efque (Annexe 1, Article 4.1, ibid.) <br>\u2013 Stockage de l&rsquo;\u00e9lectricit\u00e9 (Annexe 1, Article 4.10, op. cit.)<\/p>\t\t\t\t\t\t\t\t<\/div>\n\t\t\t\t<\/div>\n\t\t\t\t<div class=\"elementor-element elementor-element-4c0de16 elementor-widget elementor-widget-image\" data-id=\"4c0de16\" data-element_type=\"widget\" data-e-type=\"widget\" data-widget_type=\"image.default\">\n\t\t\t\t<div class=\"elementor-widget-container\">\n\t\t\t\t\t\t\t\t\t\t\t\t\t\t\t<img fetchpriority=\"high\" decoding=\"async\" width=\"800\" height=\"534\" src=\"https:\/\/sustainability2024.amarencogroup.com\/wp-content\/uploads\/2025\/08\/shutterstock_2616620237-taxonomy-1024x683.webp\" class=\"attachment-large size-large wp-image-6335\" alt=\"\" srcset=\"https:\/\/sustainability2024.amarencogroup.com\/wp-content\/uploads\/2025\/08\/shutterstock_2616620237-taxonomy-1024x683.webp 1024w, https:\/\/sustainability2024.amarencogroup.com\/wp-content\/uploads\/2025\/08\/shutterstock_2616620237-taxonomy-300x200.webp 300w, https:\/\/sustainability2024.amarencogroup.com\/wp-content\/uploads\/2025\/08\/shutterstock_2616620237-taxonomy-768x512.webp 768w, https:\/\/sustainability2024.amarencogroup.com\/wp-content\/uploads\/2025\/08\/shutterstock_2616620237-taxonomy.webp 1200w\" sizes=\"(max-width: 800px) 100vw, 800px\" \/>\t\t\t\t\t\t\t\t\t\t\t\t\t\t\t<\/div>\n\t\t\t\t<\/div>\n\t\t\t\t<div class=\"elementor-element elementor-element-f1ae70f elementor-widget elementor-widget-heading\" data-id=\"f1ae70f\" data-element_type=\"widget\" data-e-type=\"widget\" data-widget_type=\"heading.default\">\n\t\t\t\t<div class=\"elementor-widget-container\">\n\t\t\t\t\t<h2 class=\"elementor-heading-title elementor-size-default\">Indicateurs cl\u00e9s :<\/h2>\t\t\t\t<\/div>\n\t\t\t\t<\/div>\n\t\t\t\t<div class=\"elementor-element elementor-element-809317e elementor-widget elementor-widget-text-editor\" data-id=\"809317e\" data-element_type=\"widget\" data-e-type=\"widget\" data-widget_type=\"text-editor.default\">\n\t\t\t\t<div class=\"elementor-widget-container\">\n\t\t\t\t\t\t\t\t\t<p style=\"padding-left: 20px;\">% de chiffre d&rsquo;affaires \u00e9ligible selon la Taxonomie : <strong><span style=\"color: #ff5c00;\">100%<\/span><br><\/strong>Alignement avec la Taxonomie <strong><span style=\"color: #ff5c00;\">Oui<\/span><br><\/strong>% de chiffre d&rsquo;affaires align\u00e9 avec la Taxonomie : <strong><span style=\"color: #ff5c00;\">100%<\/span><br><\/strong>% des CAPEX align\u00e9s avec la Taxonomie : <strong><span style=\"color: #ff5c00;\">100%<\/span><br><\/strong>% des OPEX align\u00e9s avec la Taxonomie :<span style=\"color: #ff5c00;\"><strong> 100%<\/strong><\/span><\/p>\t\t\t\t\t\t\t\t<\/div>\n\t\t\t\t<\/div>\n\t\t\t\t<div class=\"elementor-element elementor-element-c1e6ebe elementor-widget elementor-widget-text-editor\" data-id=\"c1e6ebe\" data-element_type=\"widget\" data-e-type=\"widget\" data-widget_type=\"text-editor.default\">\n\t\t\t\t<div class=\"elementor-widget-container\">\n\t\t\t\t\t\t\t\t\t<p>La conformit\u00e9 \u00e0 la Taxonomie Verte Europ\u00e9enne exige \u00e9galement le respect du principe \u00ab Ne pas causer de pr\u00e9judice significatif \u00bb (DNSH &#8211; Do No Significant Harm), qui garantit qu&rsquo;aucun dommage significatif n&rsquo;est caus\u00e9 \u00e0 l&rsquo;un des six objectifs environnementaux de l&rsquo;UE. Ce principe est int\u00e9gr\u00e9 dans les crit\u00e8res ESG appliqu\u00e9s par le Comit\u00e9 d&rsquo;Investissement d&rsquo;Amarenco, avec un score minimum requis pour la validation des projets. Cela garantit que les sites d&rsquo;Amarenco sont con\u00e7us pour \u00eatre r\u00e9silients face aux risques climatiques futurs et n&rsquo;aggravent pas les risques environnementaux pour les communaut\u00e9s locales.<br>Pour respecter le principe DNSH, Amarenco a mis en \u0153uvre plusieurs mesures :  <\/p>\t\t\t\t\t\t\t\t<\/div>\n\t\t\t\t<\/div>\n\t\t\t\t<div class=\"elementor-element elementor-element-caddf6d elementor-widget elementor-widget-text-editor\" data-id=\"caddf6d\" data-element_type=\"widget\" data-e-type=\"widget\" data-widget_type=\"text-editor.default\">\n\t\t\t\t<div class=\"elementor-widget-container\">\n\t\t\t\t\t\t\t\t\t<ul><li><strong>Risques li\u00e9s \u00e0 la temp\u00e9rature :<\/strong> Amarenco a introduit une politique interne d&rsquo;adaptation aux risques climatiques couvrant les modules, les onduleurs, les \u00e9quipements \u00e9lectriques, les batteries, les structures de montage et les normes de s\u00e9curit\u00e9 incendie compte tenu de la hausse des temp\u00e9ratures atmosph\u00e9riques. Les risques sont \u00e9valu\u00e9s lors de l&rsquo;analyse du site \u00e0 l&rsquo;aide de donn\u00e9es historiques. Amarenco travaille \u00e9galement \u00e0 l&rsquo;int\u00e9gration de sc\u00e9narios climatiques prospectifs.  <\/li><li><strong>Risques li\u00e9s au vent :<\/strong> Les risques li\u00e9s aux temp\u00eates sont trait\u00e9s dans la politique interne d&rsquo;adaptation aux risques climatiques et \u00e9valu\u00e9s au stade de l&rsquo;analyse du site.<\/li><li><strong>Risques li\u00e9s \u00e0 l&rsquo;eau : <\/strong> La politique d&rsquo;adaptation couvre les changements de r\u00e9gime des pr\u00e9cipitations et les risques de gr\u00eale, pris en compte dans les structures hydrauliques, la s\u00e9lection des panneaux et l&rsquo;assurance. Les risques sont \u00e9valu\u00e9s lors de l&rsquo;analyse initiale du site. <\/li><li><strong>Risques li\u00e9s aux glissements de terrain :<\/strong> La politique int\u00e8gre \u00e9galement les impacts du changement climatique sur les sols et les \u00e9tudes g\u00e9otechniques, \u00e9valu\u00e9s au stade de l&rsquo;analyse du site.<\/li><li><strong>Impacts sur la biodiversit\u00e9 : <\/strong>La biodiversit\u00e9 et la sant\u00e9 des sols sont surveill\u00e9es avant la construction et tout au long du cycle de vie des centrales, \u00e0 l\u2019aide d\u2019un protocole mis en \u0153uvre par un organisme tiers. Des programmes sp\u00e9cifiques aux sites sont d\u00e9ploy\u00e9s pour r\u00e9g\u00e9n\u00e9rer les \u00e9cosyst\u00e8mes et am\u00e9liorer la biodiversit\u00e9. <\/li><li><strong>Circularit\u00e9 :<\/strong> Voir la section sur le Recyclage et l&rsquo;\u00c9conomie Circulaire.<\/li><\/ul>\t\t\t\t\t\t\t\t<\/div>\n\t\t\t\t<\/div>\n\t\t\t\t<div class=\"elementor-element elementor-element-4338a64 elementor-widget elementor-widget-text-editor\" data-id=\"4338a64\" data-element_type=\"widget\" data-e-type=\"widget\" data-widget_type=\"text-editor.default\">\n\t\t\t\t<div class=\"elementor-widget-container\">\n\t\t\t\t\t\t\t\t\t<p>De plus amples d\u00e9tails sur la contribution d&rsquo;Amarenco aux objectifs environnementaux de l&rsquo;UE peuvent \u00eatre trouv\u00e9s sur le site web de l&rsquo;entreprise d\u00e9di\u00e9 \u00e0 son approche r\u00e9g\u00e9n\u00e9rative.<\/p>\t\t\t\t\t\t\t\t<\/div>\n\t\t\t\t<\/div>\n\t\t\t\t<div class=\"elementor-element elementor-element-8eda21c elementor-widget elementor-widget-text-editor\" data-id=\"8eda21c\" data-element_type=\"widget\" data-e-type=\"widget\" data-widget_type=\"text-editor.default\">\n\t\t\t\t<div class=\"elementor-widget-container\">\n\t\t\t\t\t\t\t\t\t<p>Enfin, la Taxonomie Verte exige le respect de <strong>garanties sociales minimales,<\/strong> assur\u00e9 gr\u00e2ce \u00e0 l&rsquo;int\u00e9gration des standards internationaux suivants : les conventions de l&rsquo;OIT, les Principes Directeurs de l&rsquo;OCDE pour les Entreprises Multinationales, et les Principes Directeurs des Nations Unies relatifs aux Entreprises et aux Droits de l&rsquo;Homme. Ces principes sont incorpor\u00e9s dans le Code de Conduite Interne d&rsquo;Amarenco, la Politique ESG QHSE, et les clauses \u00e9thiques des contrats des fournisseurs et sous-traitants. Des outils sont \u00e9galement en place pour \u00e9valuer et assurer le respect de ces garanties minimales. (Pour plus de d\u00e9tails, voir les sections Cha\u00eene d&rsquo;Approvisionnement et Social).   <\/p>\t\t\t\t\t\t\t\t<\/div>\n\t\t\t\t<\/div>\n\t\t\t\t\t<\/div>\n\t\t\t\t<\/div>\n\t\t\t\t<\/div>\n\t\t","protected":false},"excerpt":{"rendered":"<p>Gouvernance Taxonomie Directive Taxonomie Verte Europ\u00e9enne La Directive Taxonomie Verte Europ\u00e9enne, \u00e9galement appel\u00e9e R\u00e8glement (UE) 2020\/852 du Parlement Europ\u00e9en et du Conseil du 18 juin 2020, est le syst\u00e8me de classification \u00e0 l&rsquo;\u00e9chelle de l&rsquo;UE con\u00e7u pour identifier les activit\u00e9s \u00e9conomiques durables. Elle \u00e9tablit des obligations de reporting pour certaines entreprises, qui consistent \u00e0 : [&hellip;]<\/p>\n","protected":false},"author":1,"featured_media":5820,"parent":0,"menu_order":0,"comment_status":"closed","ping_status":"closed","template":"elementor_header_footer","meta":{"footnotes":""},"class_list":["post-6414","page","type-page","status-publish","has-post-thumbnail","hentry"],"_links":{"self":[{"href":"https:\/\/sustainability2024.amarencogroup.com\/fr\/wp-json\/wp\/v2\/pages\/6414","targetHints":{"allow":["GET"]}}],"collection":[{"href":"https:\/\/sustainability2024.amarencogroup.com\/fr\/wp-json\/wp\/v2\/pages"}],"about":[{"href":"https:\/\/sustainability2024.amarencogroup.com\/fr\/wp-json\/wp\/v2\/types\/page"}],"author":[{"embeddable":true,"href":"https:\/\/sustainability2024.amarencogroup.com\/fr\/wp-json\/wp\/v2\/users\/1"}],"replies":[{"embeddable":true,"href":"https:\/\/sustainability2024.amarencogroup.com\/fr\/wp-json\/wp\/v2\/comments?post=6414"}],"version-history":[{"count":3,"href":"https:\/\/sustainability2024.amarencogroup.com\/fr\/wp-json\/wp\/v2\/pages\/6414\/revisions"}],"predecessor-version":[{"id":7292,"href":"https:\/\/sustainability2024.amarencogroup.com\/fr\/wp-json\/wp\/v2\/pages\/6414\/revisions\/7292"}],"wp:featuredmedia":[{"embeddable":true,"href":"https:\/\/sustainability2024.amarencogroup.com\/fr\/wp-json\/wp\/v2\/media\/5820"}],"wp:attachment":[{"href":"https:\/\/sustainability2024.amarencogroup.com\/fr\/wp-json\/wp\/v2\/media?parent=6414"}],"curies":[{"name":"wp","href":"https:\/\/api.w.org\/{rel}","templated":true}]}}