{"id":6432,"date":"2025-07-10T14:04:35","date_gmt":"2025-07-10T12:04:35","guid":{"rendered":"https:\/\/sustainability2024.amarencogroup.com\/gouvernance-cybersecurite\/"},"modified":"2025-09-23T17:48:47","modified_gmt":"2025-09-23T15:48:47","slug":"gouvernance-cybersecurite","status":"publish","type":"page","link":"https:\/\/sustainability2024.amarencogroup.com\/fr\/gouvernance-cybersecurite\/","title":{"rendered":"Gouvernance &#8211; Cybersecurit\u00e9"},"content":{"rendered":"\t\t<div data-elementor-type=\"wp-page\" data-elementor-id=\"6432\" class=\"elementor elementor-6432 elementor-2945\" data-elementor-post-type=\"page\">\n\t\t\t\t<div class=\"elementor-element elementor-element-82fa36a e-con-full e-flex e-con e-parent\" data-id=\"82fa36a\" data-element_type=\"container\" data-e-type=\"container\" data-settings=\"{&quot;background_background&quot;:&quot;classic&quot;}\">\n\t\t<div class=\"elementor-element elementor-element-7f4b5e7 e-con-full e-flex e-con e-child\" data-id=\"7f4b5e7\" data-element_type=\"container\" data-e-type=\"container\">\n\t\t\t\t<div class=\"elementor-element elementor-element-410b597 elementor-widget elementor-widget-heading\" data-id=\"410b597\" data-element_type=\"widget\" data-e-type=\"widget\" data-widget_type=\"heading.default\">\n\t\t\t\t<div class=\"elementor-widget-container\">\n\t\t\t\t\t<h2 class=\"elementor-heading-title elementor-size-default\">Gouvernance<\/h2>\t\t\t\t<\/div>\n\t\t\t\t<\/div>\n\t\t\t\t<div class=\"elementor-element elementor-element-a3603f3 elementor-widget-divider--view-line elementor-widget elementor-widget-divider\" data-id=\"a3603f3\" data-element_type=\"widget\" data-e-type=\"widget\" data-widget_type=\"divider.default\">\n\t\t\t\t<div class=\"elementor-widget-container\">\n\t\t\t\t\t\t\t<div class=\"elementor-divider\">\n\t\t\t<span class=\"elementor-divider-separator\">\n\t\t\t\t\t\t<\/span>\n\t\t<\/div>\n\t\t\t\t\t\t<\/div>\n\t\t\t\t<\/div>\n\t\t\t\t<\/div>\n\t\t\t\t<div class=\"elementor-element elementor-element-43e4ef4 elementor-widget elementor-widget-heading\" data-id=\"43e4ef4\" data-element_type=\"widget\" data-e-type=\"widget\" data-settings=\"{&quot;_animation&quot;:&quot;none&quot;,&quot;_animation_mobile&quot;:&quot;none&quot;}\" data-widget_type=\"heading.default\">\n\t\t\t\t<div class=\"elementor-widget-container\">\n\t\t\t\t\t<h1 class=\"elementor-heading-title elementor-size-default\">Cybersecurit\u00e9<\/h1>\t\t\t\t<\/div>\n\t\t\t\t<\/div>\n\t\t\t\t<div class=\"elementor-element elementor-element-f243682 elementor-widget elementor-widget-heading\" data-id=\"f243682\" data-element_type=\"widget\" data-e-type=\"widget\" data-settings=\"{&quot;_animation_mobile&quot;:&quot;none&quot;}\" data-widget_type=\"heading.default\">\n\t\t\t\t<div class=\"elementor-widget-container\">\n\t\t\t\t\t<h2 class=\"elementor-heading-title elementor-size-default\">UN ENGAGEMENT PROACTIF<\/h2>\t\t\t\t<\/div>\n\t\t\t\t<\/div>\n\t\t\t\t<\/div>\n\t\t<div class=\"elementor-element elementor-element-8da8e34 e-flex e-con-boxed e-con e-parent\" data-id=\"8da8e34\" data-element_type=\"container\" data-e-type=\"container\" data-settings=\"{&quot;background_background&quot;:&quot;classic&quot;}\">\n\t\t\t\t\t<div class=\"e-con-inner\">\n\t\t\t\t<div class=\"elementor-element elementor-element-117ecf1 elementor-widget elementor-widget-text-editor\" data-id=\"117ecf1\" data-element_type=\"widget\" data-e-type=\"widget\" data-widget_type=\"text-editor.default\">\n\t\t\t\t<div class=\"elementor-widget-container\">\n\t\t\t\t\t\t\t\t\t<p><strong>Amarenco d\u00e9montre son engagement proactif en mati\u00e8re de cybers\u00e9curit\u00e9 et de conformit\u00e9 r\u00e9glementaire. Anticipant la transposition de la directive europ\u00e9enne NIS2 dans les droits nationaux, initialement pr\u00e9vue pour octobre 2024 mais d\u00e9sormais retard\u00e9e dans de nombreux pays europ\u00e9ens, Amarenco a choisi de prendre de l\u2019avance. <\/strong><\/p>\t\t\t\t\t\t\t\t<\/div>\n\t\t\t\t<\/div>\n\t\t\t\t<div class=\"elementor-element elementor-element-94760e9 elementor-widget elementor-widget-text-editor\" data-id=\"94760e9\" data-element_type=\"widget\" data-e-type=\"widget\" data-widget_type=\"text-editor.default\">\n\t\t\t\t<div class=\"elementor-widget-container\">\n\t\t\t\t\t\t\t\t\t<p>Dans cet esprit, l\u2019entreprise a nomm\u00e9 un Responsable Cybers\u00e9curit\u00e9 en 2024 et s\u2019est engag\u00e9e dans une d\u00e9marche structur\u00e9e, accompagn\u00e9e par iTracing, une soci\u00e9t\u00e9 sp\u00e9cialis\u00e9e dans la gestion des risques num\u00e9riques et li\u00e9s \u00e0 la cybers\u00e9curit\u00e9. Cette collaboration s\u2019appuie \u00e9galement sur une relation de confiance, iTracing \u00e9tant une filiale de Tikehau Capital, l\u2019un des investisseurs d\u2019Amarenco. Cette d\u00e9marche t\u00e9moigne de la d\u00e9termination d\u2019Amarenco \u00e0 adopter les meilleures pratiques en mati\u00e8re de s\u00e9curit\u00e9 des syst\u00e8mes d\u2019information, au-del\u00e0 des exigences r\u00e9glementaires, et \u00e0 s\u00e9curiser durablement ses op\u00e9rations et ses parties prenantes.  <\/p>\t\t\t\t\t\t\t\t<\/div>\n\t\t\t\t<\/div>\n\t\t<div class=\"elementor-element elementor-element-3b12c06 e-con-full e-flex e-con e-child\" data-id=\"3b12c06\" data-element_type=\"container\" data-e-type=\"container\" data-settings=\"{&quot;background_background&quot;:&quot;classic&quot;}\">\n\t\t\t\t<div class=\"elementor-element elementor-element-18be2a1 elementor-widget elementor-widget-image\" data-id=\"18be2a1\" data-element_type=\"widget\" data-e-type=\"widget\" data-widget_type=\"image.default\">\n\t\t\t\t<div class=\"elementor-widget-container\">\n\t\t\t\t\t\t\t\t\t\t\t\t\t\t\t\t<a href=\"https:\/\/i-tracing.com\/\" target=\"_blank\" rel=\"noopener\">\n\t\t\t\t\t\t\t<img decoding=\"async\" width=\"500\" height=\"91\" src=\"https:\/\/sustainability2024.amarencogroup.com\/wp-content\/uploads\/2025\/07\/itracing-logo-original.929064.webp\" class=\"attachment-large size-large wp-image-5833\" alt=\"\" srcset=\"https:\/\/sustainability2024.amarencogroup.com\/wp-content\/uploads\/2025\/07\/itracing-logo-original.929064.webp 500w, https:\/\/sustainability2024.amarencogroup.com\/wp-content\/uploads\/2025\/07\/itracing-logo-original.929064-300x55.webp 300w\" sizes=\"(max-width: 500px) 100vw, 500px\" \/>\t\t\t\t\t\t\t\t<\/a>\n\t\t\t\t\t\t\t\t\t\t\t\t\t\t\t<\/div>\n\t\t\t\t<\/div>\n\t\t\t\t<\/div>\n\t\t\t\t\t<\/div>\n\t\t\t\t<\/div>\n\t\t\t\t<\/div>\n\t\t","protected":false},"excerpt":{"rendered":"<p>Gouvernance Cybersecurit\u00e9 UN ENGAGEMENT PROACTIF Amarenco d\u00e9montre son engagement proactif en mati\u00e8re de cybers\u00e9curit\u00e9 et de conformit\u00e9 r\u00e9glementaire. Anticipant la transposition de la directive europ\u00e9enne NIS2 dans les droits nationaux, initialement pr\u00e9vue pour octobre 2024 mais d\u00e9sormais retard\u00e9e dans de nombreux pays europ\u00e9ens, Amarenco a choisi de prendre de l\u2019avance. Dans cet esprit, l\u2019entreprise a [&hellip;]<\/p>\n","protected":false},"author":1,"featured_media":5814,"parent":0,"menu_order":0,"comment_status":"closed","ping_status":"closed","template":"elementor_header_footer","meta":{"footnotes":""},"class_list":["post-6432","page","type-page","status-publish","has-post-thumbnail","hentry"],"_links":{"self":[{"href":"https:\/\/sustainability2024.amarencogroup.com\/fr\/wp-json\/wp\/v2\/pages\/6432","targetHints":{"allow":["GET"]}}],"collection":[{"href":"https:\/\/sustainability2024.amarencogroup.com\/fr\/wp-json\/wp\/v2\/pages"}],"about":[{"href":"https:\/\/sustainability2024.amarencogroup.com\/fr\/wp-json\/wp\/v2\/types\/page"}],"author":[{"embeddable":true,"href":"https:\/\/sustainability2024.amarencogroup.com\/fr\/wp-json\/wp\/v2\/users\/1"}],"replies":[{"embeddable":true,"href":"https:\/\/sustainability2024.amarencogroup.com\/fr\/wp-json\/wp\/v2\/comments?post=6432"}],"version-history":[{"count":5,"href":"https:\/\/sustainability2024.amarencogroup.com\/fr\/wp-json\/wp\/v2\/pages\/6432\/revisions"}],"predecessor-version":[{"id":7245,"href":"https:\/\/sustainability2024.amarencogroup.com\/fr\/wp-json\/wp\/v2\/pages\/6432\/revisions\/7245"}],"wp:featuredmedia":[{"embeddable":true,"href":"https:\/\/sustainability2024.amarencogroup.com\/fr\/wp-json\/wp\/v2\/media\/5814"}],"wp:attachment":[{"href":"https:\/\/sustainability2024.amarencogroup.com\/fr\/wp-json\/wp\/v2\/media?parent=6432"}],"curies":[{"name":"wp","href":"https:\/\/api.w.org\/{rel}","templated":true}]}}