{"id":6436,"date":"2025-07-15T16:10:51","date_gmt":"2025-07-15T14:10:51","guid":{"rendered":"https:\/\/sustainability2024.amarencogroup.com\/gouvernance-double-materialite\/"},"modified":"2025-09-23T17:50:35","modified_gmt":"2025-09-23T15:50:35","slug":"gouvernance-double-materialite","status":"publish","type":"page","link":"https:\/\/sustainability2024.amarencogroup.com\/fr\/gouvernance-double-materialite\/","title":{"rendered":"Gouvernance &#8211; DOUBLE MAT\u00c9RIALIT\u00c9"},"content":{"rendered":"\t\t<div data-elementor-type=\"wp-page\" data-elementor-id=\"6436\" class=\"elementor elementor-6436 elementor-3515\" data-elementor-post-type=\"page\">\n\t\t\t\t<div class=\"elementor-element elementor-element-82fa36a e-con-full e-flex e-con e-parent\" data-id=\"82fa36a\" data-element_type=\"container\" data-e-type=\"container\" data-settings=\"{&quot;background_background&quot;:&quot;classic&quot;}\">\n\t\t<div class=\"elementor-element elementor-element-7f4b5e7 e-con-full e-flex e-con e-child\" data-id=\"7f4b5e7\" data-element_type=\"container\" data-e-type=\"container\">\n\t\t\t\t<div class=\"elementor-element elementor-element-410b597 elementor-widget elementor-widget-heading\" data-id=\"410b597\" data-element_type=\"widget\" data-e-type=\"widget\" data-widget_type=\"heading.default\">\n\t\t\t\t<div class=\"elementor-widget-container\">\n\t\t\t\t\t<h2 class=\"elementor-heading-title elementor-size-default\">Gouvernance<\/h2>\t\t\t\t<\/div>\n\t\t\t\t<\/div>\n\t\t\t\t<div class=\"elementor-element elementor-element-a3603f3 elementor-widget-divider--view-line elementor-widget elementor-widget-divider\" data-id=\"a3603f3\" data-element_type=\"widget\" data-e-type=\"widget\" data-widget_type=\"divider.default\">\n\t\t\t\t<div class=\"elementor-widget-container\">\n\t\t\t\t\t\t\t<div class=\"elementor-divider\">\n\t\t\t<span class=\"elementor-divider-separator\">\n\t\t\t\t\t\t<\/span>\n\t\t<\/div>\n\t\t\t\t\t\t<\/div>\n\t\t\t\t<\/div>\n\t\t\t\t<\/div>\n\t\t\t\t<div class=\"elementor-element elementor-element-43e4ef4 elementor-widget elementor-widget-heading\" data-id=\"43e4ef4\" data-element_type=\"widget\" data-e-type=\"widget\" data-settings=\"{&quot;_animation&quot;:&quot;none&quot;,&quot;_animation_mobile&quot;:&quot;none&quot;}\" data-widget_type=\"heading.default\">\n\t\t\t\t<div class=\"elementor-widget-container\">\n\t\t\t\t\t<h1 class=\"elementor-heading-title elementor-size-default\">DOUBLE MAT\u00c9RIALIT\u00c9<\/h1>\t\t\t\t<\/div>\n\t\t\t\t<\/div>\n\t\t\t\t<div class=\"elementor-element elementor-element-f243682 elementor-widget elementor-widget-heading\" data-id=\"f243682\" data-element_type=\"widget\" data-e-type=\"widget\" data-settings=\"{&quot;_animation_mobile&quot;:&quot;none&quot;}\" data-widget_type=\"heading.default\">\n\t\t\t\t<div class=\"elementor-widget-container\">\n\t\t\t\t\t<h2 class=\"elementor-heading-title elementor-size-default\">IMPACTS, RISQUES &amp; OPPORTUNIT\u00c9S<\/h2>\t\t\t\t<\/div>\n\t\t\t\t<\/div>\n\t\t\t\t<\/div>\n\t\t<div class=\"elementor-element elementor-element-8da8e34 e-flex e-con-boxed e-con e-parent\" data-id=\"8da8e34\" data-element_type=\"container\" data-e-type=\"container\" data-settings=\"{&quot;background_background&quot;:&quot;classic&quot;}\">\n\t\t\t\t\t<div class=\"e-con-inner\">\n\t\t\t\t<div class=\"elementor-element elementor-element-a19cb4e elementor-widget elementor-widget-image\" data-id=\"a19cb4e\" data-element_type=\"widget\" data-e-type=\"widget\" data-widget_type=\"image.default\">\n\t\t\t\t<div class=\"elementor-widget-container\">\n\t\t\t\t\t\t\t\t\t\t\t\t\t\t\t<img fetchpriority=\"high\" decoding=\"async\" width=\"578\" height=\"218\" src=\"https:\/\/sustainability2024.amarencogroup.com\/wp-content\/uploads\/2025\/08\/schema-entier-4-FR.webp\" class=\"attachment-large size-large wp-image-5888\" alt=\"\" srcset=\"https:\/\/sustainability2024.amarencogroup.com\/wp-content\/uploads\/2025\/08\/schema-entier-4-FR.webp 578w, https:\/\/sustainability2024.amarencogroup.com\/wp-content\/uploads\/2025\/08\/schema-entier-4-FR-300x113.webp 300w\" sizes=\"(max-width: 578px) 100vw, 578px\" \/>\t\t\t\t\t\t\t\t\t\t\t\t\t\t\t<\/div>\n\t\t\t\t<\/div>\n\t\t\t\t<div class=\"elementor-element elementor-element-891e077 elementor-widget elementor-widget-heading\" data-id=\"891e077\" data-element_type=\"widget\" data-e-type=\"widget\" data-widget_type=\"heading.default\">\n\t\t\t\t<div class=\"elementor-widget-container\">\n\t\t\t\t\t<h2 class=\"elementor-heading-title elementor-size-default\">Double mat\u00e9rialit\u00e9 d\u2019Amarenco<\/h2>\t\t\t\t<\/div>\n\t\t\t\t<\/div>\n\t\t\t\t<div class=\"elementor-element elementor-element-809317e elementor-widget elementor-widget-text-editor\" data-id=\"809317e\" data-element_type=\"widget\" data-e-type=\"widget\" data-widget_type=\"text-editor.default\">\n\t\t\t\t<div class=\"elementor-widget-container\">\n\t\t\t\t\t\t\t\t\t<p>Amarenco a r\u00e9alis\u00e9 sa premi\u00e8re caract\u00e9risation des parties prenantes et \u00e9valuation de mat\u00e9rialit\u00e9 en 2021, conduisant \u00e0 la d\u00e9finition de la strat\u00e9gie ESG et de la vision 2030-2050 d&rsquo;Amarenco.<\/p><p>En 2024, nous avons initi\u00e9 un processus d&rsquo;\u00e9valuation de double mat\u00e9rialit\u00e9 (DMA), qui permettra d&rsquo;identifier nos sujets mat\u00e9riels en 2025.<\/p><p>En 2024, nous avons collabor\u00e9 avec d&rsquo;autres entreprises du secteur des \u00e9nergies renouvelables, au sein du groupe de travail \u00ab\u00a0La Plateforme Verte\u00a0\u00bb, pour d\u00e9finir les sujets mat\u00e9riels du secteur. Les employ\u00e9s et administrateurs d&rsquo;Amarenco ont \u00e9valu\u00e9 les impacts, risques et opportunit\u00e9s identifi\u00e9s. <\/p>\t\t\t\t\t\t\t\t<\/div>\n\t\t\t\t<\/div>\n\t\t\t\t<div class=\"elementor-element elementor-element-8068785 elementor-widget elementor-widget-text-editor\" data-id=\"8068785\" data-element_type=\"widget\" data-e-type=\"widget\" data-widget_type=\"text-editor.default\">\n\t\t\t\t<div class=\"elementor-widget-container\">\n\t\t\t\t\t\t\t\t\t<p>23 sujets mat\u00e9riels ont \u00e9t\u00e9 identifi\u00e9s.<\/p>\t\t\t\t\t\t\t\t<\/div>\n\t\t\t\t<\/div>\n\t\t\t\t<div class=\"elementor-element elementor-element-27debdc elementor-widget elementor-widget-text-editor\" data-id=\"27debdc\" data-element_type=\"widget\" data-e-type=\"widget\" data-widget_type=\"text-editor.default\">\n\t\t\t\t<div class=\"elementor-widget-container\">\n\t\t\t\t\t\t\t\t\t<p>En 2024, Amarenco a \u00e9galement revu la liste compl\u00e8te des parties prenantes, les interactions avec elles, et organis\u00e9 de nombreux ateliers avec les employ\u00e9s internes.<\/p>\t\t\t\t\t\t\t\t<\/div>\n\t\t\t\t<\/div>\n\t\t\t\t\t<\/div>\n\t\t\t\t<\/div>\n\t\t\t\t<\/div>\n\t\t","protected":false},"excerpt":{"rendered":"<p>Gouvernance DOUBLE MAT\u00c9RIALIT\u00c9 IMPACTS, RISQUES &amp; OPPORTUNIT\u00c9S Double mat\u00e9rialit\u00e9 d\u2019Amarenco Amarenco a r\u00e9alis\u00e9 sa premi\u00e8re caract\u00e9risation des parties prenantes et \u00e9valuation de mat\u00e9rialit\u00e9 en 2021, conduisant \u00e0 la d\u00e9finition de la strat\u00e9gie ESG et de la vision 2030-2050 d&rsquo;Amarenco. En 2024, nous avons initi\u00e9 un processus d&rsquo;\u00e9valuation de double mat\u00e9rialit\u00e9 (DMA), qui permettra d&rsquo;identifier nos [&hellip;]<\/p>\n","protected":false},"author":1,"featured_media":5821,"parent":0,"menu_order":0,"comment_status":"closed","ping_status":"closed","template":"elementor_header_footer","meta":{"footnotes":""},"class_list":["post-6436","page","type-page","status-publish","has-post-thumbnail","hentry"],"_links":{"self":[{"href":"https:\/\/sustainability2024.amarencogroup.com\/fr\/wp-json\/wp\/v2\/pages\/6436","targetHints":{"allow":["GET"]}}],"collection":[{"href":"https:\/\/sustainability2024.amarencogroup.com\/fr\/wp-json\/wp\/v2\/pages"}],"about":[{"href":"https:\/\/sustainability2024.amarencogroup.com\/fr\/wp-json\/wp\/v2\/types\/page"}],"author":[{"embeddable":true,"href":"https:\/\/sustainability2024.amarencogroup.com\/fr\/wp-json\/wp\/v2\/users\/1"}],"replies":[{"embeddable":true,"href":"https:\/\/sustainability2024.amarencogroup.com\/fr\/wp-json\/wp\/v2\/comments?post=6436"}],"version-history":[{"count":11,"href":"https:\/\/sustainability2024.amarencogroup.com\/fr\/wp-json\/wp\/v2\/pages\/6436\/revisions"}],"predecessor-version":[{"id":7254,"href":"https:\/\/sustainability2024.amarencogroup.com\/fr\/wp-json\/wp\/v2\/pages\/6436\/revisions\/7254"}],"wp:featuredmedia":[{"embeddable":true,"href":"https:\/\/sustainability2024.amarencogroup.com\/fr\/wp-json\/wp\/v2\/media\/5821"}],"wp:attachment":[{"href":"https:\/\/sustainability2024.amarencogroup.com\/fr\/wp-json\/wp\/v2\/media?parent=6436"}],"curies":[{"name":"wp","href":"https:\/\/api.w.org\/{rel}","templated":true}]}}