{"id":6468,"date":"2025-06-18T10:45:26","date_gmt":"2025-06-18T08:45:26","guid":{"rendered":"https:\/\/sustainability2024.amarencogroup.com\/environnement-ana-maria-dubois\/"},"modified":"2025-09-23T16:04:20","modified_gmt":"2025-09-23T14:04:20","slug":"environnement-ana-maria-dubois","status":"publish","type":"page","link":"https:\/\/sustainability2024.amarencogroup.com\/fr\/environnement-ana-maria-dubois\/","title":{"rendered":"Environnement &#8211; Ana Maria Dubois"},"content":{"rendered":"\t\t<div data-elementor-type=\"wp-page\" data-elementor-id=\"6468\" class=\"elementor elementor-6468 elementor-1413\" data-elementor-post-type=\"page\">\n\t\t\t\t<div class=\"elementor-element elementor-element-f999fe6 e-con-full e-flex e-con e-parent\" data-id=\"f999fe6\" data-element_type=\"container\" data-e-type=\"container\" data-settings=\"{&quot;background_background&quot;:&quot;classic&quot;}\">\n\t\t<div class=\"elementor-element elementor-element-feb6175 e-con-full e-flex e-con e-child\" data-id=\"feb6175\" data-element_type=\"container\" data-e-type=\"container\">\n\t\t\t\t<div class=\"elementor-element elementor-element-4df85a9 elementor-widget elementor-widget-heading\" data-id=\"4df85a9\" data-element_type=\"widget\" data-e-type=\"widget\" data-widget_type=\"heading.default\">\n\t\t\t\t<div class=\"elementor-widget-container\">\n\t\t\t\t\t<h2 class=\"elementor-heading-title elementor-size-default\">Environnement<\/h2>\t\t\t\t<\/div>\n\t\t\t\t<\/div>\n\t\t\t\t<div class=\"elementor-element elementor-element-bb88d41 elementor-widget-divider--view-line elementor-widget elementor-widget-divider\" data-id=\"bb88d41\" data-element_type=\"widget\" data-e-type=\"widget\" data-widget_type=\"divider.default\">\n\t\t\t\t<div class=\"elementor-widget-container\">\n\t\t\t\t\t\t\t<div class=\"elementor-divider\">\n\t\t\t<span class=\"elementor-divider-separator\">\n\t\t\t\t\t\t<\/span>\n\t\t<\/div>\n\t\t\t\t\t\t<\/div>\n\t\t\t\t<\/div>\n\t\t\t\t<\/div>\n\t\t\t\t<div class=\"elementor-element elementor-element-95f7fa6 elementor-widget elementor-widget-heading\" data-id=\"95f7fa6\" data-element_type=\"widget\" data-e-type=\"widget\" data-settings=\"{&quot;_animation_mobile&quot;:&quot;none&quot;}\" data-widget_type=\"heading.default\">\n\t\t\t\t<div class=\"elementor-widget-container\">\n\t\t\t\t\t<h1 class=\"elementor-heading-title elementor-size-default\">ANA MARIA DUBOIS<\/h1>\t\t\t\t<\/div>\n\t\t\t\t<\/div>\n\t\t\t\t<div class=\"elementor-element elementor-element-488b641 elementor-widget elementor-widget-heading\" data-id=\"488b641\" data-element_type=\"widget\" data-e-type=\"widget\" data-settings=\"{&quot;_animation_mobile&quot;:&quot;none&quot;}\" data-widget_type=\"heading.default\">\n\t\t\t\t<div class=\"elementor-widget-container\">\n\t\t\t\t\t<h2 class=\"elementor-heading-title elementor-size-default\">Directrice de la r\u00e9g\u00e9n\u00e9ration<\/h2>\t\t\t\t<\/div>\n\t\t\t\t<\/div>\n\t\t\t\t<\/div>\n\t\t<div class=\"elementor-element elementor-element-1cace1d e-flex e-con-boxed e-con e-parent\" data-id=\"1cace1d\" data-element_type=\"container\" data-e-type=\"container\" data-settings=\"{&quot;background_background&quot;:&quot;classic&quot;}\">\n\t\t\t\t\t<div class=\"e-con-inner\">\n\t\t\t\t<div class=\"elementor-element elementor-element-395536d elementor-widget elementor-widget-video\" data-id=\"395536d\" data-element_type=\"widget\" data-e-type=\"widget\" data-settings=\"{&quot;youtube_url&quot;:&quot;https:\\\/\\\/youtube.com\\\/shorts\\\/vfvBFmIES4c?feature=share&quot;,&quot;show_image_overlay&quot;:&quot;yes&quot;,&quot;image_overlay&quot;:{&quot;url&quot;:&quot;https:\\\/\\\/sustainability2024.amarencogroup.com\\\/wp-content\\\/uploads\\\/2025\\\/07\\\/dubois-video-2.webp&quot;,&quot;id&quot;:5894,&quot;size&quot;:&quot;&quot;,&quot;alt&quot;:&quot;&quot;,&quot;source&quot;:&quot;library&quot;},&quot;video_type&quot;:&quot;youtube&quot;,&quot;controls&quot;:&quot;yes&quot;}\" data-widget_type=\"video.default\">\n\t\t\t\t<div class=\"elementor-widget-container\">\n\t\t\t\t\t\t\t<div class=\"elementor-wrapper elementor-open-inline\">\n\t\t\t<div class=\"elementor-video\"><\/div>\t\t\t\t<div class=\"elementor-custom-embed-image-overlay\" style=\"background-image: url(https:\/\/sustainability2024.amarencogroup.com\/wp-content\/uploads\/2025\/07\/dubois-video-2.webp);\">\n\t\t\t\t\t\t\t\t\t\t\t\t\t\t\t\t<div class=\"elementor-custom-embed-play\" role=\"button\" aria-label=\"Lire la vid\u00e9o\" tabindex=\"0\">\n\t\t\t\t\t\t\t<svg aria-hidden=\"true\" class=\"e-font-icon-svg e-eicon-play\" viewBox=\"0 0 1000 1000\" xmlns=\"http:\/\/www.w3.org\/2000\/svg\"><path d=\"M838 162C746 71 633 25 500 25 371 25 258 71 163 162 71 254 25 367 25 500 25 633 71 746 163 837 254 929 367 979 500 979 633 979 746 933 838 837 929 746 975 633 975 500 975 367 929 254 838 162M808 192C892 279 933 379 933 500 933 621 892 725 808 808 725 892 621 938 500 938 379 938 279 896 196 808 113 725 67 621 67 500 67 379 108 279 196 192 279 108 383 62 500 62 621 62 721 108 808 192M438 392V642L642 517 438 392Z\"><\/path><\/svg>\t\t\t\t\t\t<\/div>\n\t\t\t\t\t\t\t\t\t<\/div>\n\t\t\t\t\t<\/div>\n\t\t\t\t\t\t<\/div>\n\t\t\t\t<\/div>\n\t\t\t\t<div class=\"elementor-element elementor-element-91b6835 elementor-widget elementor-widget-text-editor\" data-id=\"91b6835\" data-element_type=\"widget\" data-e-type=\"widget\" data-widget_type=\"text-editor.default\">\n\t\t\t\t<div class=\"elementor-widget-container\">\n\t\t\t\t\t\t\t\t\t<div id=\"lipsum\"><p>\u00ab Aucune obligation r\u00e9glementaire ne nous contraint \u00e0 publier ce rapport. Nous ne sommes pas soumis \u00e0 des directives comme le CSRD. Sa publication est donc un choix d\u00e9lib\u00e9r\u00e9 \u2014 un choix que nous avons fait il y a trois ans et que nous maintenons ann\u00e9e apr\u00e8s ann\u00e9e.  <\/p><p>Ce rapport est devenu un moment cl\u00e9 annuel avec nos parties prenantes. Il nous tient profond\u00e9ment \u00e0 c\u0153ur car il nous permet de partager ce que nous avons r\u00e9alis\u00e9 et d\u2019\u00eatre pleinement transparents sur nos activit\u00e9s et nos ambitions. <\/p><p>Le rapport met en lumi\u00e8re nos pratiques vertueuses, mais aussi les impacts r\u00e9els que nous avons. La transparence aide chacun \u00e0 mieux comprendre la vraie valeur des \u00e9nergies renouvelables \u2014 au-del\u00e0 de toute id\u00e9e pr\u00e9con\u00e7ue. <\/p><p>Oui, ce rapport est l\u00e0 pour inspirer, pour ancrer notre ambition, et pour communiquer clairement ce qui fonctionne bien, ce qui doit encore \u00eatre am\u00e9lior\u00e9, et la voie que nous suivons.<\/p><p>Cette ann\u00e9e marque une transition importante : nous sommes pass\u00e9s de projets pilotes \u00e0 un d\u00e9ploiement progressif de notre programme de r\u00e9g\u00e9n\u00e9ration sur l\u2019ensemble de notre portefeuille.<\/p><p>Parmi les points marquants cette ann\u00e9e :<\/p><p>\u2022 la r\u00e9duction r\u00e9ussie des \u00e9missions de CO\u2082 \u00e0 moins d\u2019une tonne par MW pour nos centrales en phase de construction,<\/p><p>\u2022 et la baisse de plus de 70 % du taux de fr\u00e9quence des incidents, gr\u00e2ce \u00e0 une combinaison de mesures structurelles, d\u2019augmentation des visites de sites, d\u2019am\u00e9lioration de la s\u00e9lection des partenaires et d\u2019actions de sensibilisation.<\/p><p>Qui lira ce rapport ? J\u2019esp\u00e8re le plus grand nombre. J\u2019attends avec impatience vos retours, vos questions et un dialogue ouvert \u2014 car c\u2019est \u00e0 travers cet \u00e9change que nous pourrons v\u00e9ritablement avancer ensemble. \u00bb  <\/p><\/div>\t\t\t\t\t\t\t\t<\/div>\n\t\t\t\t<\/div>\n\t\t\t\t\t<\/div>\n\t\t\t\t<\/div>\n\t\t\t\t<\/div>\n\t\t","protected":false},"excerpt":{"rendered":"<p>Environnement ANA MARIA DUBOIS Directrice de la r\u00e9g\u00e9n\u00e9ration https:\/\/youtube.com\/shorts\/vfvBFmIES4c?feature=share \u00ab Aucune obligation r\u00e9glementaire ne nous contraint \u00e0 publier ce rapport. Nous ne sommes pas soumis \u00e0 des directives comme le CSRD. Sa publication est donc un choix d\u00e9lib\u00e9r\u00e9 \u2014 un choix que nous avons fait il y a trois ans et que nous maintenons ann\u00e9e [&hellip;]<\/p>\n","protected":false},"author":1,"featured_media":5894,"parent":0,"menu_order":0,"comment_status":"closed","ping_status":"closed","template":"elementor_header_footer","meta":{"footnotes":""},"class_list":["post-6468","page","type-page","status-publish","has-post-thumbnail","hentry"],"_links":{"self":[{"href":"https:\/\/sustainability2024.amarencogroup.com\/fr\/wp-json\/wp\/v2\/pages\/6468","targetHints":{"allow":["GET"]}}],"collection":[{"href":"https:\/\/sustainability2024.amarencogroup.com\/fr\/wp-json\/wp\/v2\/pages"}],"about":[{"href":"https:\/\/sustainability2024.amarencogroup.com\/fr\/wp-json\/wp\/v2\/types\/page"}],"author":[{"embeddable":true,"href":"https:\/\/sustainability2024.amarencogroup.com\/fr\/wp-json\/wp\/v2\/users\/1"}],"replies":[{"embeddable":true,"href":"https:\/\/sustainability2024.amarencogroup.com\/fr\/wp-json\/wp\/v2\/comments?post=6468"}],"version-history":[{"count":2,"href":"https:\/\/sustainability2024.amarencogroup.com\/fr\/wp-json\/wp\/v2\/pages\/6468\/revisions"}],"predecessor-version":[{"id":7165,"href":"https:\/\/sustainability2024.amarencogroup.com\/fr\/wp-json\/wp\/v2\/pages\/6468\/revisions\/7165"}],"wp:featuredmedia":[{"embeddable":true,"href":"https:\/\/sustainability2024.amarencogroup.com\/fr\/wp-json\/wp\/v2\/media\/5894"}],"wp:attachment":[{"href":"https:\/\/sustainability2024.amarencogroup.com\/fr\/wp-json\/wp\/v2\/media?parent=6468"}],"curies":[{"name":"wp","href":"https:\/\/api.w.org\/{rel}","templated":true}]}}