{"id":6471,"date":"2025-06-18T11:21:17","date_gmt":"2025-06-18T09:21:17","guid":{"rendered":"https:\/\/sustainability2024.amarencogroup.com\/environnement-sbti\/"},"modified":"2025-09-23T18:18:47","modified_gmt":"2025-09-23T16:18:47","slug":"environnement-sbti","status":"publish","type":"page","link":"https:\/\/sustainability2024.amarencogroup.com\/fr\/environnement-sbti\/","title":{"rendered":"Environment &#8211; Notre engagement"},"content":{"rendered":"\t\t<div data-elementor-type=\"wp-page\" data-elementor-id=\"6471\" class=\"elementor elementor-6471 elementor-1438\" data-elementor-post-type=\"page\">\n\t\t\t\t<div class=\"elementor-element elementor-element-f999fe6 e-con-full e-flex e-con e-parent\" data-id=\"f999fe6\" data-element_type=\"container\" data-e-type=\"container\" data-settings=\"{&quot;background_background&quot;:&quot;classic&quot;}\">\n\t\t<div class=\"elementor-element elementor-element-feb6175 e-con-full e-flex e-con e-child\" data-id=\"feb6175\" data-element_type=\"container\" data-e-type=\"container\">\n\t\t\t\t<div class=\"elementor-element elementor-element-4df85a9 elementor-widget elementor-widget-heading\" data-id=\"4df85a9\" data-element_type=\"widget\" data-e-type=\"widget\" data-widget_type=\"heading.default\">\n\t\t\t\t<div class=\"elementor-widget-container\">\n\t\t\t\t\t<h2 class=\"elementor-heading-title elementor-size-default\">Environnement<\/h2>\t\t\t\t<\/div>\n\t\t\t\t<\/div>\n\t\t\t\t<div class=\"elementor-element elementor-element-bb88d41 elementor-widget-divider--view-line elementor-widget elementor-widget-divider\" data-id=\"bb88d41\" data-element_type=\"widget\" data-e-type=\"widget\" data-widget_type=\"divider.default\">\n\t\t\t\t<div class=\"elementor-widget-container\">\n\t\t\t\t\t\t\t<div class=\"elementor-divider\">\n\t\t\t<span class=\"elementor-divider-separator\">\n\t\t\t\t\t\t<\/span>\n\t\t<\/div>\n\t\t\t\t\t\t<\/div>\n\t\t\t\t<\/div>\n\t\t\t\t<\/div>\n\t\t\t\t<div class=\"elementor-element elementor-element-1eb4fbd elementor-widget elementor-widget-heading\" data-id=\"1eb4fbd\" data-element_type=\"widget\" data-e-type=\"widget\" data-settings=\"{&quot;_animation&quot;:&quot;none&quot;,&quot;_animation_mobile&quot;:&quot;none&quot;}\" data-widget_type=\"heading.default\">\n\t\t\t\t<div class=\"elementor-widget-container\">\n\t\t\t\t\t<h1 class=\"elementor-heading-title elementor-size-default\">Notre Engagement<\/h1>\t\t\t\t<\/div>\n\t\t\t\t<\/div>\n\t\t\t\t<div class=\"elementor-element elementor-element-95f7fa6 elementor-widget elementor-widget-heading\" data-id=\"95f7fa6\" data-element_type=\"widget\" data-e-type=\"widget\" data-settings=\"{&quot;_animation_mobile&quot;:&quot;none&quot;}\" data-widget_type=\"heading.default\">\n\t\t\t\t<div class=\"elementor-widget-container\">\n\t\t\t\t\t<h2 class=\"elementor-heading-title elementor-size-default\">SOUMIS \u00c0 SBTI<\/h2>\t\t\t\t<\/div>\n\t\t\t\t<\/div>\n\t\t\t\t<\/div>\n\t\t<div class=\"elementor-element elementor-element-1cace1d e-flex e-con-boxed e-con e-parent\" data-id=\"1cace1d\" data-element_type=\"container\" data-e-type=\"container\" data-settings=\"{&quot;background_background&quot;:&quot;classic&quot;}\">\n\t\t\t\t\t<div class=\"e-con-inner\">\n\t\t<div class=\"elementor-element elementor-element-e6a1a9a e-con-full e-flex e-con e-child\" data-id=\"e6a1a9a\" data-element_type=\"container\" data-e-type=\"container\" data-settings=\"{&quot;background_background&quot;:&quot;classic&quot;}\">\n\t\t\t\t<div class=\"elementor-element elementor-element-0021325 elementor-widget elementor-widget-image\" data-id=\"0021325\" data-element_type=\"widget\" data-e-type=\"widget\" data-widget_type=\"image.default\">\n\t\t\t\t<div class=\"elementor-widget-container\">\n\t\t\t\t\t\t\t\t\t\t\t\t\t\t\t<img fetchpriority=\"high\" decoding=\"async\" width=\"448\" height=\"242\" src=\"https:\/\/sustainability2024.amarencogroup.com\/wp-content\/uploads\/2025\/06\/logo-STBI-noir.webp\" class=\"attachment-large size-large wp-image-5712\" alt=\"\" srcset=\"https:\/\/sustainability2024.amarencogroup.com\/wp-content\/uploads\/2025\/06\/logo-STBI-noir.webp 448w, https:\/\/sustainability2024.amarencogroup.com\/wp-content\/uploads\/2025\/06\/logo-STBI-noir-300x162.webp 300w\" sizes=\"(max-width: 448px) 100vw, 448px\" \/>\t\t\t\t\t\t\t\t\t\t\t\t\t\t\t<\/div>\n\t\t\t\t<\/div>\n\t\t\t\t<\/div>\n\t\t\t\t<div class=\"elementor-element elementor-element-9e88b40 elementor-widget elementor-widget-heading\" data-id=\"9e88b40\" data-element_type=\"widget\" data-e-type=\"widget\" data-widget_type=\"heading.default\">\n\t\t\t\t<div class=\"elementor-widget-container\">\n\t\t\t\t\t<h2 class=\"elementor-heading-title elementor-size-default\">En d\u00e9cembre 2023, Amarenco a soumis son engagement \u00e0 \u00e9tablir un objectif net-z\u00e9ro scientifiquement fond\u00e9, conforme \u00e0 l\u2019objectif de l\u2019Accord de Paris de limiter le r\u00e9chauffement climatique \u00e0 1,5 \u00b0C au-dessus des niveaux pr\u00e9industriels.<\/h2>\t\t\t\t<\/div>\n\t\t\t\t<\/div>\n\t\t\t\t<div class=\"elementor-element elementor-element-91b6835 elementor-widget elementor-widget-text-editor\" data-id=\"91b6835\" data-element_type=\"widget\" data-e-type=\"widget\" data-widget_type=\"text-editor.default\">\n\t\t\t\t<div class=\"elementor-widget-container\">\n\t\t\t\t\t\t\t\t\t<p class=\"p2\">Cet engagement, reconnu par la Science Based Targets Initiative (SBTi), nous oblige \u00e0 soumettre des objectifs de r\u00e9duction carbone \u00e0 court terme (2030) et \u00e0 long terme (2050) d\u2019ici fin 2025, et \u00e0 les respecter par la suite. Ces objectifs sont bas\u00e9s sur des m\u00e9thodologies rigoureuses et sont soumis \u00e0 une v\u00e9rification externe. Depuis lors, nos \u00e9quipes travaillent ensemble pour d\u00e9finir ces objectifs et identifier des strat\u00e9gies de r\u00e9duction de notre empreinte carbone, telles que l\u2019achat de mat\u00e9riaux bas carbone et l\u2019optimisation de l\u2019utilisation de l\u2019\u00e9nergie.  <\/p><p class=\"p2\">La SBTi est la forme d\u2019engagement corporate la plus robuste disponible pour lutter contre le changement climatique. Elle aide les entreprises \u00e0 r\u00e9duire leurs \u00e9missions de CO<sub>2<\/sub>, un contributeur majeur au r\u00e9chauffement plan\u00e9taire. L\u2019initiative est une collaboration entre le Carbon Disclosure Project (CDP), le Pacte Mondial des Nations Unies (UN Global Compact) et le World Resources Institute (WRI). Plus de 4 000 entreprises dans le monde travaillent d\u00e9j\u00e0 avec la SBTi, bien qu\u2019il y en ait encore relativement peu dans le secteur de l\u2019\u00e9nergie.   <\/p>\t\t\t\t\t\t\t\t<\/div>\n\t\t\t\t<\/div>\n\t\t<div class=\"elementor-element elementor-element-1a42c5a e-con-full e-flex e-con e-child\" data-id=\"1a42c5a\" data-element_type=\"container\" data-e-type=\"container\">\n\t\t\t\t<div class=\"elementor-element elementor-element-39da17d elementor-widget elementor-widget-image\" data-id=\"39da17d\" data-element_type=\"widget\" data-e-type=\"widget\" data-widget_type=\"image.default\">\n\t\t\t\t<div class=\"elementor-widget-container\">\n\t\t\t\t\t\t\t\t\t\t\t\t\t\t\t<img decoding=\"async\" width=\"400\" height=\"400\" src=\"https:\/\/sustainability2024.amarencogroup.com\/wp-content\/uploads\/2025\/06\/STBI-illustration.webp\" class=\"attachment-large size-large wp-image-5710\" alt=\"\" srcset=\"https:\/\/sustainability2024.amarencogroup.com\/wp-content\/uploads\/2025\/06\/STBI-illustration.webp 400w, https:\/\/sustainability2024.amarencogroup.com\/wp-content\/uploads\/2025\/06\/STBI-illustration-300x300.webp 300w, https:\/\/sustainability2024.amarencogroup.com\/wp-content\/uploads\/2025\/06\/STBI-illustration-150x150.webp 150w\" sizes=\"(max-width: 400px) 100vw, 400px\" \/>\t\t\t\t\t\t\t\t\t\t\t\t\t\t\t<\/div>\n\t\t\t\t<\/div>\n\t\t\t\t<\/div>\n\t\t\t\t\t<\/div>\n\t\t\t\t<\/div>\n\t\t\t\t<\/div>\n\t\t","protected":false},"excerpt":{"rendered":"<p>Environnement Notre Engagement SOUMIS \u00c0 SBTI En d\u00e9cembre 2023, Amarenco a soumis son engagement \u00e0 \u00e9tablir un objectif net-z\u00e9ro scientifiquement fond\u00e9, conforme \u00e0 l\u2019objectif de l\u2019Accord de Paris de limiter le r\u00e9chauffement climatique \u00e0 1,5 \u00b0C au-dessus des niveaux pr\u00e9industriels. Cet engagement, reconnu par la Science Based Targets Initiative (SBTi), nous oblige \u00e0 soumettre des [&hellip;]<\/p>\n","protected":false},"author":1,"featured_media":5646,"parent":0,"menu_order":0,"comment_status":"closed","ping_status":"closed","template":"elementor_header_footer","meta":{"footnotes":""},"class_list":["post-6471","page","type-page","status-publish","has-post-thumbnail","hentry"],"_links":{"self":[{"href":"https:\/\/sustainability2024.amarencogroup.com\/fr\/wp-json\/wp\/v2\/pages\/6471","targetHints":{"allow":["GET"]}}],"collection":[{"href":"https:\/\/sustainability2024.amarencogroup.com\/fr\/wp-json\/wp\/v2\/pages"}],"about":[{"href":"https:\/\/sustainability2024.amarencogroup.com\/fr\/wp-json\/wp\/v2\/types\/page"}],"author":[{"embeddable":true,"href":"https:\/\/sustainability2024.amarencogroup.com\/fr\/wp-json\/wp\/v2\/users\/1"}],"replies":[{"embeddable":true,"href":"https:\/\/sustainability2024.amarencogroup.com\/fr\/wp-json\/wp\/v2\/comments?post=6471"}],"version-history":[{"count":5,"href":"https:\/\/sustainability2024.amarencogroup.com\/fr\/wp-json\/wp\/v2\/pages\/6471\/revisions"}],"predecessor-version":[{"id":7345,"href":"https:\/\/sustainability2024.amarencogroup.com\/fr\/wp-json\/wp\/v2\/pages\/6471\/revisions\/7345"}],"wp:featuredmedia":[{"embeddable":true,"href":"https:\/\/sustainability2024.amarencogroup.com\/fr\/wp-json\/wp\/v2\/media\/5646"}],"wp:attachment":[{"href":"https:\/\/sustainability2024.amarencogroup.com\/fr\/wp-json\/wp\/v2\/media?parent=6471"}],"curies":[{"name":"wp","href":"https:\/\/api.w.org\/{rel}","templated":true}]}}