{"id":6477,"date":"2025-06-19T18:32:02","date_gmt":"2025-06-19T16:32:02","guid":{"rendered":"https:\/\/sustainability2024.amarencogroup.com\/environnement-resilience\/"},"modified":"2025-09-23T17:41:10","modified_gmt":"2025-09-23T15:41:10","slug":"environnement-resilience","status":"publish","type":"page","link":"https:\/\/sustainability2024.amarencogroup.com\/fr\/environnement-resilience\/","title":{"rendered":"Environnement &#8211; R\u00e9silience"},"content":{"rendered":"\t\t<div data-elementor-type=\"wp-page\" data-elementor-id=\"6477\" class=\"elementor elementor-6477 elementor-1594\" data-elementor-post-type=\"page\">\n\t\t\t\t<div class=\"elementor-element elementor-element-f999fe6 e-con-full e-flex e-con e-parent\" data-id=\"f999fe6\" data-element_type=\"container\" data-e-type=\"container\" data-settings=\"{&quot;background_background&quot;:&quot;classic&quot;}\">\n\t\t<div class=\"elementor-element elementor-element-feb6175 e-con-full e-flex e-con e-child\" data-id=\"feb6175\" data-element_type=\"container\" data-e-type=\"container\">\n\t\t\t\t<div class=\"elementor-element elementor-element-4df85a9 elementor-widget elementor-widget-heading\" data-id=\"4df85a9\" data-element_type=\"widget\" data-e-type=\"widget\" data-widget_type=\"heading.default\">\n\t\t\t\t<div class=\"elementor-widget-container\">\n\t\t\t\t\t<h2 class=\"elementor-heading-title elementor-size-default\">Environnement<\/h2>\t\t\t\t<\/div>\n\t\t\t\t<\/div>\n\t\t\t\t<div class=\"elementor-element elementor-element-bb88d41 elementor-widget-divider--view-line elementor-widget elementor-widget-divider\" data-id=\"bb88d41\" data-element_type=\"widget\" data-e-type=\"widget\" data-widget_type=\"divider.default\">\n\t\t\t\t<div class=\"elementor-widget-container\">\n\t\t\t\t\t\t\t<div class=\"elementor-divider\">\n\t\t\t<span class=\"elementor-divider-separator\">\n\t\t\t\t\t\t<\/span>\n\t\t<\/div>\n\t\t\t\t\t\t<\/div>\n\t\t\t\t<\/div>\n\t\t\t\t<\/div>\n\t\t\t\t<div class=\"elementor-element elementor-element-1eb4fbd elementor-widget elementor-widget-heading\" data-id=\"1eb4fbd\" data-element_type=\"widget\" data-e-type=\"widget\" data-settings=\"{&quot;_animation&quot;:&quot;none&quot;,&quot;_animation_mobile&quot;:&quot;none&quot;}\" data-widget_type=\"heading.default\">\n\t\t\t\t<div class=\"elementor-widget-container\">\n\t\t\t\t\t<h1 class=\"elementor-heading-title elementor-size-default\">r\u00e9silience<\/h1>\t\t\t\t<\/div>\n\t\t\t\t<\/div>\n\t\t\t\t<div class=\"elementor-element elementor-element-95f7fa6 elementor-widget elementor-widget-heading\" data-id=\"95f7fa6\" data-element_type=\"widget\" data-e-type=\"widget\" data-settings=\"{&quot;_animation_mobile&quot;:&quot;none&quot;}\" data-widget_type=\"heading.default\">\n\t\t\t\t<div class=\"elementor-widget-container\">\n\t\t\t\t\t<h2 class=\"elementor-heading-title elementor-size-default\">ADAPTER LES CENTRALES SOLAIRES<\/h2>\t\t\t\t<\/div>\n\t\t\t\t<\/div>\n\t\t\t\t<\/div>\n\t\t<div class=\"elementor-element elementor-element-1cace1d e-flex e-con-boxed e-con e-parent\" data-id=\"1cace1d\" data-element_type=\"container\" data-e-type=\"container\" data-settings=\"{&quot;background_background&quot;:&quot;classic&quot;}\">\n\t\t\t\t\t<div class=\"e-con-inner\">\n\t\t\t\t<div class=\"elementor-element elementor-element-3cd5271 elementor-invisible elementor-widget elementor-widget-image\" data-id=\"3cd5271\" data-element_type=\"widget\" data-e-type=\"widget\" data-settings=\"{&quot;motion_fx_motion_fx_mouse&quot;:&quot;yes&quot;,&quot;motion_fx_mouseTrack_effect&quot;:&quot;yes&quot;,&quot;motion_fx_mouseTrack_speed&quot;:{&quot;unit&quot;:&quot;px&quot;,&quot;size&quot;:1.5,&quot;sizes&quot;:[]},&quot;_animation&quot;:&quot;fadeInUp&quot;}\" data-widget_type=\"image.default\">\n\t\t\t\t<div class=\"elementor-widget-container\">\n\t\t\t\t\t\t\t\t\t\t\t\t\t\t\t<img fetchpriority=\"high\" decoding=\"async\" width=\"691\" height=\"587\" src=\"https:\/\/sustainability2024.amarencogroup.com\/wp-content\/uploads\/2025\/06\/sun-eclat-2.webp\" class=\"attachment-large size-large wp-image-5726\" alt=\"\" srcset=\"https:\/\/sustainability2024.amarencogroup.com\/wp-content\/uploads\/2025\/06\/sun-eclat-2.webp 691w, https:\/\/sustainability2024.amarencogroup.com\/wp-content\/uploads\/2025\/06\/sun-eclat-2-300x255.webp 300w\" sizes=\"(max-width: 691px) 100vw, 691px\" \/>\t\t\t\t\t\t\t\t\t\t\t\t\t\t\t<\/div>\n\t\t\t\t<\/div>\n\t\t\t\t<div class=\"elementor-element elementor-element-786269e elementor-widget elementor-widget-heading\" data-id=\"786269e\" data-element_type=\"widget\" data-e-type=\"widget\" data-widget_type=\"heading.default\">\n\t\t\t\t<div class=\"elementor-widget-container\">\n\t\t\t\t\t<h2 class=\"elementor-heading-title elementor-size-default\">L'impact de la hausse des temp\u00e9ratures sur la production d'\u00e9nergie solaire<\/h2>\t\t\t\t<\/div>\n\t\t\t\t<\/div>\n\t\t\t\t<div class=\"elementor-element elementor-element-91b6835 elementor-widget elementor-widget-text-editor\" data-id=\"91b6835\" data-element_type=\"widget\" data-e-type=\"widget\" data-widget_type=\"text-editor.default\">\n\t\t\t\t<div class=\"elementor-widget-container\">\n\t\t\t\t\t\t\t\t\t<p class=\"p2\">L&rsquo;augmentation des temp\u00e9ratures atmosph\u00e9riques repr\u00e9sente un d\u00e9fi significatif pour la production d&rsquo;\u00e9nergie solaire. Des recherches indiquent que pour chaque degr\u00e9 Celsius suppl\u00e9mentaire, l&rsquo;efficacit\u00e9 de conversion des modules photovolta\u00efques (PV) peut diminuer de <b> 0,4 %.<\/b> Cette perte d&rsquo;efficacit\u00e9 affecte directement la production d&rsquo;\u00e9nergie, rendant cruciale la prise en compte de la variabilit\u00e9 climatique dans la planification et les op\u00e9rations des exploitants solaires.  <\/p>\t\t\t\t\t\t\t\t<\/div>\n\t\t\t\t<\/div>\n\t\t\t\t<div class=\"elementor-element elementor-element-1051044 elementor-widget elementor-widget-heading\" data-id=\"1051044\" data-element_type=\"widget\" data-e-type=\"widget\" data-widget_type=\"heading.default\">\n\t\t\t\t<div class=\"elementor-widget-container\">\n\t\t\t\t\t<h2 class=\"elementor-heading-title elementor-size-default\">Conception proactive de centrales pour la r\u00e9silience climatique<\/h2>\t\t\t\t<\/div>\n\t\t\t\t<\/div>\n\t\t\t\t<div class=\"elementor-element elementor-element-665fa28 elementor-widget elementor-widget-text-editor\" data-id=\"665fa28\" data-element_type=\"widget\" data-e-type=\"widget\" data-widget_type=\"text-editor.default\">\n\t\t\t\t<div class=\"elementor-widget-container\">\n\t\t\t\t\t\t\t\t\t<p class=\"p2\">Alors que le changement climatique devient une r\u00e9alit\u00e9 ind\u00e9niable, <b>la s\u00e9lection des sites et la conception des centrales<\/b> doivent s\u2019adapter pour garantir performance et s\u00e9curit\u00e9 \u00e0 long terme. Chez Amarenco, nous r\u00e9alisons des \u00e9valuations compl\u00e8tes pour chaque projet, analysant : <\/p>\t\t\t\t\t\t\t\t<\/div>\n\t\t\t\t<\/div>\n\t\t\t\t<div class=\"elementor-element elementor-element-7ee9f25 elementor-widget elementor-widget-text-editor\" data-id=\"7ee9f25\" data-element_type=\"widget\" data-e-type=\"widget\" data-widget_type=\"text-editor.default\">\n\t\t\t\t<div class=\"elementor-widget-container\">\n\t\t\t\t\t\t\t\t\t<p><b>\u2022 Conditions climatiques et du site<\/b> (temp\u00e9ratures extr\u00eames, vitesses de vent, risques d\u2019inondation)<\/p><p><b>\u2022 Risques de catastrophes naturelles<\/b> (stabilit\u00e9 des sols, \u00e9v\u00e9nements m\u00e9t\u00e9orologiques extr\u00eames)<\/p><p><b>\u2022 Facteurs de performance technique<\/b> (r\u00e9silience des \u00e9quipements, optimisation du rendement \u00e9nerg\u00e9tique)<\/p>\t\t\t\t\t\t\t\t<\/div>\n\t\t\t\t<\/div>\n\t\t\t\t<div class=\"elementor-element elementor-element-ace7b52 elementor-widget elementor-widget-heading\" data-id=\"ace7b52\" data-element_type=\"widget\" data-e-type=\"widget\" data-widget_type=\"heading.default\">\n\t\t\t\t<div class=\"elementor-widget-container\">\n\t\t\t\t\t<h2 class=\"elementor-heading-title elementor-size-default\">Ces \u00e9valuations conduisent \u00e0 des adaptations sur mesure de la conception, incluant :<\/h2>\t\t\t\t<\/div>\n\t\t\t\t<\/div>\n\t\t\t\t<div class=\"elementor-element elementor-element-4e0c3c0 elementor-widget elementor-widget-heading\" data-id=\"4e0c3c0\" data-element_type=\"widget\" data-e-type=\"widget\" data-widget_type=\"heading.default\">\n\t\t\t\t<div class=\"elementor-widget-container\">\n\t\t\t\t\t<h2 class=\"elementor-heading-title elementor-size-default\">1. Sp\u00e9cifications des \u00e9quipements et mat\u00e9riaux<\/h2>\t\t\t\t<\/div>\n\t\t\t\t<\/div>\n\t\t\t\t<div class=\"elementor-element elementor-element-7844ada elementor-widget elementor-widget-text-editor\" data-id=\"7844ada\" data-element_type=\"widget\" data-e-type=\"widget\" data-widget_type=\"text-editor.default\">\n\t\t\t\t<div class=\"elementor-widget-container\">\n\t\t\t\t\t\t\t\t\t<p>\u2022 Ajuster les courbes PQ des onduleurs photovolta\u00efques afin de maintenir leur efficacit\u00e9 \u00e0 des temp\u00e9ratures \u00e9lev\u00e9es.<\/p><p>\u2022 S\u00e9lectionner des transformateurs de puissance offrant une meilleure r\u00e9sistance \u00e0 la temp\u00e9rature.<\/p><p>\u2022 Utiliser des mat\u00e9riaux r\u00e9sistants aux conditions climatiques afin d&rsquo;\u00e9viter toute d\u00e9gradation.<\/p>\t\t\t\t\t\t\t\t<\/div>\n\t\t\t\t<\/div>\n\t\t\t\t<div class=\"elementor-element elementor-element-df49564 elementor-widget elementor-widget-heading\" data-id=\"df49564\" data-element_type=\"widget\" data-e-type=\"widget\" data-widget_type=\"heading.default\">\n\t\t\t\t<div class=\"elementor-widget-container\">\n\t\t\t\t\t<h2 class=\"elementor-heading-title elementor-size-default\">2. Mesures d'att\u00e9nuation dans la conception de la centrale<\/h2>\t\t\t\t<\/div>\n\t\t\t\t<\/div>\n\t\t\t\t<div class=\"elementor-element elementor-element-61bf56b elementor-widget elementor-widget-text-editor\" data-id=\"61bf56b\" data-element_type=\"widget\" data-e-type=\"widget\" data-widget_type=\"text-editor.default\">\n\t\t\t\t<div class=\"elementor-widget-container\">\n\t\t\t\t\t\t\t\t\t<p>\u2022 Syst\u00e8mes de drainage am\u00e9lior\u00e9s pour g\u00e9rer l&rsquo;augmentation des pr\u00e9cipitations et des risques d&rsquo;inondation.<\/p><p>\u2022 Fondations renforc\u00e9es (pieux plus longs ou sp\u00e9cialis\u00e9s) pour assurer la stabilit\u00e9 structurelle.<\/p><p>\u2022 Stations m\u00e9t\u00e9orologiques sur site pour une surveillance en temps r\u00e9el et une gestion adaptive.<\/p>\t\t\t\t\t\t\t\t<\/div>\n\t\t\t\t<\/div>\n\t\t\t\t<div class=\"elementor-element elementor-element-a5672dd elementor-widget elementor-widget-heading\" data-id=\"a5672dd\" data-element_type=\"widget\" data-e-type=\"widget\" data-widget_type=\"heading.default\">\n\t\t\t\t<div class=\"elementor-widget-container\">\n\t\t\t\t\t<h2 class=\"elementor-heading-title elementor-size-default\">3. Contr\u00f4le qualit\u00e9 rigoureux pendant la construction<\/h2>\t\t\t\t<\/div>\n\t\t\t\t<\/div>\n\t\t\t\t<div class=\"elementor-element elementor-element-5d7d158 elementor-widget elementor-widget-text-editor\" data-id=\"5d7d158\" data-element_type=\"widget\" data-e-type=\"widget\" data-widget_type=\"text-editor.default\">\n\t\t\t\t<div class=\"elementor-widget-container\">\n\t\t\t\t\t\t\t\t\t<p class=\"p2\">Pour garantir la durabilit\u00e9, nous mettons en \u0153uvre des Proc\u00e9dures de Contr\u00f4le Qualit\u00e9 (PCQ) strictes durant la construction, assurant que toutes les adaptations sont correctement appliqu\u00e9es et test\u00e9es.<\/p><p class=\"p2\">En int\u00e9grant l&rsquo;ing\u00e9nierie climato-r\u00e9siliente et une planification fond\u00e9e sur les donn\u00e9es, nous garantissons que les centrales solaires restent efficaces et fiables malgr\u00e9 la hausse des temp\u00e9ratures et les conditions m\u00e9t\u00e9orologiques extr\u00eames. Notre approche proactive prot\u00e8ge non seulement les investissements, mais soutient \u00e9galement la transition mondiale vers des solutions \u00e9nerg\u00e9tiques durables et p\u00e9rennes. <\/p>\t\t\t\t\t\t\t\t<\/div>\n\t\t\t\t<\/div>\n\t\t\t\t\t<\/div>\n\t\t\t\t<\/div>\n\t\t\t\t<\/div>\n\t\t","protected":false},"excerpt":{"rendered":"<p>Environnement r\u00e9silience ADAPTER LES CENTRALES SOLAIRES L&rsquo;impact de la hausse des temp\u00e9ratures sur la production d&rsquo;\u00e9nergie solaire L&rsquo;augmentation des temp\u00e9ratures atmosph\u00e9riques repr\u00e9sente un d\u00e9fi significatif pour la production d&rsquo;\u00e9nergie solaire. Des recherches indiquent que pour chaque degr\u00e9 Celsius suppl\u00e9mentaire, l&rsquo;efficacit\u00e9 de conversion des modules photovolta\u00efques (PV) peut diminuer de 0,4 %. Cette perte d&rsquo;efficacit\u00e9 affecte [&hellip;]<\/p>\n","protected":false},"author":1,"featured_media":5647,"parent":0,"menu_order":0,"comment_status":"closed","ping_status":"closed","template":"elementor_header_footer","meta":{"footnotes":""},"class_list":["post-6477","page","type-page","status-publish","has-post-thumbnail","hentry"],"_links":{"self":[{"href":"https:\/\/sustainability2024.amarencogroup.com\/fr\/wp-json\/wp\/v2\/pages\/6477","targetHints":{"allow":["GET"]}}],"collection":[{"href":"https:\/\/sustainability2024.amarencogroup.com\/fr\/wp-json\/wp\/v2\/pages"}],"about":[{"href":"https:\/\/sustainability2024.amarencogroup.com\/fr\/wp-json\/wp\/v2\/types\/page"}],"author":[{"embeddable":true,"href":"https:\/\/sustainability2024.amarencogroup.com\/fr\/wp-json\/wp\/v2\/users\/1"}],"replies":[{"embeddable":true,"href":"https:\/\/sustainability2024.amarencogroup.com\/fr\/wp-json\/wp\/v2\/comments?post=6477"}],"version-history":[{"count":3,"href":"https:\/\/sustainability2024.amarencogroup.com\/fr\/wp-json\/wp\/v2\/pages\/6477\/revisions"}],"predecessor-version":[{"id":7224,"href":"https:\/\/sustainability2024.amarencogroup.com\/fr\/wp-json\/wp\/v2\/pages\/6477\/revisions\/7224"}],"wp:featuredmedia":[{"embeddable":true,"href":"https:\/\/sustainability2024.amarencogroup.com\/fr\/wp-json\/wp\/v2\/media\/5647"}],"wp:attachment":[{"href":"https:\/\/sustainability2024.amarencogroup.com\/fr\/wp-json\/wp\/v2\/media?parent=6477"}],"curies":[{"name":"wp","href":"https:\/\/api.w.org\/{rel}","templated":true}]}}