{"id":6490,"date":"2025-07-15T10:14:44","date_gmt":"2025-07-15T08:14:44","guid":{"rendered":"https:\/\/sustainability2024.amarencogroup.com\/environnement-etudes-de-cas\/"},"modified":"2025-09-23T16:08:17","modified_gmt":"2025-09-23T14:08:17","slug":"environnement-etudes-de-cas","status":"publish","type":"page","link":"https:\/\/sustainability2024.amarencogroup.com\/fr\/environnement-etudes-de-cas\/","title":{"rendered":"Environnement &#8211; \u00c9TUDES DE CAS"},"content":{"rendered":"\t\t<div data-elementor-type=\"wp-page\" data-elementor-id=\"6490\" class=\"elementor elementor-6490 elementor-3332\" data-elementor-post-type=\"page\">\n\t\t\t\t<div class=\"elementor-element elementor-element-f999fe6 e-con-full e-flex e-con e-parent\" data-id=\"f999fe6\" data-element_type=\"container\" data-e-type=\"container\" data-settings=\"{&quot;background_background&quot;:&quot;classic&quot;}\">\n\t\t<div class=\"elementor-element elementor-element-feb6175 e-con-full e-flex e-con e-child\" data-id=\"feb6175\" data-element_type=\"container\" data-e-type=\"container\">\n\t\t\t\t<div class=\"elementor-element elementor-element-4df85a9 elementor-widget elementor-widget-heading\" data-id=\"4df85a9\" data-element_type=\"widget\" data-e-type=\"widget\" data-widget_type=\"heading.default\">\n\t\t\t\t<div class=\"elementor-widget-container\">\n\t\t\t\t\t<h2 class=\"elementor-heading-title elementor-size-default\">Environnement<\/h2>\t\t\t\t<\/div>\n\t\t\t\t<\/div>\n\t\t\t\t<div class=\"elementor-element elementor-element-bb88d41 elementor-widget-divider--view-line elementor-widget elementor-widget-divider\" data-id=\"bb88d41\" data-element_type=\"widget\" data-e-type=\"widget\" data-widget_type=\"divider.default\">\n\t\t\t\t<div class=\"elementor-widget-container\">\n\t\t\t\t\t\t\t<div class=\"elementor-divider\">\n\t\t\t<span class=\"elementor-divider-separator\">\n\t\t\t\t\t\t<\/span>\n\t\t<\/div>\n\t\t\t\t\t\t<\/div>\n\t\t\t\t<\/div>\n\t\t\t\t<\/div>\n\t\t\t\t<div class=\"elementor-element elementor-element-1eb4fbd elementor-widget elementor-widget-heading\" data-id=\"1eb4fbd\" data-element_type=\"widget\" data-e-type=\"widget\" data-settings=\"{&quot;_animation&quot;:&quot;none&quot;,&quot;_animation_mobile&quot;:&quot;none&quot;}\" data-widget_type=\"heading.default\">\n\t\t\t\t<div class=\"elementor-widget-container\">\n\t\t\t\t\t<h1 class=\"elementor-heading-title elementor-size-default\">\u00e9tudes de cas<\/h1>\t\t\t\t<\/div>\n\t\t\t\t<\/div>\n\t\t\t\t<div class=\"elementor-element elementor-element-95f7fa6 elementor-widget elementor-widget-heading\" data-id=\"95f7fa6\" data-element_type=\"widget\" data-e-type=\"widget\" data-settings=\"{&quot;_animation_mobile&quot;:&quot;none&quot;}\" data-widget_type=\"heading.default\">\n\t\t\t\t<div class=\"elementor-widget-container\">\n\t\t\t\t\t<h2 class=\"elementor-heading-title elementor-size-default\">ILLUSTRER LES PRATIQUES, CONSTRUIRE LA CR\u00c9DIBILIT\u00c9\n<\/h2>\t\t\t\t<\/div>\n\t\t\t\t<\/div>\n\t\t\t\t<\/div>\n\t\t<div class=\"elementor-element elementor-element-e760a1d e-grid e-con-boxed e-con e-parent\" data-id=\"e760a1d\" data-element_type=\"container\" data-e-type=\"container\" data-settings=\"{&quot;background_background&quot;:&quot;classic&quot;}\">\n\t\t\t\t\t<div class=\"e-con-inner\">\n\t\t<div class=\"elementor-element elementor-element-2ed8a6b e-con-full e-flex elementor-invisible e-con e-child\" data-id=\"2ed8a6b\" data-element_type=\"container\" data-e-type=\"container\" data-settings=\"{&quot;animation&quot;:&quot;fadeInLeft&quot;,&quot;background_background&quot;:&quot;classic&quot;}\">\n\t\t\t\t<div class=\"elementor-element elementor-element-ec188d8 elementor-widget elementor-widget-heading\" data-id=\"ec188d8\" data-element_type=\"widget\" data-e-type=\"widget\" data-widget_type=\"heading.default\">\n\t\t\t\t<div class=\"elementor-widget-container\">\n\t\t\t\t\t<h2 class=\"elementor-heading-title elementor-size-default\">\u00c9tude de cas n\u00b01<\/h2>\t\t\t\t<\/div>\n\t\t\t\t<\/div>\n\t\t\t\t<div class=\"elementor-element elementor-element-1bff3e4 elementor-widget elementor-widget-heading\" data-id=\"1bff3e4\" data-element_type=\"widget\" data-e-type=\"widget\" data-widget_type=\"heading.default\">\n\t\t\t\t<div class=\"elementor-widget-container\">\n\t\t\t\t\t<h2 class=\"elementor-heading-title elementor-size-default\">GM INVEST<\/h2>\t\t\t\t<\/div>\n\t\t\t\t<\/div>\n\t\t\t\t<div class=\"elementor-element elementor-element-2ecae20 elementor-widget elementor-widget-image\" data-id=\"2ecae20\" data-element_type=\"widget\" data-e-type=\"widget\" data-widget_type=\"image.default\">\n\t\t\t\t<div class=\"elementor-widget-container\">\n\t\t\t\t\t\t\t\t\t\t\t\t\t\t\t\t<a href=\"https:\/\/sustainability2024.amarencogroup.com\/fr\/environnement-etudes-de-cas-gm-invest\/\">\n\t\t\t\t\t\t\t<img fetchpriority=\"high\" decoding=\"async\" width=\"800\" height=\"480\" src=\"https:\/\/sustainability2024.amarencogroup.com\/wp-content\/uploads\/2025\/07\/illustrations-GM-invest-1024x615.webp\" class=\"attachment-large size-large wp-image-5900\" alt=\"\" srcset=\"https:\/\/sustainability2024.amarencogroup.com\/wp-content\/uploads\/2025\/07\/illustrations-GM-invest-1024x615.webp 1024w, https:\/\/sustainability2024.amarencogroup.com\/wp-content\/uploads\/2025\/07\/illustrations-GM-invest-300x180.webp 300w, https:\/\/sustainability2024.amarencogroup.com\/wp-content\/uploads\/2025\/07\/illustrations-GM-invest-768x461.webp 768w, https:\/\/sustainability2024.amarencogroup.com\/wp-content\/uploads\/2025\/07\/illustrations-GM-invest-1536x922.webp 1536w, https:\/\/sustainability2024.amarencogroup.com\/wp-content\/uploads\/2025\/07\/illustrations-GM-invest.webp 1920w\" sizes=\"(max-width: 800px) 100vw, 800px\" \/>\t\t\t\t\t\t\t\t<\/a>\n\t\t\t\t\t\t\t\t\t\t\t\t\t\t\t<\/div>\n\t\t\t\t<\/div>\n\t\t\t\t<div class=\"elementor-element elementor-element-36ccef4 elementor-widget elementor-widget-button\" data-id=\"36ccef4\" data-element_type=\"widget\" data-e-type=\"widget\" data-widget_type=\"button.default\">\n\t\t\t\t<div class=\"elementor-widget-container\">\n\t\t\t\t\t\t\t\t\t<div class=\"elementor-button-wrapper\">\n\t\t\t\t\t<a class=\"elementor-button elementor-button-link elementor-size-sm\" href=\"https:\/\/sustainability2024.amarencogroup.com\/fr\/environnement-etudes-de-cas-gm-invest\/\">\n\t\t\t\t\t\t<span class=\"elementor-button-content-wrapper\">\n\t\t\t\t\t\t\t\t\t<span class=\"elementor-button-text\">VOIR LES D\u00c9TAILS<\/span>\n\t\t\t\t\t<\/span>\n\t\t\t\t\t<\/a>\n\t\t\t\t<\/div>\n\t\t\t\t\t\t\t\t<\/div>\n\t\t\t\t<\/div>\n\t\t\t\t<\/div>\n\t\t<div class=\"elementor-element elementor-element-6d9d2d8 e-con-full e-flex elementor-invisible e-con e-child\" data-id=\"6d9d2d8\" data-element_type=\"container\" data-e-type=\"container\" data-settings=\"{&quot;animation&quot;:&quot;fadeInRight&quot;,&quot;background_background&quot;:&quot;classic&quot;}\">\n\t\t\t\t<div class=\"elementor-element elementor-element-16648d6 elementor-widget elementor-widget-heading\" data-id=\"16648d6\" data-element_type=\"widget\" data-e-type=\"widget\" data-widget_type=\"heading.default\">\n\t\t\t\t<div class=\"elementor-widget-container\">\n\t\t\t\t\t<h2 class=\"elementor-heading-title elementor-size-default\">\u00c9tude de cas n\u00b02<\/h2>\t\t\t\t<\/div>\n\t\t\t\t<\/div>\n\t\t\t\t<div class=\"elementor-element elementor-element-541f525 elementor-widget elementor-widget-heading\" data-id=\"541f525\" data-element_type=\"widget\" data-e-type=\"widget\" data-widget_type=\"heading.default\">\n\t\t\t\t<div class=\"elementor-widget-container\">\n\t\t\t\t\t<h2 class=\"elementor-heading-title elementor-size-default\">GUARDIAN<\/h2>\t\t\t\t<\/div>\n\t\t\t\t<\/div>\n\t\t\t\t<div class=\"elementor-element elementor-element-b49d07e elementor-widget elementor-widget-image\" data-id=\"b49d07e\" data-element_type=\"widget\" data-e-type=\"widget\" data-widget_type=\"image.default\">\n\t\t\t\t<div class=\"elementor-widget-container\">\n\t\t\t\t\t\t\t\t\t\t\t\t\t\t\t\t<a href=\"https:\/\/sustainability2024.amarencogroup.com\/fr\/environnement-etudes-de-cas-guardian\/\">\n\t\t\t\t\t\t\t<img decoding=\"async\" width=\"800\" height=\"480\" src=\"https:\/\/sustainability2024.amarencogroup.com\/wp-content\/uploads\/2025\/07\/illustrations-Guardian-echo-design-1024x615.webp\" class=\"attachment-large size-large wp-image-5928\" alt=\"\" srcset=\"https:\/\/sustainability2024.amarencogroup.com\/wp-content\/uploads\/2025\/07\/illustrations-Guardian-echo-design-1024x615.webp 1024w, https:\/\/sustainability2024.amarencogroup.com\/wp-content\/uploads\/2025\/07\/illustrations-Guardian-echo-design-300x180.webp 300w, https:\/\/sustainability2024.amarencogroup.com\/wp-content\/uploads\/2025\/07\/illustrations-Guardian-echo-design-768x461.webp 768w, https:\/\/sustainability2024.amarencogroup.com\/wp-content\/uploads\/2025\/07\/illustrations-Guardian-echo-design-1536x922.webp 1536w, https:\/\/sustainability2024.amarencogroup.com\/wp-content\/uploads\/2025\/07\/illustrations-Guardian-echo-design.webp 1920w\" sizes=\"(max-width: 800px) 100vw, 800px\" \/>\t\t\t\t\t\t\t\t<\/a>\n\t\t\t\t\t\t\t\t\t\t\t\t\t\t\t<\/div>\n\t\t\t\t<\/div>\n\t\t\t\t<div class=\"elementor-element elementor-element-e8b5c41 elementor-widget elementor-widget-button\" data-id=\"e8b5c41\" data-element_type=\"widget\" data-e-type=\"widget\" data-widget_type=\"button.default\">\n\t\t\t\t<div class=\"elementor-widget-container\">\n\t\t\t\t\t\t\t\t\t<div class=\"elementor-button-wrapper\">\n\t\t\t\t\t<a class=\"elementor-button elementor-button-link elementor-size-sm\" href=\"https:\/\/sustainability2024.amarencogroup.com\/fr\/environnement-etudes-de-cas-guardian\/\">\n\t\t\t\t\t\t<span class=\"elementor-button-content-wrapper\">\n\t\t\t\t\t\t\t\t\t<span class=\"elementor-button-text\">VOIR LES D\u00c9TAILS<\/span>\n\t\t\t\t\t<\/span>\n\t\t\t\t\t<\/a>\n\t\t\t\t<\/div>\n\t\t\t\t\t\t\t\t<\/div>\n\t\t\t\t<\/div>\n\t\t\t\t<\/div>\n\t\t<div class=\"elementor-element elementor-element-5426ae4 e-con-full e-flex elementor-invisible e-con e-child\" data-id=\"5426ae4\" data-element_type=\"container\" data-e-type=\"container\" data-settings=\"{&quot;animation&quot;:&quot;fadeInLeft&quot;,&quot;background_background&quot;:&quot;classic&quot;}\">\n\t\t\t\t<div class=\"elementor-element elementor-element-18b2d23 elementor-widget elementor-widget-heading\" data-id=\"18b2d23\" data-element_type=\"widget\" data-e-type=\"widget\" data-widget_type=\"heading.default\">\n\t\t\t\t<div class=\"elementor-widget-container\">\n\t\t\t\t\t<h2 class=\"elementor-heading-title elementor-size-default\">\u00c9tude de cas n\u00b03<\/h2>\t\t\t\t<\/div>\n\t\t\t\t<\/div>\n\t\t\t\t<div class=\"elementor-element elementor-element-c2b7c31 elementor-widget elementor-widget-heading\" data-id=\"c2b7c31\" data-element_type=\"widget\" data-e-type=\"widget\" data-widget_type=\"heading.default\">\n\t\t\t\t<div class=\"elementor-widget-container\">\n\t\t\t\t\t<h2 class=\"elementor-heading-title elementor-size-default\">Esquedas<\/h2>\t\t\t\t<\/div>\n\t\t\t\t<\/div>\n\t\t\t\t<div class=\"elementor-element elementor-element-4ef4152 elementor-widget elementor-widget-image\" data-id=\"4ef4152\" data-element_type=\"widget\" data-e-type=\"widget\" data-widget_type=\"image.default\">\n\t\t\t\t<div class=\"elementor-widget-container\">\n\t\t\t\t\t\t\t\t\t\t\t\t\t\t\t\t<a href=\"https:\/\/sustainability2024.amarencogroup.com\/fr\/environnement-etudes-de-cas-esquedas\/\">\n\t\t\t\t\t\t\t<img decoding=\"async\" width=\"800\" height=\"480\" src=\"https:\/\/sustainability2024.amarencogroup.com\/wp-content\/uploads\/2025\/07\/AMARENCO-Fiche-ESQUEDAS-1-1024x615.webp\" class=\"attachment-large size-large wp-image-5943\" alt=\"\" srcset=\"https:\/\/sustainability2024.amarencogroup.com\/wp-content\/uploads\/2025\/07\/AMARENCO-Fiche-ESQUEDAS-1-1024x615.webp 1024w, https:\/\/sustainability2024.amarencogroup.com\/wp-content\/uploads\/2025\/07\/AMARENCO-Fiche-ESQUEDAS-1-300x180.webp 300w, https:\/\/sustainability2024.amarencogroup.com\/wp-content\/uploads\/2025\/07\/AMARENCO-Fiche-ESQUEDAS-1-768x461.webp 768w, https:\/\/sustainability2024.amarencogroup.com\/wp-content\/uploads\/2025\/07\/AMARENCO-Fiche-ESQUEDAS-1-1536x922.webp 1536w, https:\/\/sustainability2024.amarencogroup.com\/wp-content\/uploads\/2025\/07\/AMARENCO-Fiche-ESQUEDAS-1.webp 1920w\" sizes=\"(max-width: 800px) 100vw, 800px\" \/>\t\t\t\t\t\t\t\t<\/a>\n\t\t\t\t\t\t\t\t\t\t\t\t\t\t\t<\/div>\n\t\t\t\t<\/div>\n\t\t\t\t<div class=\"elementor-element elementor-element-2b3ea34 elementor-widget elementor-widget-button\" data-id=\"2b3ea34\" data-element_type=\"widget\" data-e-type=\"widget\" data-widget_type=\"button.default\">\n\t\t\t\t<div class=\"elementor-widget-container\">\n\t\t\t\t\t\t\t\t\t<div class=\"elementor-button-wrapper\">\n\t\t\t\t\t<a class=\"elementor-button elementor-button-link elementor-size-sm\" href=\"https:\/\/sustainability2024.amarencogroup.com\/fr\/environnement-etudes-de-cas-esquedas\/\">\n\t\t\t\t\t\t<span class=\"elementor-button-content-wrapper\">\n\t\t\t\t\t\t\t\t\t<span class=\"elementor-button-text\">VOIR LES D\u00c9TAILS<\/span>\n\t\t\t\t\t<\/span>\n\t\t\t\t\t<\/a>\n\t\t\t\t<\/div>\n\t\t\t\t\t\t\t\t<\/div>\n\t\t\t\t<\/div>\n\t\t\t\t<\/div>\n\t\t\t\t\t<\/div>\n\t\t\t\t<\/div>\n\t\t\t\t<\/div>\n\t\t","protected":false},"excerpt":{"rendered":"<p>Environnement \u00e9tudes de cas ILLUSTRER LES PRATIQUES, CONSTRUIRE LA CR\u00c9DIBILIT\u00c9 \u00c9tude de cas n\u00b01 GM INVEST VOIR LES D\u00c9TAILS \u00c9tude de cas n\u00b02 GUARDIAN VOIR LES D\u00c9TAILS \u00c9tude de cas n\u00b03 Esquedas VOIR LES D\u00c9TAILS<\/p>\n","protected":false},"author":1,"featured_media":5649,"parent":0,"menu_order":0,"comment_status":"closed","ping_status":"closed","template":"elementor_header_footer","meta":{"footnotes":""},"class_list":["post-6490","page","type-page","status-publish","has-post-thumbnail","hentry"],"_links":{"self":[{"href":"https:\/\/sustainability2024.amarencogroup.com\/fr\/wp-json\/wp\/v2\/pages\/6490","targetHints":{"allow":["GET"]}}],"collection":[{"href":"https:\/\/sustainability2024.amarencogroup.com\/fr\/wp-json\/wp\/v2\/pages"}],"about":[{"href":"https:\/\/sustainability2024.amarencogroup.com\/fr\/wp-json\/wp\/v2\/types\/page"}],"author":[{"embeddable":true,"href":"https:\/\/sustainability2024.amarencogroup.com\/fr\/wp-json\/wp\/v2\/users\/1"}],"replies":[{"embeddable":true,"href":"https:\/\/sustainability2024.amarencogroup.com\/fr\/wp-json\/wp\/v2\/comments?post=6490"}],"version-history":[{"count":5,"href":"https:\/\/sustainability2024.amarencogroup.com\/fr\/wp-json\/wp\/v2\/pages\/6490\/revisions"}],"predecessor-version":[{"id":7172,"href":"https:\/\/sustainability2024.amarencogroup.com\/fr\/wp-json\/wp\/v2\/pages\/6490\/revisions\/7172"}],"wp:featuredmedia":[{"embeddable":true,"href":"https:\/\/sustainability2024.amarencogroup.com\/fr\/wp-json\/wp\/v2\/media\/5649"}],"wp:attachment":[{"href":"https:\/\/sustainability2024.amarencogroup.com\/fr\/wp-json\/wp\/v2\/media?parent=6490"}],"curies":[{"name":"wp","href":"https:\/\/api.w.org\/{rel}","templated":true}]}}