{"id":6505,"date":"2025-07-25T11:13:19","date_gmt":"2025-07-25T09:13:19","guid":{"rendered":"https:\/\/sustainability2024.amarencogroup.com\/environnement-recyclage\/"},"modified":"2025-09-23T17:39:38","modified_gmt":"2025-09-23T15:39:38","slug":"environnement-recyclage","status":"publish","type":"page","link":"https:\/\/sustainability2024.amarencogroup.com\/fr\/environnement-recyclage\/","title":{"rendered":"Environnement &#8211; Recyclage"},"content":{"rendered":"\t\t<div data-elementor-type=\"wp-page\" data-elementor-id=\"6505\" class=\"elementor elementor-6505 elementor-5165\" data-elementor-post-type=\"page\">\n\t\t\t\t<div class=\"elementor-element elementor-element-f999fe6 e-con-full e-flex e-con e-parent\" data-id=\"f999fe6\" data-element_type=\"container\" data-e-type=\"container\" data-settings=\"{&quot;background_background&quot;:&quot;classic&quot;}\">\n\t\t<div class=\"elementor-element elementor-element-feb6175 e-con-full e-flex e-con e-child\" data-id=\"feb6175\" data-element_type=\"container\" data-e-type=\"container\">\n\t\t\t\t<div class=\"elementor-element elementor-element-4df85a9 elementor-widget elementor-widget-heading\" data-id=\"4df85a9\" data-element_type=\"widget\" data-e-type=\"widget\" data-widget_type=\"heading.default\">\n\t\t\t\t<div class=\"elementor-widget-container\">\n\t\t\t\t\t<h2 class=\"elementor-heading-title elementor-size-default\">Environnement<\/h2>\t\t\t\t<\/div>\n\t\t\t\t<\/div>\n\t\t\t\t<div class=\"elementor-element elementor-element-bb88d41 elementor-widget-divider--view-line elementor-widget elementor-widget-divider\" data-id=\"bb88d41\" data-element_type=\"widget\" data-e-type=\"widget\" data-widget_type=\"divider.default\">\n\t\t\t\t<div class=\"elementor-widget-container\">\n\t\t\t\t\t\t\t<div class=\"elementor-divider\">\n\t\t\t<span class=\"elementor-divider-separator\">\n\t\t\t\t\t\t<\/span>\n\t\t<\/div>\n\t\t\t\t\t\t<\/div>\n\t\t\t\t<\/div>\n\t\t\t\t<\/div>\n\t\t\t\t<div class=\"elementor-element elementor-element-1eb4fbd elementor-widget elementor-widget-heading\" data-id=\"1eb4fbd\" data-element_type=\"widget\" data-e-type=\"widget\" data-settings=\"{&quot;_animation&quot;:&quot;none&quot;,&quot;_animation_mobile&quot;:&quot;none&quot;}\" data-widget_type=\"heading.default\">\n\t\t\t\t<div class=\"elementor-widget-container\">\n\t\t\t\t\t<h1 class=\"elementor-heading-title elementor-size-default\">Recyclage<\/h1>\t\t\t\t<\/div>\n\t\t\t\t<\/div>\n\t\t\t\t<div class=\"elementor-element elementor-element-95f7fa6 elementor-widget elementor-widget-heading\" data-id=\"95f7fa6\" data-element_type=\"widget\" data-e-type=\"widget\" data-settings=\"{&quot;_animation_mobile&quot;:&quot;none&quot;}\" data-widget_type=\"heading.default\">\n\t\t\t\t<div class=\"elementor-widget-container\">\n\t\t\t\t\t<h2 class=\"elementor-heading-title elementor-size-default\">\u00c9CONOMIE CIRCULAIRE POUR LES PANNEAUX SOLAIRES<\/h2>\t\t\t\t<\/div>\n\t\t\t\t<\/div>\n\t\t\t\t<\/div>\n\t\t<div class=\"elementor-element elementor-element-1cace1d e-flex e-con-boxed e-con e-parent\" data-id=\"1cace1d\" data-element_type=\"container\" data-e-type=\"container\" data-settings=\"{&quot;background_background&quot;:&quot;classic&quot;}\">\n\t\t\t\t\t<div class=\"e-con-inner\">\n\t\t<a class=\"elementor-element elementor-element-08874d7 e-con-full e-flex e-con e-child\" data-id=\"08874d7\" data-element_type=\"container\" data-e-type=\"container\" data-settings=\"{&quot;background_background&quot;:&quot;classic&quot;}\" href=\"https:\/\/www.soren.eco\/\" target=\"_blank\" rel=\"noopener\">\n\t\t\t\t<div class=\"elementor-element elementor-element-2f4dc9c elementor-widget elementor-widget-image\" data-id=\"2f4dc9c\" data-element_type=\"widget\" data-e-type=\"widget\" data-widget_type=\"image.default\">\n\t\t\t\t<div class=\"elementor-widget-container\">\n\t\t\t\t\t\t\t\t\t\t\t\t\t\t\t<img fetchpriority=\"high\" decoding=\"async\" width=\"567\" height=\"214\" src=\"https:\/\/sustainability2024.amarencogroup.com\/wp-content\/uploads\/2025\/07\/Soren-logo.webp\" class=\"attachment-large size-large wp-image-5942\" alt=\"\" srcset=\"https:\/\/sustainability2024.amarencogroup.com\/wp-content\/uploads\/2025\/07\/Soren-logo.webp 567w, https:\/\/sustainability2024.amarencogroup.com\/wp-content\/uploads\/2025\/07\/Soren-logo-300x113.webp 300w\" sizes=\"(max-width: 567px) 100vw, 567px\" \/>\t\t\t\t\t\t\t\t\t\t\t\t\t\t\t<\/div>\n\t\t\t\t<\/div>\n\t\t\t\t<\/a>\n\t\t\t\t<div class=\"elementor-element elementor-element-91b6835 elementor-widget elementor-widget-text-editor\" data-id=\"91b6835\" data-element_type=\"widget\" data-e-type=\"widget\" data-widget_type=\"text-editor.default\">\n\t\t\t\t<div class=\"elementor-widget-container\">\n\t\t\t\t\t\t\t\t\t<p class=\"p2\">Gr\u00e2ce \u00e0 des processus de recyclage avanc\u00e9s comme ceux d\u00e9velopp\u00e9s par Soren, un partenaire agr\u00e9\u00e9 par l&rsquo;\u00c9tat, les panneaux solaires en silicium cristallin avec cadre en aluminium peuvent atteindre un taux de recyclage allant jusqu&rsquo;\u00e0 94%. Cette approche permet aux composants d&rsquo;\u00eatre r\u00e9int\u00e9gr\u00e9s dans la production ou r\u00e9utilis\u00e9s pour de la valorisation \u00e9nerg\u00e9tique, contribuant ainsi aux efforts plus larges en faveur de l&rsquo;\u00e9conomie circulaire.<\/p>\t\t\t\t\t\t\t\t<\/div>\n\t\t\t\t<\/div>\n\t\t\t\t<div class=\"elementor-element elementor-element-1051044 elementor-widget elementor-widget-heading\" data-id=\"1051044\" data-element_type=\"widget\" data-e-type=\"widget\" data-widget_type=\"heading.default\">\n\t\t\t\t<div class=\"elementor-widget-container\">\n\t\t\t\t\t<h2 class=\"elementor-heading-title elementor-size-default\">94% recycl\u00e9s<sup>*<\/sup><\/h2>\t\t\t\t<\/div>\n\t\t\t\t<\/div>\n\t\t\t\t<div class=\"elementor-element elementor-element-665fa28 elementor-widget elementor-widget-text-editor\" data-id=\"665fa28\" data-element_type=\"widget\" data-e-type=\"widget\" data-widget_type=\"text-editor.default\">\n\t\t\t\t<div class=\"elementor-widget-container\">\n\t\t\t\t\t\t\t\t\t<p class=\"p2\">*France<\/p>\t\t\t\t\t\t\t\t<\/div>\n\t\t\t\t<\/div>\n\t\t\t\t<div class=\"elementor-element elementor-element-ace7b52 elementor-widget elementor-widget-heading\" data-id=\"ace7b52\" data-element_type=\"widget\" data-e-type=\"widget\" data-widget_type=\"heading.default\">\n\t\t\t\t<div class=\"elementor-widget-container\">\n\t\t\t\t\t<h2 class=\"elementor-heading-title elementor-size-default\">Composition\nd'un panneau solaire en silicium cristallin avec cadre en aluminium :<\/h2>\t\t\t\t<\/div>\n\t\t\t\t<\/div>\n\t\t<div class=\"elementor-element elementor-element-80b6f3a e-con-full e-flex e-con e-child\" data-id=\"80b6f3a\" data-element_type=\"container\" data-e-type=\"container\">\n\t\t\t\t<div class=\"elementor-element elementor-element-a6edd7a elementor-widget elementor-widget-image\" data-id=\"a6edd7a\" data-element_type=\"widget\" data-e-type=\"widget\" data-widget_type=\"image.default\">\n\t\t\t\t<div class=\"elementor-widget-container\">\n\t\t\t\t\t\t\t\t\t\t\t\t\t\t\t<img decoding=\"async\" width=\"800\" height=\"702\" src=\"https:\/\/sustainability2024.amarencogroup.com\/wp-content\/uploads\/2025\/08\/recycling-schema-FR.webp\" class=\"attachment-full size-full wp-image-5941\" alt=\"\" srcset=\"https:\/\/sustainability2024.amarencogroup.com\/wp-content\/uploads\/2025\/08\/recycling-schema-FR.webp 800w, https:\/\/sustainability2024.amarencogroup.com\/wp-content\/uploads\/2025\/08\/recycling-schema-FR-300x263.webp 300w, https:\/\/sustainability2024.amarencogroup.com\/wp-content\/uploads\/2025\/08\/recycling-schema-FR-768x674.webp 768w\" sizes=\"(max-width: 800px) 100vw, 800px\" \/>\t\t\t\t\t\t\t\t\t\t\t\t\t\t\t<\/div>\n\t\t\t\t<\/div>\n\t\t\t\t<\/div>\n\t\t\t\t\t<\/div>\n\t\t\t\t<\/div>\n\t\t\t\t<\/div>\n\t\t","protected":false},"excerpt":{"rendered":"<p>Environnement Recyclage \u00c9CONOMIE CIRCULAIRE POUR LES PANNEAUX SOLAIRES Gr\u00e2ce \u00e0 des processus de recyclage avanc\u00e9s comme ceux d\u00e9velopp\u00e9s par Soren, un partenaire agr\u00e9\u00e9 par l&rsquo;\u00c9tat, les panneaux solaires en silicium cristallin avec cadre en aluminium peuvent atteindre un taux de recyclage allant jusqu&rsquo;\u00e0 94%. Cette approche permet aux composants d&rsquo;\u00eatre r\u00e9int\u00e9gr\u00e9s dans la production ou [&hellip;]<\/p>\n","protected":false},"author":1,"featured_media":5709,"parent":0,"menu_order":0,"comment_status":"closed","ping_status":"closed","template":"elementor_header_footer","meta":{"footnotes":""},"class_list":["post-6505","page","type-page","status-publish","has-post-thumbnail","hentry"],"_links":{"self":[{"href":"https:\/\/sustainability2024.amarencogroup.com\/fr\/wp-json\/wp\/v2\/pages\/6505","targetHints":{"allow":["GET"]}}],"collection":[{"href":"https:\/\/sustainability2024.amarencogroup.com\/fr\/wp-json\/wp\/v2\/pages"}],"about":[{"href":"https:\/\/sustainability2024.amarencogroup.com\/fr\/wp-json\/wp\/v2\/types\/page"}],"author":[{"embeddable":true,"href":"https:\/\/sustainability2024.amarencogroup.com\/fr\/wp-json\/wp\/v2\/users\/1"}],"replies":[{"embeddable":true,"href":"https:\/\/sustainability2024.amarencogroup.com\/fr\/wp-json\/wp\/v2\/comments?post=6505"}],"version-history":[{"count":7,"href":"https:\/\/sustainability2024.amarencogroup.com\/fr\/wp-json\/wp\/v2\/pages\/6505\/revisions"}],"predecessor-version":[{"id":7217,"href":"https:\/\/sustainability2024.amarencogroup.com\/fr\/wp-json\/wp\/v2\/pages\/6505\/revisions\/7217"}],"wp:featuredmedia":[{"embeddable":true,"href":"https:\/\/sustainability2024.amarencogroup.com\/fr\/wp-json\/wp\/v2\/media\/5709"}],"wp:attachment":[{"href":"https:\/\/sustainability2024.amarencogroup.com\/fr\/wp-json\/wp\/v2\/media?parent=6505"}],"curies":[{"name":"wp","href":"https:\/\/api.w.org\/{rel}","templated":true}]}}