{"id":6535,"date":"2025-06-11T10:16:09","date_gmt":"2025-06-11T08:16:09","guid":{"rendered":"https:\/\/sustainability2024.amarencogroup.com\/social-elisabeth-rousseau\/"},"modified":"2025-09-23T18:11:09","modified_gmt":"2025-09-23T16:11:09","slug":"social-elisabeth-rousseau","status":"publish","type":"page","link":"https:\/\/sustainability2024.amarencogroup.com\/fr\/social-elisabeth-rousseau\/","title":{"rendered":"Social &#8211; Elisabeth Rousseau Dufour"},"content":{"rendered":"\t\t<div data-elementor-type=\"wp-page\" data-elementor-id=\"6535\" class=\"elementor elementor-6535 elementor-597\" data-elementor-post-type=\"page\">\n\t\t\t\t<div class=\"elementor-element elementor-element-f999fe6 e-con-full e-flex e-con e-parent\" data-id=\"f999fe6\" data-element_type=\"container\" data-e-type=\"container\" data-settings=\"{&quot;background_background&quot;:&quot;classic&quot;}\">\n\t\t<div class=\"elementor-element elementor-element-feb6175 e-con-full e-flex e-con e-child\" data-id=\"feb6175\" data-element_type=\"container\" data-e-type=\"container\">\n\t\t\t\t<div class=\"elementor-element elementor-element-4df85a9 elementor-widget elementor-widget-heading\" data-id=\"4df85a9\" data-element_type=\"widget\" data-e-type=\"widget\" data-widget_type=\"heading.default\">\n\t\t\t\t<div class=\"elementor-widget-container\">\n\t\t\t\t\t<h2 class=\"elementor-heading-title elementor-size-default\">Social<\/h2>\t\t\t\t<\/div>\n\t\t\t\t<\/div>\n\t\t\t\t<div class=\"elementor-element elementor-element-bb88d41 elementor-widget-divider--view-line elementor-widget elementor-widget-divider\" data-id=\"bb88d41\" data-element_type=\"widget\" data-e-type=\"widget\" data-widget_type=\"divider.default\">\n\t\t\t\t<div class=\"elementor-widget-container\">\n\t\t\t\t\t\t\t<div class=\"elementor-divider\">\n\t\t\t<span class=\"elementor-divider-separator\">\n\t\t\t\t\t\t<\/span>\n\t\t<\/div>\n\t\t\t\t\t\t<\/div>\n\t\t\t\t<\/div>\n\t\t\t\t<\/div>\n\t\t\t\t<div class=\"elementor-element elementor-element-95f7fa6 elementor-widget elementor-widget-heading\" data-id=\"95f7fa6\" data-element_type=\"widget\" data-e-type=\"widget\" data-settings=\"{&quot;_animation_mobile&quot;:&quot;none&quot;}\" data-widget_type=\"heading.default\">\n\t\t\t\t<div class=\"elementor-widget-container\">\n\t\t\t\t\t<h1 class=\"elementor-heading-title elementor-size-default\">ELISABETH ROUSSEAU DUFOUR<\/h1>\t\t\t\t<\/div>\n\t\t\t\t<\/div>\n\t\t\t\t<div class=\"elementor-element elementor-element-fd41085 elementor-widget elementor-widget-heading\" data-id=\"fd41085\" data-element_type=\"widget\" data-e-type=\"widget\" data-settings=\"{&quot;_animation_mobile&quot;:&quot;none&quot;}\" data-widget_type=\"heading.default\">\n\t\t\t\t<div class=\"elementor-widget-container\">\n\t\t\t\t\t<h2 class=\"elementor-heading-title elementor-size-default\">Directrice de l'\u00e9cologie humaine<\/h2>\t\t\t\t<\/div>\n\t\t\t\t<\/div>\n\t\t\t\t<\/div>\n\t\t<div class=\"elementor-element elementor-element-1cace1d e-flex e-con-boxed e-con e-parent\" data-id=\"1cace1d\" data-element_type=\"container\" data-e-type=\"container\" data-settings=\"{&quot;background_background&quot;:&quot;classic&quot;}\">\n\t\t\t\t\t<div class=\"e-con-inner\">\n\t\t\t\t<div class=\"elementor-element elementor-element-395536d elementor-widget elementor-widget-video\" data-id=\"395536d\" data-element_type=\"widget\" data-e-type=\"widget\" data-settings=\"{&quot;youtube_url&quot;:&quot;https:\\\/\\\/youtube.com\\\/shorts\\\/taev6vYThHs?feature=share&quot;,&quot;show_image_overlay&quot;:&quot;yes&quot;,&quot;image_overlay&quot;:{&quot;url&quot;:&quot;https:\\\/\\\/sustainability2024.amarencogroup.com\\\/wp-content\\\/uploads\\\/2025\\\/07\\\/rousseau-video-3.webp&quot;,&quot;id&quot;:5959,&quot;size&quot;:&quot;&quot;,&quot;alt&quot;:&quot;&quot;,&quot;source&quot;:&quot;library&quot;},&quot;video_type&quot;:&quot;youtube&quot;,&quot;controls&quot;:&quot;yes&quot;}\" data-widget_type=\"video.default\">\n\t\t\t\t<div class=\"elementor-widget-container\">\n\t\t\t\t\t\t\t<div class=\"elementor-wrapper elementor-open-inline\">\n\t\t\t<div class=\"elementor-video\"><\/div>\t\t\t\t<div class=\"elementor-custom-embed-image-overlay\" style=\"background-image: url(https:\/\/sustainability2024.amarencogroup.com\/wp-content\/uploads\/2025\/07\/rousseau-video-3.webp);\">\n\t\t\t\t\t\t\t\t\t\t\t\t\t\t\t\t<div class=\"elementor-custom-embed-play\" role=\"button\" aria-label=\"Lire la vid\u00e9o\" tabindex=\"0\">\n\t\t\t\t\t\t\t<svg aria-hidden=\"true\" class=\"e-font-icon-svg e-eicon-play\" viewBox=\"0 0 1000 1000\" xmlns=\"http:\/\/www.w3.org\/2000\/svg\"><path d=\"M838 162C746 71 633 25 500 25 371 25 258 71 163 162 71 254 25 367 25 500 25 633 71 746 163 837 254 929 367 979 500 979 633 979 746 933 838 837 929 746 975 633 975 500 975 367 929 254 838 162M808 192C892 279 933 379 933 500 933 621 892 725 808 808 725 892 621 938 500 938 379 938 279 896 196 808 113 725 67 621 67 500 67 379 108 279 196 192 279 108 383 62 500 62 621 62 721 108 808 192M438 392V642L642 517 438 392Z\"><\/path><\/svg>\t\t\t\t\t\t<\/div>\n\t\t\t\t\t\t\t\t\t<\/div>\n\t\t\t\t\t<\/div>\n\t\t\t\t\t\t<\/div>\n\t\t\t\t<\/div>\n\t\t\t\t<div class=\"elementor-element elementor-element-91b6835 elementor-widget elementor-widget-text-editor\" data-id=\"91b6835\" data-element_type=\"widget\" data-e-type=\"widget\" data-widget_type=\"text-editor.default\">\n\t\t\t\t<div class=\"elementor-widget-container\">\n\t\t\t\t\t\t\t\t\t<div id=\"lipsum\"><p>\u00ab Au cours des 18 derniers mois, nous avons initi\u00e9 un projet de transformation majeur pour refl\u00e9ter notre ambition r\u00e9g\u00e9n\u00e9rative au service de nos employ\u00e9s. Dans le cadre de cette d\u00e9marche, le d\u00e9partement des Ressources Humaines a \u00e9t\u00e9 renomm\u00e9 <strong>\u00c9cologie Humaine.<\/strong> <\/p><p>Ce changement est profond\u00e9ment significatif. <em>L&rsquo;\u00c9cologie Humaine<\/em> est l&rsquo;une de nos cinq valeurs fondamentales, aux c\u00f4t\u00e9s de <em>Pionnier, <\/em> <em>d&rsquo;Engagement,<\/em> <em>d&rsquo;Unificateur<\/em> et <em>d&rsquo;Agilit\u00e9.<\/em> Choisir ce nom \u00e9tait une \u00e9vidence, car il refl\u00e8te notre engagement \u00e0 fournir aux employ\u00e9s les ressources n\u00e9cessaires pour naviguer dans la complexit\u00e9 croissante du monde du travail et de notre environnement au sens large. <\/p><p>Notre objectif est d\u2019offrir des outils qui favorisent une plus grande coh\u00e9sion, un meilleur alignement, et qui contribuent in fine \u00e0 la performance globale de l\u2019entreprise. Cette initiative d\u00e9coule directement de notre strat\u00e9gie RSE et est con\u00e7ue pour aligner nos employ\u00e9s autour d\u2019une raison d\u2019\u00eatre partag\u00e9e et de processus communs, menant \u00e0 une collaboration plus efficace. <\/p><p>Nombre de nos processus internes sont con\u00e7us pour aider les employ\u00e9s \u00e0 s&rsquo;aligner d&rsquo;abord avec eux-m\u00eames, afin de mieux travailler ensemble. C&rsquo;est la vision de la durabilit\u00e9 humaine que nous adoptons. <\/p><p>En prenant r\u00e9guli\u00e8rement le pouls de nos \u00e9quipes et en exploitant les donn\u00e9es de notre rapport ESG, nous pouvons nous assurer que nous avan\u00e7ons dans la bonne direction, toujours avec la performance comme fil conducteur.<\/p><p>Le rapport ESG est un outil strat\u00e9gique pour nous. Il nous permet de suivre les indicateurs cl\u00e9s, d\u2019alimenter nos efforts d\u2019am\u00e9lioration continue et de confirmer que les politiques que nous mettons en \u0153uvre produisent les r\u00e9sultats escompt\u00e9s. <\/p><p>Notre fort engagement en faveur de la mesure et de l&rsquo;am\u00e9lioration continue est ce qui soutient v\u00e9ritablement notre ambition pour un d\u00e9veloppement durable et tangible. \u00bb<\/p><\/div>\t\t\t\t\t\t\t\t<\/div>\n\t\t\t\t<\/div>\n\t\t\t\t\t<\/div>\n\t\t\t\t<\/div>\n\t\t\t\t<\/div>\n\t\t","protected":false},"excerpt":{"rendered":"<p>Social ELISABETH ROUSSEAU DUFOUR Directrice de l&rsquo;\u00e9cologie humaine https:\/\/youtube.com\/shorts\/taev6vYThHs?feature=share \u00ab Au cours des 18 derniers mois, nous avons initi\u00e9 un projet de transformation majeur pour refl\u00e9ter notre ambition r\u00e9g\u00e9n\u00e9rative au service de nos employ\u00e9s. Dans le cadre de cette d\u00e9marche, le d\u00e9partement des Ressources Humaines a \u00e9t\u00e9 renomm\u00e9 \u00c9cologie Humaine. Ce changement est profond\u00e9ment significatif. [&hellip;]<\/p>\n","protected":false},"author":1,"featured_media":5959,"parent":0,"menu_order":0,"comment_status":"closed","ping_status":"closed","template":"elementor_header_footer","meta":{"footnotes":""},"class_list":["post-6535","page","type-page","status-publish","has-post-thumbnail","hentry"],"_links":{"self":[{"href":"https:\/\/sustainability2024.amarencogroup.com\/fr\/wp-json\/wp\/v2\/pages\/6535","targetHints":{"allow":["GET"]}}],"collection":[{"href":"https:\/\/sustainability2024.amarencogroup.com\/fr\/wp-json\/wp\/v2\/pages"}],"about":[{"href":"https:\/\/sustainability2024.amarencogroup.com\/fr\/wp-json\/wp\/v2\/types\/page"}],"author":[{"embeddable":true,"href":"https:\/\/sustainability2024.amarencogroup.com\/fr\/wp-json\/wp\/v2\/users\/1"}],"replies":[{"embeddable":true,"href":"https:\/\/sustainability2024.amarencogroup.com\/fr\/wp-json\/wp\/v2\/comments?post=6535"}],"version-history":[{"count":5,"href":"https:\/\/sustainability2024.amarencogroup.com\/fr\/wp-json\/wp\/v2\/pages\/6535\/revisions"}],"predecessor-version":[{"id":7317,"href":"https:\/\/sustainability2024.amarencogroup.com\/fr\/wp-json\/wp\/v2\/pages\/6535\/revisions\/7317"}],"wp:featuredmedia":[{"embeddable":true,"href":"https:\/\/sustainability2024.amarencogroup.com\/fr\/wp-json\/wp\/v2\/media\/5959"}],"wp:attachment":[{"href":"https:\/\/sustainability2024.amarencogroup.com\/fr\/wp-json\/wp\/v2\/media?parent=6535"}],"curies":[{"name":"wp","href":"https:\/\/api.w.org\/{rel}","templated":true}]}}