{"id":6537,"date":"2025-06-06T15:00:39","date_gmt":"2025-06-06T13:00:39","guid":{"rendered":"https:\/\/sustainability2024.amarencogroup.com\/social-ecologie-humaine\/"},"modified":"2025-10-06T11:28:05","modified_gmt":"2025-10-06T09:28:05","slug":"social-ecologie-humaine","status":"publish","type":"page","link":"https:\/\/sustainability2024.amarencogroup.com\/fr\/social-ecologie-humaine\/","title":{"rendered":"Social-\u00c9COLOGIE HUMAINE"},"content":{"rendered":"\t\t<div data-elementor-type=\"wp-page\" data-elementor-id=\"6537\" class=\"elementor elementor-6537 elementor-140\" data-elementor-post-type=\"page\">\n\t\t\t\t<div class=\"elementor-element elementor-element-18563fd e-con-full e-flex e-con e-parent\" data-id=\"18563fd\" data-element_type=\"container\" data-e-type=\"container\" data-settings=\"{&quot;background_background&quot;:&quot;classic&quot;}\">\n\t\t<div class=\"elementor-element elementor-element-b770c5f e-con-full e-flex e-con e-child\" data-id=\"b770c5f\" data-element_type=\"container\" data-e-type=\"container\">\n\t\t\t\t<div class=\"elementor-element elementor-element-4e717bc elementor-widget elementor-widget-heading\" data-id=\"4e717bc\" data-element_type=\"widget\" data-e-type=\"widget\" data-widget_type=\"heading.default\">\n\t\t\t\t<div class=\"elementor-widget-container\">\n\t\t\t\t\t<h2 class=\"elementor-heading-title elementor-size-default\">Social<\/h2>\t\t\t\t<\/div>\n\t\t\t\t<\/div>\n\t\t\t\t<div class=\"elementor-element elementor-element-3c22c98 elementor-widget-divider--view-line elementor-widget elementor-widget-divider\" data-id=\"3c22c98\" data-element_type=\"widget\" data-e-type=\"widget\" data-widget_type=\"divider.default\">\n\t\t\t\t<div class=\"elementor-widget-container\">\n\t\t\t\t\t\t\t<div class=\"elementor-divider\">\n\t\t\t<span class=\"elementor-divider-separator\">\n\t\t\t\t\t\t<\/span>\n\t\t<\/div>\n\t\t\t\t\t\t<\/div>\n\t\t\t\t<\/div>\n\t\t\t\t<\/div>\n\t\t\t\t<div class=\"elementor-element elementor-element-245114a elementor-widget elementor-widget-heading\" data-id=\"245114a\" data-element_type=\"widget\" data-e-type=\"widget\" data-settings=\"{&quot;_animation&quot;:&quot;none&quot;,&quot;_animation_mobile&quot;:&quot;none&quot;}\" data-widget_type=\"heading.default\">\n\t\t\t\t<div class=\"elementor-widget-container\">\n\t\t\t\t\t<h1 class=\"elementor-heading-title elementor-size-default\">\u00c9COLOGIE HUMAINE<\/h1>\t\t\t\t<\/div>\n\t\t\t\t<\/div>\n\t\t\t\t<div class=\"elementor-element elementor-element-7d64a2c elementor-widget elementor-widget-heading\" data-id=\"7d64a2c\" data-element_type=\"widget\" data-e-type=\"widget\" data-settings=\"{&quot;_animation_mobile&quot;:&quot;none&quot;}\" data-widget_type=\"heading.default\">\n\t\t\t\t<div class=\"elementor-widget-container\">\n\t\t\t\t\t<h2 class=\"elementor-heading-title elementor-size-default\">LA R\u00c9G\u00c9N\u00c9RATION COMMENCE PAR LES PERSONNES <\/h2>\t\t\t\t<\/div>\n\t\t\t\t<\/div>\n\t\t\t\t<\/div>\n\t\t<div class=\"elementor-element elementor-element-8272383 e-flex e-con-boxed e-con e-parent\" data-id=\"8272383\" data-element_type=\"container\" data-e-type=\"container\" data-settings=\"{&quot;background_background&quot;:&quot;classic&quot;}\">\n\t\t\t\t\t<div class=\"e-con-inner\">\n\t\t\t\t<div class=\"elementor-element elementor-element-b2c7141 elementor-widget elementor-widget-image\" data-id=\"b2c7141\" data-element_type=\"widget\" data-e-type=\"widget\" data-widget_type=\"image.default\">\n\t\t\t\t<div class=\"elementor-widget-container\">\n\t\t\t\t\t\t\t\t\t\t\t\t\t\t\t<img fetchpriority=\"high\" decoding=\"async\" width=\"455\" height=\"452\" src=\"https:\/\/sustainability2024.amarencogroup.com\/wp-content\/uploads\/2025\/07\/logo-human-ecology.webp\" class=\"attachment-large size-large wp-image-5769\" alt=\"\" srcset=\"https:\/\/sustainability2024.amarencogroup.com\/wp-content\/uploads\/2025\/07\/logo-human-ecology.webp 455w, https:\/\/sustainability2024.amarencogroup.com\/wp-content\/uploads\/2025\/07\/logo-human-ecology-300x298.webp 300w, https:\/\/sustainability2024.amarencogroup.com\/wp-content\/uploads\/2025\/07\/logo-human-ecology-150x150.webp 150w\" sizes=\"(max-width: 455px) 100vw, 455px\" \/>\t\t\t\t\t\t\t\t\t\t\t\t\t\t\t<\/div>\n\t\t\t\t<\/div>\n\t\t\t\t<div class=\"elementor-element elementor-element-b88ddb9 elementor-widget elementor-widget-heading\" data-id=\"b88ddb9\" data-element_type=\"widget\" data-e-type=\"widget\" data-widget_type=\"heading.default\">\n\t\t\t\t<div class=\"elementor-widget-container\">\n\t\t\t\t\t<h2 class=\"elementor-heading-title elementor-size-default\">Le D\u00e9partement des Ressources Humaines Devient l'\u00c9cologie Humaine<\/h2>\t\t\t\t<\/div>\n\t\t\t\t<\/div>\n\t\t\t\t<div class=\"elementor-element elementor-element-777f269 elementor-widget elementor-widget-heading\" data-id=\"777f269\" data-element_type=\"widget\" data-e-type=\"widget\" data-widget_type=\"heading.default\">\n\t\t\t\t<div class=\"elementor-widget-container\">\n\t\t\t\t\t<h2 class=\"elementor-heading-title elementor-size-default\">Une Transformation Vers la R\u00e9g\u00e9n\u00e9ration<\/h2>\t\t\t\t<\/div>\n\t\t\t\t<\/div>\n\t\t\t\t<div class=\"elementor-element elementor-element-368833f elementor-widget elementor-widget-text-editor\" data-id=\"368833f\" data-element_type=\"widget\" data-e-type=\"widget\" data-widget_type=\"text-editor.default\">\n\t\t\t\t<div class=\"elementor-widget-container\">\n\t\t\t\t\t\t\t\t\t<p>Le D\u00e9partement des Ressources Humaines est aujourd&rsquo;hui connu sous le nom <em>d&rsquo;\u00c9cologie Humaine.<\/em> Ce changement de nom n&rsquo;est pas qu&rsquo;un simple repositionnement \u2014 il repr\u00e9sente une \u00e9volution profonde de notre approche des ressources humaines, align\u00e9e avec notre vision de la r\u00e9g\u00e9n\u00e9ration et nos valeurs fondamentales. <\/p>\t\t\t\t\t\t\t\t<\/div>\n\t\t\t\t<\/div>\n\t\t\t\t<div class=\"elementor-element elementor-element-f55a656 elementor-widget elementor-widget-heading\" data-id=\"f55a656\" data-element_type=\"widget\" data-e-type=\"widget\" data-widget_type=\"heading.default\">\n\t\t\t\t<div class=\"elementor-widget-container\">\n\t\t\t\t\t<h2 class=\"elementor-heading-title elementor-size-default\">Une Vision R\u00e9g\u00e9n\u00e9rative et R\u00e9siliente<\/h2>\t\t\t\t<\/div>\n\t\t\t\t<\/div>\n\t\t\t\t<div class=\"elementor-element elementor-element-38fa51f elementor-widget elementor-widget-text-editor\" data-id=\"38fa51f\" data-element_type=\"widget\" data-e-type=\"widget\" data-widget_type=\"text-editor.default\">\n\t\t\t\t<div class=\"elementor-widget-container\">\n\t\t\t\t\t\t\t\t\t<p>Inspir\u00e9e par les principes des syst\u00e8mes vivants et de l&rsquo;\u00e9cologie, <em>l&rsquo;\u00c9cologie Humaine<\/em> vise \u00e0 cr\u00e9er un environnement de travail r\u00e9g\u00e9n\u00e9ratif o\u00f9 chaque individu peut s&rsquo;\u00e9panouir tout en contribuant aux objectifs collectifs. Nous favorisons l&rsquo;interd\u00e9pendance et la collaboration, en reconnaissant la valeur unique de chaque talent. Guid\u00e9s par l&rsquo;\u00e9quilibre dynamique, nous adaptons nos pratiques aux besoins \u00e9volutifs de nos \u00e9quipes, cultivant la diversit\u00e9 comme une source de richesse et d&rsquo;innovation.  <\/p>\t\t\t\t\t\t\t\t<\/div>\n\t\t\t\t<\/div>\n\t\t\t\t\t<\/div>\n\t\t\t\t<\/div>\n\t\t<div class=\"elementor-element elementor-element-b93b375 e-flex e-con-boxed e-con e-parent\" data-id=\"b93b375\" data-element_type=\"container\" data-e-type=\"container\" data-settings=\"{&quot;background_background&quot;:&quot;classic&quot;}\">\n\t\t\t\t\t<div class=\"e-con-inner\">\n\t\t\t\t<div class=\"elementor-element elementor-element-32348d1 elementor-widget elementor-widget-heading\" data-id=\"32348d1\" data-element_type=\"widget\" data-e-type=\"widget\" data-widget_type=\"heading.default\">\n\t\t\t\t<div class=\"elementor-widget-container\">\n\t\t\t\t\t<h2 class=\"elementor-heading-title elementor-size-default\">Un d\u00e9partement qui incarne les valeurs fondamentales d\u2019Amarenco<\/h2>\t\t\t\t<\/div>\n\t\t\t\t<\/div>\n\t\t<div class=\"elementor-element elementor-element-f32a31d e-con-full e-flex e-con e-child\" data-id=\"f32a31d\" data-element_type=\"container\" data-e-type=\"container\">\n\t\t<div class=\"elementor-element elementor-element-939d193 e-con-full e-flex e-con e-child\" data-id=\"939d193\" data-element_type=\"container\" data-e-type=\"container\">\n\t\t\t\t<div class=\"elementor-element elementor-element-6b65472 elementor-widget elementor-widget-image\" data-id=\"6b65472\" data-element_type=\"widget\" data-e-type=\"widget\" data-widget_type=\"image.default\">\n\t\t\t\t<div class=\"elementor-widget-container\">\n\t\t\t\t\t\t\t\t\t\t\t\t\t\t\t<img decoding=\"async\" width=\"200\" height=\"200\" src=\"https:\/\/sustainability2024.amarencogroup.com\/wp-content\/uploads\/2025\/06\/pictos-corporate-values-HUMAN_ECOLOGY.webp\" class=\"attachment-large size-large wp-image-5670\" alt=\"\" srcset=\"https:\/\/sustainability2024.amarencogroup.com\/wp-content\/uploads\/2025\/06\/pictos-corporate-values-HUMAN_ECOLOGY.webp 200w, https:\/\/sustainability2024.amarencogroup.com\/wp-content\/uploads\/2025\/06\/pictos-corporate-values-HUMAN_ECOLOGY-150x150.webp 150w\" sizes=\"(max-width: 200px) 100vw, 200px\" \/>\t\t\t\t\t\t\t\t\t\t\t\t\t\t\t<\/div>\n\t\t\t\t<\/div>\n\t\t\t\t<\/div>\n\t\t<div class=\"elementor-element elementor-element-31b21bc e-con-full e-flex e-con e-child\" data-id=\"31b21bc\" data-element_type=\"container\" data-e-type=\"container\">\n\t\t\t\t<div class=\"elementor-element elementor-element-17d1bf3 elementor-widget elementor-widget-heading\" data-id=\"17d1bf3\" data-element_type=\"widget\" data-e-type=\"widget\" data-widget_type=\"heading.default\">\n\t\t\t\t<div class=\"elementor-widget-container\">\n\t\t\t\t\t<h2 class=\"elementor-heading-title elementor-size-default\">\u00c9COLOGIE HUMAINE<\/h2>\t\t\t\t<\/div>\n\t\t\t\t<\/div>\n\t\t\t\t<div class=\"elementor-element elementor-element-c4ddd66 elementor-widget elementor-widget-text-editor\" data-id=\"c4ddd66\" data-element_type=\"widget\" data-e-type=\"widget\" data-widget_type=\"text-editor.default\">\n\t\t\t\t<div class=\"elementor-widget-container\">\n\t\t\t\t\t\t\t\t\t<p>Valoriser les personnes et leurs talents, tout en respectant et en pr\u00e9servant les principes fondamentaux des \u00e9cosyst\u00e8mes vivants.<\/p>\t\t\t\t\t\t\t\t<\/div>\n\t\t\t\t<\/div>\n\t\t\t\t<\/div>\n\t\t\t\t<\/div>\n\t\t<div class=\"elementor-element elementor-element-12fadd6 e-con-full e-flex e-con e-child\" data-id=\"12fadd6\" data-element_type=\"container\" data-e-type=\"container\">\n\t\t<div class=\"elementor-element elementor-element-04412bb e-con-full e-flex e-con e-child\" data-id=\"04412bb\" data-element_type=\"container\" data-e-type=\"container\">\n\t\t\t\t<div class=\"elementor-element elementor-element-457833c elementor-widget elementor-widget-image\" data-id=\"457833c\" data-element_type=\"widget\" data-e-type=\"widget\" data-widget_type=\"image.default\">\n\t\t\t\t<div class=\"elementor-widget-container\">\n\t\t\t\t\t\t\t\t\t\t\t\t\t\t\t<img decoding=\"async\" width=\"200\" height=\"200\" src=\"https:\/\/sustainability2024.amarencogroup.com\/wp-content\/uploads\/2025\/06\/pictos-corporate-values-ENGAGEMENT.webp\" class=\"attachment-large size-large wp-image-5671\" alt=\"\" srcset=\"https:\/\/sustainability2024.amarencogroup.com\/wp-content\/uploads\/2025\/06\/pictos-corporate-values-ENGAGEMENT.webp 200w, https:\/\/sustainability2024.amarencogroup.com\/wp-content\/uploads\/2025\/06\/pictos-corporate-values-ENGAGEMENT-150x150.webp 150w\" sizes=\"(max-width: 200px) 100vw, 200px\" \/>\t\t\t\t\t\t\t\t\t\t\t\t\t\t\t<\/div>\n\t\t\t\t<\/div>\n\t\t\t\t<\/div>\n\t\t<div class=\"elementor-element elementor-element-e11d682 e-con-full e-flex e-con e-child\" data-id=\"e11d682\" data-element_type=\"container\" data-e-type=\"container\">\n\t\t\t\t<div class=\"elementor-element elementor-element-f9514ce elementor-widget elementor-widget-heading\" data-id=\"f9514ce\" data-element_type=\"widget\" data-e-type=\"widget\" data-widget_type=\"heading.default\">\n\t\t\t\t<div class=\"elementor-widget-container\">\n\t\t\t\t\t<h2 class=\"elementor-heading-title elementor-size-default\">ENGAGEMENT<\/h2>\t\t\t\t<\/div>\n\t\t\t\t<\/div>\n\t\t\t\t<div class=\"elementor-element elementor-element-07502fd elementor-widget elementor-widget-text-editor\" data-id=\"07502fd\" data-element_type=\"widget\" data-e-type=\"widget\" data-widget_type=\"text-editor.default\">\n\t\t\t\t<div class=\"elementor-widget-container\">\n\t\t\t\t\t\t\t\t\t<p>S\u2019engager \u00e0 atteindre nos objectifs dans des d\u00e9lais d\u00e9finis tout en impliquant activement toutes les parties prenantes tout au long du parcours, sur la base de la confiance et du respect.<\/p>\t\t\t\t\t\t\t\t<\/div>\n\t\t\t\t<\/div>\n\t\t\t\t<\/div>\n\t\t\t\t<\/div>\n\t\t<div class=\"elementor-element elementor-element-0a25f20 e-con-full e-flex e-con e-child\" data-id=\"0a25f20\" data-element_type=\"container\" data-e-type=\"container\">\n\t\t<div class=\"elementor-element elementor-element-4b8e13c e-con-full e-flex e-con e-child\" data-id=\"4b8e13c\" data-element_type=\"container\" data-e-type=\"container\">\n\t\t\t\t<div class=\"elementor-element elementor-element-3498859 elementor-widget elementor-widget-image\" data-id=\"3498859\" data-element_type=\"widget\" data-e-type=\"widget\" data-widget_type=\"image.default\">\n\t\t\t\t<div class=\"elementor-widget-container\">\n\t\t\t\t\t\t\t\t\t\t\t\t\t\t\t<img loading=\"lazy\" decoding=\"async\" width=\"200\" height=\"200\" src=\"https:\/\/sustainability2024.amarencogroup.com\/wp-content\/uploads\/2025\/06\/pictos-corporate-values-TRAILBLAZER.webp\" class=\"attachment-large size-large wp-image-5673\" alt=\"\" srcset=\"https:\/\/sustainability2024.amarencogroup.com\/wp-content\/uploads\/2025\/06\/pictos-corporate-values-TRAILBLAZER.webp 200w, https:\/\/sustainability2024.amarencogroup.com\/wp-content\/uploads\/2025\/06\/pictos-corporate-values-TRAILBLAZER-150x150.webp 150w\" sizes=\"(max-width: 200px) 100vw, 200px\" \/>\t\t\t\t\t\t\t\t\t\t\t\t\t\t\t<\/div>\n\t\t\t\t<\/div>\n\t\t\t\t<\/div>\n\t\t<div class=\"elementor-element elementor-element-0aed862 e-con-full e-flex e-con e-child\" data-id=\"0aed862\" data-element_type=\"container\" data-e-type=\"container\">\n\t\t\t\t<div class=\"elementor-element elementor-element-27726f2 elementor-widget elementor-widget-heading\" data-id=\"27726f2\" data-element_type=\"widget\" data-e-type=\"widget\" data-widget_type=\"heading.default\">\n\t\t\t\t<div class=\"elementor-widget-container\">\n\t\t\t\t\t<h2 class=\"elementor-heading-title elementor-size-default\">\u00c9CLAIREUR (PIONNIER)<\/h2>\t\t\t\t<\/div>\n\t\t\t\t<\/div>\n\t\t\t\t<div class=\"elementor-element elementor-element-077a514 elementor-widget elementor-widget-text-editor\" data-id=\"077a514\" data-element_type=\"widget\" data-e-type=\"widget\" data-widget_type=\"text-editor.default\">\n\t\t\t\t<div class=\"elementor-widget-container\">\n\t\t\t\t\t\t\t\t\t<p>Encourager la cr\u00e9ation continue pour un renouvellement durable.<\/p>\t\t\t\t\t\t\t\t<\/div>\n\t\t\t\t<\/div>\n\t\t\t\t<\/div>\n\t\t\t\t<\/div>\n\t\t<div class=\"elementor-element elementor-element-4bf5ee9 e-con-full e-flex e-con e-child\" data-id=\"4bf5ee9\" data-element_type=\"container\" data-e-type=\"container\">\n\t\t<div class=\"elementor-element elementor-element-e816941 e-con-full e-flex e-con e-child\" data-id=\"e816941\" data-element_type=\"container\" data-e-type=\"container\">\n\t\t\t\t<div class=\"elementor-element elementor-element-2c34113 elementor-widget elementor-widget-image\" data-id=\"2c34113\" data-element_type=\"widget\" data-e-type=\"widget\" data-widget_type=\"image.default\">\n\t\t\t\t<div class=\"elementor-widget-container\">\n\t\t\t\t\t\t\t\t\t\t\t\t\t\t\t<img loading=\"lazy\" decoding=\"async\" width=\"200\" height=\"200\" src=\"https:\/\/sustainability2024.amarencogroup.com\/wp-content\/uploads\/2025\/06\/pictos-corporate-values-AGILITY.webp\" class=\"attachment-large size-large wp-image-5674\" alt=\"\" srcset=\"https:\/\/sustainability2024.amarencogroup.com\/wp-content\/uploads\/2025\/06\/pictos-corporate-values-AGILITY.webp 200w, https:\/\/sustainability2024.amarencogroup.com\/wp-content\/uploads\/2025\/06\/pictos-corporate-values-AGILITY-150x150.webp 150w\" sizes=\"(max-width: 200px) 100vw, 200px\" \/>\t\t\t\t\t\t\t\t\t\t\t\t\t\t\t<\/div>\n\t\t\t\t<\/div>\n\t\t\t\t<\/div>\n\t\t<div class=\"elementor-element elementor-element-0b8db7b e-con-full e-flex e-con e-child\" data-id=\"0b8db7b\" data-element_type=\"container\" data-e-type=\"container\">\n\t\t\t\t<div class=\"elementor-element elementor-element-77ddfad elementor-widget elementor-widget-heading\" data-id=\"77ddfad\" data-element_type=\"widget\" data-e-type=\"widget\" data-widget_type=\"heading.default\">\n\t\t\t\t<div class=\"elementor-widget-container\">\n\t\t\t\t\t<h2 class=\"elementor-heading-title elementor-size-default\">AGILIT\u00c9<\/h2>\t\t\t\t<\/div>\n\t\t\t\t<\/div>\n\t\t\t\t<div class=\"elementor-element elementor-element-91549eb elementor-widget elementor-widget-text-editor\" data-id=\"91549eb\" data-element_type=\"widget\" data-e-type=\"widget\" data-widget_type=\"text-editor.default\">\n\t\t\t\t<div class=\"elementor-widget-container\">\n\t\t\t\t\t\t\t\t\t<p>L\u2019agilit\u00e9 d\u00e9signe la capacit\u00e9 de l\u2019organisation \u00e0 s\u2019adapter rapidement au changement gr\u00e2ce \u00e0 des \u00e9quipes autonomes et responsabilis\u00e9es, en favorisant la participation collaborative et l\u2019autonomie au sein de chaque \u00e9quipe.<\/p>\t\t\t\t\t\t\t\t<\/div>\n\t\t\t\t<\/div>\n\t\t\t\t<\/div>\n\t\t\t\t<\/div>\n\t\t<div class=\"elementor-element elementor-element-7ac4e97 e-con-full e-flex e-con e-child\" data-id=\"7ac4e97\" data-element_type=\"container\" data-e-type=\"container\">\n\t\t<div class=\"elementor-element elementor-element-8d45709 e-con-full e-flex e-con e-child\" data-id=\"8d45709\" data-element_type=\"container\" data-e-type=\"container\">\n\t\t\t\t<div class=\"elementor-element elementor-element-392601a elementor-widget elementor-widget-image\" data-id=\"392601a\" data-element_type=\"widget\" data-e-type=\"widget\" data-widget_type=\"image.default\">\n\t\t\t\t<div class=\"elementor-widget-container\">\n\t\t\t\t\t\t\t\t\t\t\t\t\t\t\t<img loading=\"lazy\" decoding=\"async\" width=\"200\" height=\"200\" src=\"https:\/\/sustainability2024.amarencogroup.com\/wp-content\/uploads\/2025\/06\/pictos-corporate-values-UNIFIER.webp\" class=\"attachment-large size-large wp-image-5672\" alt=\"\" srcset=\"https:\/\/sustainability2024.amarencogroup.com\/wp-content\/uploads\/2025\/06\/pictos-corporate-values-UNIFIER.webp 200w, https:\/\/sustainability2024.amarencogroup.com\/wp-content\/uploads\/2025\/06\/pictos-corporate-values-UNIFIER-150x150.webp 150w\" sizes=\"(max-width: 200px) 100vw, 200px\" \/>\t\t\t\t\t\t\t\t\t\t\t\t\t\t\t<\/div>\n\t\t\t\t<\/div>\n\t\t\t\t<\/div>\n\t\t<div class=\"elementor-element elementor-element-f6126c3 e-con-full e-flex e-con e-child\" data-id=\"f6126c3\" data-element_type=\"container\" data-e-type=\"container\">\n\t\t\t\t<div class=\"elementor-element elementor-element-0369cff elementor-widget elementor-widget-heading\" data-id=\"0369cff\" data-element_type=\"widget\" data-e-type=\"widget\" data-widget_type=\"heading.default\">\n\t\t\t\t<div class=\"elementor-widget-container\">\n\t\t\t\t\t<h2 class=\"elementor-heading-title elementor-size-default\">UNIFICATEUR<\/h2>\t\t\t\t<\/div>\n\t\t\t\t<\/div>\n\t\t\t\t<div class=\"elementor-element elementor-element-f446078 elementor-widget elementor-widget-text-editor\" data-id=\"f446078\" data-element_type=\"widget\" data-e-type=\"widget\" data-widget_type=\"text-editor.default\">\n\t\t\t\t<div class=\"elementor-widget-container\">\n\t\t\t\t\t\t\t\t\t<p>C\u00e9l\u00e9brer l&rsquo;individualit\u00e9 et la diversit\u00e9 comme sources de force et d&rsquo;unit\u00e9.<\/p>\t\t\t\t\t\t\t\t<\/div>\n\t\t\t\t<\/div>\n\t\t\t\t<\/div>\n\t\t\t\t<\/div>\n\t\t\t\t\t<\/div>\n\t\t\t\t<\/div>\n\t\t<div class=\"elementor-element elementor-element-a4b2795 e-flex e-con-boxed e-con e-parent\" data-id=\"a4b2795\" data-element_type=\"container\" data-e-type=\"container\" data-settings=\"{&quot;background_background&quot;:&quot;classic&quot;}\">\n\t\t\t\t\t<div class=\"e-con-inner\">\n\t\t\t\t<div class=\"elementor-element elementor-element-9fc41a9 elementor-widget elementor-widget-heading\" data-id=\"9fc41a9\" data-element_type=\"widget\" data-e-type=\"widget\" data-widget_type=\"heading.default\">\n\t\t\t\t<div class=\"elementor-widget-container\">\n\t\t\t\t\t<h2 class=\"elementor-heading-title elementor-size-default\">Principes fondateurs<\/h2>\t\t\t\t<\/div>\n\t\t\t\t<\/div>\n\t\t\t\t<div class=\"elementor-element elementor-element-2d368e2 elementor-widget elementor-widget-video\" data-id=\"2d368e2\" data-element_type=\"widget\" data-e-type=\"widget\" data-settings=\"{&quot;video_type&quot;:&quot;hosted&quot;,&quot;controls&quot;:&quot;yes&quot;}\" data-widget_type=\"video.default\">\n\t\t\t\t<div class=\"elementor-widget-container\">\n\t\t\t\t\t\t\t<div class=\"e-hosted-video elementor-wrapper elementor-open-inline\">\n\t\t\t\t\t<video class=\"elementor-video\" src=\"https:\/\/sustainability2024.amarencogroup.com\/wp-content\/uploads\/2025\/08\/video-eco-humaine-rse-2024-VF-1.mp4\" controls=\"\" preload=\"metadata\" controlsList=\"nodownload\" poster=\"http:\/\/sustainability2024.amarencogroup.com\/wp-content\/uploads\/2025\/06\/vignettes-video-principles-of-life.webp\"><\/video>\n\t\t\t\t<\/div>\n\t\t\t\t\t\t<\/div>\n\t\t\t\t<\/div>\n\t\t\t\t\t<\/div>\n\t\t\t\t<\/div>\n\t\t\t\t<\/div>\n\t\t","protected":false},"excerpt":{"rendered":"<p>Social \u00c9COLOGIE HUMAINE LA R\u00c9G\u00c9N\u00c9RATION COMMENCE PAR LES PERSONNES Le D\u00e9partement des Ressources Humaines Devient l&rsquo;\u00c9cologie Humaine Une Transformation Vers la R\u00e9g\u00e9n\u00e9ration Le D\u00e9partement des Ressources Humaines est aujourd&rsquo;hui connu sous le nom d&rsquo;\u00c9cologie Humaine. Ce changement de nom n&rsquo;est pas qu&rsquo;un simple repositionnement \u2014 il repr\u00e9sente une \u00e9volution profonde de notre approche des ressources [&hellip;]<\/p>\n","protected":false},"author":1,"featured_media":5657,"parent":0,"menu_order":0,"comment_status":"closed","ping_status":"closed","template":"elementor_header_footer","meta":{"footnotes":""},"class_list":["post-6537","page","type-page","status-publish","has-post-thumbnail","hentry"],"_links":{"self":[{"href":"https:\/\/sustainability2024.amarencogroup.com\/fr\/wp-json\/wp\/v2\/pages\/6537","targetHints":{"allow":["GET"]}}],"collection":[{"href":"https:\/\/sustainability2024.amarencogroup.com\/fr\/wp-json\/wp\/v2\/pages"}],"about":[{"href":"https:\/\/sustainability2024.amarencogroup.com\/fr\/wp-json\/wp\/v2\/types\/page"}],"author":[{"embeddable":true,"href":"https:\/\/sustainability2024.amarencogroup.com\/fr\/wp-json\/wp\/v2\/users\/1"}],"replies":[{"embeddable":true,"href":"https:\/\/sustainability2024.amarencogroup.com\/fr\/wp-json\/wp\/v2\/comments?post=6537"}],"version-history":[{"count":12,"href":"https:\/\/sustainability2024.amarencogroup.com\/fr\/wp-json\/wp\/v2\/pages\/6537\/revisions"}],"predecessor-version":[{"id":7350,"href":"https:\/\/sustainability2024.amarencogroup.com\/fr\/wp-json\/wp\/v2\/pages\/6537\/revisions\/7350"}],"wp:featuredmedia":[{"embeddable":true,"href":"https:\/\/sustainability2024.amarencogroup.com\/fr\/wp-json\/wp\/v2\/media\/5657"}],"wp:attachment":[{"href":"https:\/\/sustainability2024.amarencogroup.com\/fr\/wp-json\/wp\/v2\/media?parent=6537"}],"curies":[{"name":"wp","href":"https:\/\/api.w.org\/{rel}","templated":true}]}}