{"id":6545,"date":"2025-06-06T15:17:06","date_gmt":"2025-06-06T13:17:06","guid":{"rendered":"https:\/\/sustainability2024.amarencogroup.com\/social-egapro\/"},"modified":"2025-09-23T18:09:38","modified_gmt":"2025-09-23T16:09:38","slug":"social-egapro","status":"publish","type":"page","link":"https:\/\/sustainability2024.amarencogroup.com\/fr\/social-egapro\/","title":{"rendered":"Social &#8211; Egapro"},"content":{"rendered":"\t\t<div data-elementor-type=\"wp-page\" data-elementor-id=\"6545\" class=\"elementor elementor-6545 elementor-190\" data-elementor-post-type=\"page\">\n\t\t\t\t<div class=\"elementor-element elementor-element-82fa36a e-con-full e-flex e-con e-parent\" data-id=\"82fa36a\" data-element_type=\"container\" data-e-type=\"container\" data-settings=\"{&quot;background_background&quot;:&quot;classic&quot;}\">\n\t\t<div class=\"elementor-element elementor-element-7f4b5e7 e-con-full e-flex e-con e-child\" data-id=\"7f4b5e7\" data-element_type=\"container\" data-e-type=\"container\">\n\t\t\t\t<div class=\"elementor-element elementor-element-410b597 elementor-widget elementor-widget-heading\" data-id=\"410b597\" data-element_type=\"widget\" data-e-type=\"widget\" data-widget_type=\"heading.default\">\n\t\t\t\t<div class=\"elementor-widget-container\">\n\t\t\t\t\t<h2 class=\"elementor-heading-title elementor-size-default\">Social<\/h2>\t\t\t\t<\/div>\n\t\t\t\t<\/div>\n\t\t\t\t<div class=\"elementor-element elementor-element-a3603f3 elementor-widget-divider--view-line elementor-widget elementor-widget-divider\" data-id=\"a3603f3\" data-element_type=\"widget\" data-e-type=\"widget\" data-widget_type=\"divider.default\">\n\t\t\t\t<div class=\"elementor-widget-container\">\n\t\t\t\t\t\t\t<div class=\"elementor-divider\">\n\t\t\t<span class=\"elementor-divider-separator\">\n\t\t\t\t\t\t<\/span>\n\t\t<\/div>\n\t\t\t\t\t\t<\/div>\n\t\t\t\t<\/div>\n\t\t\t\t<\/div>\n\t\t\t\t<div class=\"elementor-element elementor-element-43e4ef4 elementor-widget elementor-widget-heading\" data-id=\"43e4ef4\" data-element_type=\"widget\" data-e-type=\"widget\" data-settings=\"{&quot;_animation&quot;:&quot;none&quot;,&quot;_animation_mobile&quot;:&quot;none&quot;}\" data-widget_type=\"heading.default\">\n\t\t\t\t<div class=\"elementor-widget-container\">\n\t\t\t\t\t<h1 class=\"elementor-heading-title elementor-size-default\">Egapro<\/h1>\t\t\t\t<\/div>\n\t\t\t\t<\/div>\n\t\t\t\t<div class=\"elementor-element elementor-element-f243682 elementor-widget elementor-widget-heading\" data-id=\"f243682\" data-element_type=\"widget\" data-e-type=\"widget\" data-settings=\"{&quot;_animation_mobile&quot;:&quot;none&quot;}\" data-widget_type=\"heading.default\">\n\t\t\t\t<div class=\"elementor-widget-container\">\n\t\t\t\t\t<h2 class=\"elementor-heading-title elementor-size-default\">FAIRE FLEURIR LE POTENTIEL DE LA DIVERSIT\u00c9<\/h2>\t\t\t\t<\/div>\n\t\t\t\t<\/div>\n\t\t\t\t<\/div>\n\t\t<div class=\"elementor-element elementor-element-8a3684a e-flex e-con-boxed e-con e-parent\" data-id=\"8a3684a\" data-element_type=\"container\" data-e-type=\"container\" data-settings=\"{&quot;background_background&quot;:&quot;classic&quot;}\">\n\t\t\t\t\t<div class=\"e-con-inner\">\n\t\t<div class=\"elementor-element elementor-element-5684596 e-con-full e-flex e-con e-child\" data-id=\"5684596\" data-element_type=\"container\" data-e-type=\"container\">\n\t\t\t\t<div class=\"elementor-element elementor-element-c836a62 elementor-widget elementor-widget-image\" data-id=\"c836a62\" data-element_type=\"widget\" data-e-type=\"widget\" data-widget_type=\"image.default\">\n\t\t\t\t<div class=\"elementor-widget-container\">\n\t\t\t\t\t\t\t\t\t\t\t\t\t\t\t<img fetchpriority=\"high\" decoding=\"async\" width=\"800\" height=\"803\" src=\"https:\/\/sustainability2024.amarencogroup.com\/wp-content\/uploads\/2025\/06\/inclusivity-symbol.webp\" class=\"attachment-large size-large wp-image-5685\" alt=\"\" srcset=\"https:\/\/sustainability2024.amarencogroup.com\/wp-content\/uploads\/2025\/06\/inclusivity-symbol.webp 960w, https:\/\/sustainability2024.amarencogroup.com\/wp-content\/uploads\/2025\/06\/inclusivity-symbol-300x300.webp 300w, https:\/\/sustainability2024.amarencogroup.com\/wp-content\/uploads\/2025\/06\/inclusivity-symbol-150x150.webp 150w, https:\/\/sustainability2024.amarencogroup.com\/wp-content\/uploads\/2025\/06\/inclusivity-symbol-768x771.webp 768w\" sizes=\"(max-width: 800px) 100vw, 800px\" \/>\t\t\t\t\t\t\t\t\t\t\t\t\t\t\t<\/div>\n\t\t\t\t<\/div>\n\t\t\t\t<\/div>\n\t\t<div class=\"elementor-element elementor-element-f5fbe4d e-con-full e-flex e-con e-child\" data-id=\"f5fbe4d\" data-element_type=\"container\" data-e-type=\"container\">\n\t\t\t\t<div class=\"elementor-element elementor-element-43d2e8f elementor-widget elementor-widget-heading\" data-id=\"43d2e8f\" data-element_type=\"widget\" data-e-type=\"widget\" data-widget_type=\"heading.default\">\n\t\t\t\t<div class=\"elementor-widget-container\">\n\t\t\t\t\t<h2 class=\"elementor-heading-title elementor-size-default\">Autonomiser les talents divers gr\u00e2ce \u00e0 une croissance inclusive<\/h2>\t\t\t\t<\/div>\n\t\t\t\t<\/div>\n\t\t\t\t<div class=\"elementor-element elementor-element-67f561a elementor-widget elementor-widget-text-editor\" data-id=\"67f561a\" data-element_type=\"widget\" data-e-type=\"widget\" data-widget_type=\"text-editor.default\">\n\t\t\t\t<div class=\"elementor-widget-container\">\n\t\t\t\t\t\t\t\t\t<p class=\"p1\"><span class=\"s1\">Le Groupe Amarenco est une organisation internationale et la diversit\u00e9 fait partie de notre vision pour penser et agir localement partout o\u00f9 nous op\u00e9rons. Depuis la cr\u00e9ation de l\u2019entreprise, nous avons cherch\u00e9 \u00e0 maintenir la diversit\u00e9 et \u00e0 l\u2019enrichir au fur et \u00e0 mesure de notre avancement en offrant des chances \u00e9gales. <\/span><\/p>\t\t\t\t\t\t\t\t<\/div>\n\t\t\t\t<\/div>\n\t\t\t\t<\/div>\n\t\t\t\t\t<\/div>\n\t\t\t\t<\/div>\n\t\t<div class=\"elementor-element elementor-element-e0a2a9f e-flex e-con-boxed e-con e-parent\" data-id=\"e0a2a9f\" data-element_type=\"container\" data-e-type=\"container\" data-settings=\"{&quot;background_background&quot;:&quot;classic&quot;}\">\n\t\t\t\t\t<div class=\"e-con-inner\">\n\t\t\t\t<div class=\"elementor-element elementor-element-a08ed52 elementor-widget elementor-widget-heading\" data-id=\"a08ed52\" data-element_type=\"widget\" data-e-type=\"widget\" data-widget_type=\"heading.default\">\n\t\t\t\t<div class=\"elementor-widget-container\">\n\t\t\t\t\t<h2 class=\"elementor-heading-title elementor-size-default\">Focus sur l\u2019\u00e9galit\u00e9 des genres <\/h2>\t\t\t\t<\/div>\n\t\t\t\t<\/div>\n\t\t\t\t<div class=\"elementor-element elementor-element-ba4a71e elementor-widget elementor-widget-heading\" data-id=\"ba4a71e\" data-element_type=\"widget\" data-e-type=\"widget\" data-widget_type=\"heading.default\">\n\t\t\t\t<div class=\"elementor-widget-container\">\n\t\t\t\t\t<h2 class=\"elementor-heading-title elementor-size-default\">Index Egapro<\/h2>\t\t\t\t<\/div>\n\t\t\t\t<\/div>\n\t\t\t\t\t<\/div>\n\t\t\t\t<\/div>\n\t\t<div class=\"elementor-element elementor-element-7094bd0 e-flex e-con-boxed e-con e-parent\" data-id=\"7094bd0\" data-element_type=\"container\" data-e-type=\"container\" data-settings=\"{&quot;background_background&quot;:&quot;classic&quot;}\">\n\t\t\t\t\t<div class=\"e-con-inner\">\n\t\t<div class=\"elementor-element elementor-element-c15c9d9 e-con-full e-flex e-con e-child\" data-id=\"c15c9d9\" data-element_type=\"container\" data-e-type=\"container\">\n\t\t\t\t<div class=\"elementor-element elementor-element-729a7a6 elementor-widget elementor-widget-text-editor\" data-id=\"729a7a6\" data-element_type=\"widget\" data-e-type=\"widget\" data-widget_type=\"text-editor.default\">\n\t\t\t\t<div class=\"elementor-widget-container\">\n\t\t\t\t\t\t\t\t\t<p class=\"p1\">Dans le cadre de nos efforts pour promouvoir la diversit\u00e9, nous renfor\u00e7ons notre engagement en faveur de l\u2019\u00e9galit\u00e9 hommes-femmes, notamment en corrigeant les d\u00e9s\u00e9quilibres historiques au sein du comit\u00e9 ex\u00e9cutif. En 2024, notre score \u00e0 l\u2019indice Egapro en France a \u00e9t\u00e9 de 82, refl\u00e9tant les progr\u00e8s r\u00e9alis\u00e9s gr\u00e2ce \u00e0 un accord avec le Comit\u00e9 Social et \u00c9conomique (CSE). <br>Cet accord vise \u00e0 am\u00e9liorer la parit\u00e9 \u00e0 tous les niveaux de l\u2019entreprise et \u00e0 garantir l\u2019\u00e9galit\u00e9 de traitement. Notre ambition est d\u2019atteindre un score de 85 au cours des trois prochaines ann\u00e9es. Nous sommes d\u00e9termin\u00e9s \u00e0 poursuivre nos efforts et pour y parvenir, nous nous engageons \u00e0 mettre en \u0153uvre un plan d\u2019action pour \u00e9valuer les \u00e9carts salariaux sur la base de crit\u00e8res objectifs plus fins, allant au-del\u00e0 de la distinction entre postes de cadres et non-cadres.   <\/p><p class=\"p2\">Cet accord vise \u00e0 am\u00e9liorer la parit\u00e9 \u00e0 tous les niveaux de l\u2019entreprise et \u00e0 garantir l\u2019\u00e9galit\u00e9 de traitement. Notre ambition est d\u2019atteindre un score de 85 au cours des trois prochaines ann\u00e9es. Nous sommes d\u00e9termin\u00e9s \u00e0 poursuivre nos efforts et pour y parvenir, nous nous engageons \u00e0 mettre en \u0153uvre un plan d\u2019action pour \u00e9valuer les \u00e9carts salariaux sur la base de crit\u00e8res objectifs plus fins, allant au-del\u00e0 de la distinction entre postes de cadres et non-cadres.<\/p>\t\t\t\t\t\t\t\t<\/div>\n\t\t\t\t<\/div>\n\t\t\t\t<\/div>\n\t\t<div class=\"elementor-element elementor-element-bdc15ba e-con-full e-flex e-con e-child\" data-id=\"bdc15ba\" data-element_type=\"container\" data-e-type=\"container\" data-settings=\"{&quot;background_background&quot;:&quot;classic&quot;}\">\n\t\t\t\t<div class=\"elementor-element elementor-element-c6879d2 elementor-widget elementor-widget-heading\" data-id=\"c6879d2\" data-element_type=\"widget\" data-e-type=\"widget\" data-widget_type=\"heading.default\">\n\t\t\t\t<div class=\"elementor-widget-container\">\n\t\t\t\t\t<h2 class=\"elementor-heading-title elementor-size-default\">2024<\/h2>\t\t\t\t<\/div>\n\t\t\t\t<\/div>\n\t\t\t\t<div class=\"elementor-element elementor-element-43b6ee8 elementor-widget elementor-widget-heading\" data-id=\"43b6ee8\" data-element_type=\"widget\" data-e-type=\"widget\" data-widget_type=\"heading.default\">\n\t\t\t\t<div class=\"elementor-widget-container\">\n\t\t\t\t\t<h2 class=\"elementor-heading-title elementor-size-default\">82%<\/h2>\t\t\t\t<\/div>\n\t\t\t\t<\/div>\n\t\t\t\t<\/div>\n\t\t<div class=\"elementor-element elementor-element-dba3a7b e-con-full e-flex e-con e-child\" data-id=\"dba3a7b\" data-element_type=\"container\" data-e-type=\"container\" data-settings=\"{&quot;background_background&quot;:&quot;classic&quot;}\">\n\t\t\t\t<div class=\"elementor-element elementor-element-c03cf61 elementor-widget elementor-widget-heading\" data-id=\"c03cf61\" data-element_type=\"widget\" data-e-type=\"widget\" data-widget_type=\"heading.default\">\n\t\t\t\t<div class=\"elementor-widget-container\">\n\t\t\t\t\t<h2 class=\"elementor-heading-title elementor-size-default\">2023<\/h2>\t\t\t\t<\/div>\n\t\t\t\t<\/div>\n\t\t\t\t<div class=\"elementor-element elementor-element-2b61ec6 elementor-widget elementor-widget-heading\" data-id=\"2b61ec6\" data-element_type=\"widget\" data-e-type=\"widget\" data-widget_type=\"heading.default\">\n\t\t\t\t<div class=\"elementor-widget-container\">\n\t\t\t\t\t<h2 class=\"elementor-heading-title elementor-size-default\">77%<\/h2>\t\t\t\t<\/div>\n\t\t\t\t<\/div>\n\t\t\t\t<\/div>\n\t\t\t\t\t<\/div>\n\t\t\t\t<\/div>\n\t\t<div class=\"elementor-element elementor-element-0a8261e e-flex e-con-boxed e-con e-parent\" data-id=\"0a8261e\" data-element_type=\"container\" data-e-type=\"container\" data-settings=\"{&quot;background_background&quot;:&quot;classic&quot;}\">\n\t\t\t\t\t<div class=\"e-con-inner\">\n\t\t\t\t<div class=\"elementor-element elementor-element-62efebf elementor-widget elementor-widget-heading\" data-id=\"62efebf\" data-element_type=\"widget\" data-e-type=\"widget\" data-widget_type=\"heading.default\">\n\t\t\t\t<div class=\"elementor-widget-container\">\n\t\t\t\t\t<h2 class=\"elementor-heading-title elementor-size-default\">Discrimination<\/h2>\t\t\t\t<\/div>\n\t\t\t\t<\/div>\n\t\t\t\t<div class=\"elementor-element elementor-element-d5d0337 elementor-widget elementor-widget-heading\" data-id=\"d5d0337\" data-element_type=\"widget\" data-e-type=\"widget\" data-widget_type=\"heading.default\">\n\t\t\t\t<div class=\"elementor-widget-container\">\n\t\t\t\t\t<h2 class=\"elementor-heading-title elementor-size-default\">Nombre de cas de discrimination signal\u00e9s en interne<\/h2>\t\t\t\t<\/div>\n\t\t\t\t<\/div>\n\t\t\t\t\t<\/div>\n\t\t\t\t<\/div>\n\t\t<div class=\"elementor-element elementor-element-ebae620 e-flex e-con-boxed e-con e-parent\" data-id=\"ebae620\" data-element_type=\"container\" data-e-type=\"container\" data-settings=\"{&quot;background_background&quot;:&quot;classic&quot;}\">\n\t\t\t\t\t<div class=\"e-con-inner\">\n\t\t<div class=\"elementor-element elementor-element-58e0ce8 e-con-full e-flex e-con e-child\" data-id=\"58e0ce8\" data-element_type=\"container\" data-e-type=\"container\">\n\t\t\t\t<div class=\"elementor-element elementor-element-d6994cc elementor-widget elementor-widget-text-editor\" data-id=\"d6994cc\" data-element_type=\"widget\" data-e-type=\"widget\" data-widget_type=\"text-editor.default\">\n\t\t\t\t<div class=\"elementor-widget-container\">\n\t\t\t\t\t\t\t\t\t<p class=\"p1\"><span class=\"s1\"><b>Notre syst\u00e8me de signalement \u2013 listen@amarencogroup.com \u2013 n&rsquo;a enregistr\u00e9 aucun signalement de litige ou de cas de discrimination.<\/b><\/span><\/p>\t\t\t\t\t\t\t\t<\/div>\n\t\t\t\t<\/div>\n\t\t\t\t<\/div>\n\t\t<div class=\"elementor-element elementor-element-1e6acf2 e-con-full e-flex e-con e-child\" data-id=\"1e6acf2\" data-element_type=\"container\" data-e-type=\"container\" data-settings=\"{&quot;background_background&quot;:&quot;classic&quot;}\">\n\t\t\t\t<div class=\"elementor-element elementor-element-84bba89 elementor-widget elementor-widget-heading\" data-id=\"84bba89\" data-element_type=\"widget\" data-e-type=\"widget\" data-widget_type=\"heading.default\">\n\t\t\t\t<div class=\"elementor-widget-container\">\n\t\t\t\t\t<h2 class=\"elementor-heading-title elementor-size-default\">2024<\/h2>\t\t\t\t<\/div>\n\t\t\t\t<\/div>\n\t\t\t\t<div class=\"elementor-element elementor-element-ffe866c elementor-widget elementor-widget-heading\" data-id=\"ffe866c\" data-element_type=\"widget\" data-e-type=\"widget\" data-widget_type=\"heading.default\">\n\t\t\t\t<div class=\"elementor-widget-container\">\n\t\t\t\t\t<h2 class=\"elementor-heading-title elementor-size-default\">0<\/h2>\t\t\t\t<\/div>\n\t\t\t\t<\/div>\n\t\t\t\t<\/div>\n\t\t<div class=\"elementor-element elementor-element-f2bc0d1 e-con-full e-flex e-con e-child\" data-id=\"f2bc0d1\" data-element_type=\"container\" data-e-type=\"container\" data-settings=\"{&quot;background_background&quot;:&quot;classic&quot;}\">\n\t\t\t\t<div class=\"elementor-element elementor-element-eb4b0dc elementor-widget elementor-widget-heading\" data-id=\"eb4b0dc\" data-element_type=\"widget\" data-e-type=\"widget\" data-widget_type=\"heading.default\">\n\t\t\t\t<div class=\"elementor-widget-container\">\n\t\t\t\t\t<h2 class=\"elementor-heading-title elementor-size-default\">2023<\/h2>\t\t\t\t<\/div>\n\t\t\t\t<\/div>\n\t\t\t\t<div class=\"elementor-element elementor-element-36ca345 elementor-widget elementor-widget-heading\" data-id=\"36ca345\" data-element_type=\"widget\" data-e-type=\"widget\" data-widget_type=\"heading.default\">\n\t\t\t\t<div class=\"elementor-widget-container\">\n\t\t\t\t\t<h2 class=\"elementor-heading-title elementor-size-default\">0<\/h2>\t\t\t\t<\/div>\n\t\t\t\t<\/div>\n\t\t\t\t<\/div>\n\t\t\t\t\t<\/div>\n\t\t\t\t<\/div>\n\t\t<div class=\"elementor-element elementor-element-b39c319 e-flex e-con-boxed e-con e-parent\" data-id=\"b39c319\" data-element_type=\"container\" data-e-type=\"container\" data-settings=\"{&quot;background_background&quot;:&quot;classic&quot;}\">\n\t\t\t\t\t<div class=\"e-con-inner\">\n\t\t\t\t<div class=\"elementor-element elementor-element-3a755d4 elementor-widget elementor-widget-heading\" data-id=\"3a755d4\" data-element_type=\"widget\" data-e-type=\"widget\" data-widget_type=\"heading.default\">\n\t\t\t\t<div class=\"elementor-widget-container\">\n\t\t\t\t\t<h2 class=\"elementor-heading-title elementor-size-default\">R\u00e9partition des effectifs par tranche d'\u00e2ge<\/h2>\t\t\t\t<\/div>\n\t\t\t\t<\/div>\n\t\t\t\t<div class=\"elementor-element elementor-element-112ecb3 elementor-widget elementor-widget-image\" data-id=\"112ecb3\" data-element_type=\"widget\" data-e-type=\"widget\" data-widget_type=\"image.default\">\n\t\t\t\t<div class=\"elementor-widget-container\">\n\t\t\t\t\t\t\t\t\t\t\t\t\t\t\t<img decoding=\"async\" width=\"800\" height=\"451\" src=\"https:\/\/sustainability2024.amarencogroup.com\/wp-content\/uploads\/2025\/08\/mtg-prop-woman-men-FR.webp\" class=\"attachment-large size-large wp-image-5686\" alt=\"\" srcset=\"https:\/\/sustainability2024.amarencogroup.com\/wp-content\/uploads\/2025\/08\/mtg-prop-woman-men-FR.webp 908w, https:\/\/sustainability2024.amarencogroup.com\/wp-content\/uploads\/2025\/08\/mtg-prop-woman-men-FR-300x169.webp 300w, https:\/\/sustainability2024.amarencogroup.com\/wp-content\/uploads\/2025\/08\/mtg-prop-woman-men-FR-768x433.webp 768w\" sizes=\"(max-width: 800px) 100vw, 800px\" \/>\t\t\t\t\t\t\t\t\t\t\t\t\t\t\t<\/div>\n\t\t\t\t<\/div>\n\t\t\t\t<div class=\"elementor-element elementor-element-8a9cad4 elementor-widget elementor-widget-text-editor\" data-id=\"8a9cad4\" data-element_type=\"widget\" data-e-type=\"widget\" data-widget_type=\"text-editor.default\">\n\t\t\t\t<div class=\"elementor-widget-container\">\n\t\t\t\t\t\t\t\t\t<p class=\"p1\"><span class=\"s1\">Nous offrons de nombreuses options de mobilit\u00e9 interne et externe \u00e0 nos employ\u00e9s, favorisant leur d\u00e9veloppement professionnel et renfor\u00e7ant leur sentiment d\u2019\u00e9panouissement, qu\u2019ils poss\u00e8dent des comp\u00e9tences techniques hautement sp\u00e9cialis\u00e9es ou qu\u2019ils soient nouveaux dans l\u2019entreprise. Par exemple, nous pourrions encourager un agriculteur \u00e0 prendre la gestion d\u2019une unit\u00e9 commerciale, tandis qu\u2019un chef de projet exp\u00e9riment\u00e9 peut explorer le domaine de l\u2019agroforesterie. Ce faisant, nous cr\u00e9ons une multitude d\u2019opportunit\u00e9s pour les individus de transitionner entre diff\u00e9rents m\u00e9tiers et m\u00eame pays, promouvant une croissance et un d\u00e9veloppement collectifs au sein de notre organisation.  <\/span><\/p>\t\t\t\t\t\t\t\t<\/div>\n\t\t\t\t<\/div>\n\t\t\t\t\t<\/div>\n\t\t\t\t<\/div>\n\t\t\t\t<\/div>\n\t\t","protected":false},"excerpt":{"rendered":"<p>Social Egapro FAIRE FLEURIR LE POTENTIEL DE LA DIVERSIT\u00c9 Autonomiser les talents divers gr\u00e2ce \u00e0 une croissance inclusive Le Groupe Amarenco est une organisation internationale et la diversit\u00e9 fait partie de notre vision pour penser et agir localement partout o\u00f9 nous op\u00e9rons. Depuis la cr\u00e9ation de l\u2019entreprise, nous avons cherch\u00e9 \u00e0 maintenir la diversit\u00e9 et [&hellip;]<\/p>\n","protected":false},"author":1,"featured_media":5661,"parent":0,"menu_order":0,"comment_status":"closed","ping_status":"closed","template":"elementor_header_footer","meta":{"footnotes":""},"class_list":["post-6545","page","type-page","status-publish","has-post-thumbnail","hentry"],"_links":{"self":[{"href":"https:\/\/sustainability2024.amarencogroup.com\/fr\/wp-json\/wp\/v2\/pages\/6545","targetHints":{"allow":["GET"]}}],"collection":[{"href":"https:\/\/sustainability2024.amarencogroup.com\/fr\/wp-json\/wp\/v2\/pages"}],"about":[{"href":"https:\/\/sustainability2024.amarencogroup.com\/fr\/wp-json\/wp\/v2\/types\/page"}],"author":[{"embeddable":true,"href":"https:\/\/sustainability2024.amarencogroup.com\/fr\/wp-json\/wp\/v2\/users\/1"}],"replies":[{"embeddable":true,"href":"https:\/\/sustainability2024.amarencogroup.com\/fr\/wp-json\/wp\/v2\/comments?post=6545"}],"version-history":[{"count":15,"href":"https:\/\/sustainability2024.amarencogroup.com\/fr\/wp-json\/wp\/v2\/pages\/6545\/revisions"}],"predecessor-version":[{"id":7312,"href":"https:\/\/sustainability2024.amarencogroup.com\/fr\/wp-json\/wp\/v2\/pages\/6545\/revisions\/7312"}],"wp:featuredmedia":[{"embeddable":true,"href":"https:\/\/sustainability2024.amarencogroup.com\/fr\/wp-json\/wp\/v2\/media\/5661"}],"wp:attachment":[{"href":"https:\/\/sustainability2024.amarencogroup.com\/fr\/wp-json\/wp\/v2\/media?parent=6545"}],"curies":[{"name":"wp","href":"https:\/\/api.w.org\/{rel}","templated":true}]}}