{"id":6554,"date":"2025-06-10T15:29:35","date_gmt":"2025-06-10T13:29:35","guid":{"rendered":"https:\/\/sustainability2024.amarencogroup.com\/social-financement-participatif\/"},"modified":"2025-09-23T18:16:12","modified_gmt":"2025-09-23T16:16:12","slug":"social-financement-participatif","status":"publish","type":"page","link":"https:\/\/sustainability2024.amarencogroup.com\/fr\/social-financement-participatif\/","title":{"rendered":"Social-FINANCEMENT PARTICIPATIF"},"content":{"rendered":"\t\t<div data-elementor-type=\"wp-page\" data-elementor-id=\"6554\" class=\"elementor elementor-6554 elementor-429\" data-elementor-post-type=\"page\">\n\t\t\t\t<div class=\"elementor-element elementor-element-18563fd e-con-full e-flex e-con e-parent\" data-id=\"18563fd\" data-element_type=\"container\" data-e-type=\"container\" data-settings=\"{&quot;background_background&quot;:&quot;classic&quot;}\">\n\t\t<div class=\"elementor-element elementor-element-b770c5f e-con-full e-flex e-con e-child\" data-id=\"b770c5f\" data-element_type=\"container\" data-e-type=\"container\">\n\t\t\t\t<div class=\"elementor-element elementor-element-4e717bc elementor-widget elementor-widget-heading\" data-id=\"4e717bc\" data-element_type=\"widget\" data-e-type=\"widget\" data-widget_type=\"heading.default\">\n\t\t\t\t<div class=\"elementor-widget-container\">\n\t\t\t\t\t<h2 class=\"elementor-heading-title elementor-size-default\">Social<\/h2>\t\t\t\t<\/div>\n\t\t\t\t<\/div>\n\t\t\t\t<div class=\"elementor-element elementor-element-3c22c98 elementor-widget-divider--view-line elementor-widget elementor-widget-divider\" data-id=\"3c22c98\" data-element_type=\"widget\" data-e-type=\"widget\" data-widget_type=\"divider.default\">\n\t\t\t\t<div class=\"elementor-widget-container\">\n\t\t\t\t\t\t\t<div class=\"elementor-divider\">\n\t\t\t<span class=\"elementor-divider-separator\">\n\t\t\t\t\t\t<\/span>\n\t\t<\/div>\n\t\t\t\t\t\t<\/div>\n\t\t\t\t<\/div>\n\t\t\t\t<\/div>\n\t\t\t\t<div class=\"elementor-element elementor-element-245114a elementor-widget elementor-widget-heading\" data-id=\"245114a\" data-element_type=\"widget\" data-e-type=\"widget\" data-settings=\"{&quot;_animation&quot;:&quot;none&quot;,&quot;_animation_mobile&quot;:&quot;none&quot;}\" data-widget_type=\"heading.default\">\n\t\t\t\t<div class=\"elementor-widget-container\">\n\t\t\t\t\t<h1 class=\"elementor-heading-title elementor-size-default\">FINANCEMENT PARTICIPATIF<\/h1>\t\t\t\t<\/div>\n\t\t\t\t<\/div>\n\t\t\t\t<div class=\"elementor-element elementor-element-7d64a2c elementor-widget elementor-widget-heading\" data-id=\"7d64a2c\" data-element_type=\"widget\" data-e-type=\"widget\" data-settings=\"{&quot;_animation_mobile&quot;:&quot;none&quot;}\" data-widget_type=\"heading.default\">\n\t\t\t\t<div class=\"elementor-widget-container\">\n\t\t\t\t\t<h2 class=\"elementor-heading-title elementor-size-default\">IMPACT FINANC\u00c9 PAR TOUS<\/h2>\t\t\t\t<\/div>\n\t\t\t\t<\/div>\n\t\t\t\t<\/div>\n\t\t<div class=\"elementor-element elementor-element-8272383 e-flex e-con-boxed e-con e-parent\" data-id=\"8272383\" data-element_type=\"container\" data-e-type=\"container\" data-settings=\"{&quot;background_background&quot;:&quot;classic&quot;}\">\n\t\t\t\t\t<div class=\"e-con-inner\">\n\t\t\t\t<div class=\"elementor-element elementor-element-b88ddb9 elementor-widget elementor-widget-heading\" data-id=\"b88ddb9\" data-element_type=\"widget\" data-e-type=\"widget\" data-widget_type=\"heading.default\">\n\t\t\t\t<div class=\"elementor-widget-container\">\n\t\t\t\t\t<h2 class=\"elementor-heading-title elementor-size-default\">Amarenco &amp; Financement Participatif : Impliquer les Citoyens dans la Transition \u00c9nerg\u00e9tique<\/h2>\t\t\t\t<\/div>\n\t\t\t\t<\/div>\n\t\t<div class=\"elementor-element elementor-element-64e90aa e-con-full e-flex e-con e-child\" data-id=\"64e90aa\" data-element_type=\"container\" data-e-type=\"container\">\n\t\t<div class=\"elementor-element elementor-element-7fdfcf9 e-con-full e-flex e-con e-child\" data-id=\"7fdfcf9\" data-element_type=\"container\" data-e-type=\"container\">\n\t\t\t\t<div class=\"elementor-element elementor-element-fea68f4 elementor-widget elementor-widget-image\" data-id=\"fea68f4\" data-element_type=\"widget\" data-e-type=\"widget\" data-widget_type=\"image.default\">\n\t\t\t\t<div class=\"elementor-widget-container\">\n\t\t\t\t\t\t\t\t\t\t\t\t\t\t\t<img fetchpriority=\"high\" decoding=\"async\" width=\"600\" height=\"616\" src=\"https:\/\/sustainability2024.amarencogroup.com\/wp-content\/uploads\/2025\/06\/crowdfunding-illustration.webp\" class=\"attachment-large size-large wp-image-5688\" alt=\"\" srcset=\"https:\/\/sustainability2024.amarencogroup.com\/wp-content\/uploads\/2025\/06\/crowdfunding-illustration.webp 600w, https:\/\/sustainability2024.amarencogroup.com\/wp-content\/uploads\/2025\/06\/crowdfunding-illustration-292x300.webp 292w\" sizes=\"(max-width: 600px) 100vw, 600px\" \/>\t\t\t\t\t\t\t\t\t\t\t\t\t\t\t<\/div>\n\t\t\t\t<\/div>\n\t\t\t\t<\/div>\n\t\t<div class=\"elementor-element elementor-element-9822947 e-con-full e-flex e-con e-child\" data-id=\"9822947\" data-element_type=\"container\" data-e-type=\"container\">\n\t\t\t\t<div class=\"elementor-element elementor-element-33439f5 elementor-widget-mobile__width-initial elementor-widget elementor-widget-text-editor\" data-id=\"33439f5\" data-element_type=\"widget\" data-e-type=\"widget\" data-widget_type=\"text-editor.default\">\n\t\t\t\t<div class=\"elementor-widget-container\">\n\t\t\t\t\t\t\t\t\t<p>Chez Amarenco, nous croyons que le passage aux \u00e9nergies renouvelables doit \u00eatre un effort collectif. C\u2019est pourquoi, depuis 2019, nous impliquons les particuliers dans notre mission gr\u00e2ce au financement participatif, permettant aux citoyens de participer activement au financement de la transition \u00e9nerg\u00e9tique. <\/p>\t\t\t\t\t\t\t\t<\/div>\n\t\t\t\t<\/div>\n\t\t\t\t<\/div>\n\t\t\t\t<\/div>\n\t\t\t\t<div class=\"elementor-element elementor-element-777f269 elementor-widget elementor-widget-heading\" data-id=\"777f269\" data-element_type=\"widget\" data-e-type=\"widget\" data-widget_type=\"heading.default\">\n\t\t\t\t<div class=\"elementor-widget-container\">\n\t\t\t\t\t<h2 class=\"elementor-heading-title elementor-size-default\">Notre Strat\u00e9gie de Financement Participatif en \u00c9volution<\/h2>\t\t\t\t<\/div>\n\t\t\t\t<\/div>\n\t\t\t\t<div class=\"elementor-element elementor-element-368833f elementor-widget elementor-widget-text-editor\" data-id=\"368833f\" data-element_type=\"widget\" data-e-type=\"widget\" data-widget_type=\"text-editor.default\">\n\t\t\t\t<div class=\"elementor-widget-container\">\n\t\t\t\t\t\t\t\t\t<p>Pour rationaliser notre approche de financement, nous ajustons notre mod\u00e8le de financement participatif :<\/p><p style=\"padding-left: 20px;\">\u2022 Des volumes de collecte plus s\u00e9lectifs \u2013 Garantir l\u2019efficacit\u00e9 tout en maintenant la participation du public.<\/p><p style=\"padding-left: 20px;\">\u2022 Des partenariats \u00e0 long terme avec des plateformes de confiance \u2013 Collaborer avec des acteurs cl\u00e9s pour faciliter des investissements s\u00e9curis\u00e9s et impactants.<\/p><p>Si nous avons travaill\u00e9 avec des plateformes telles que Lendosphere, Enerfip et Lendopolis depuis 2019, nous explorons d\u00e9sormais de nouvelles opportunit\u00e9s pour nos projets agrivolta\u00efques.<\/p>\t\t\t\t\t\t\t\t<\/div>\n\t\t\t\t<\/div>\n\t\t\t\t<div class=\"elementor-element elementor-element-f55a656 elementor-widget elementor-widget-heading\" data-id=\"f55a656\" data-element_type=\"widget\" data-e-type=\"widget\" data-widget_type=\"heading.default\">\n\t\t\t\t<div class=\"elementor-widget-container\">\n\t\t\t\t\t<h2 class=\"elementor-heading-title elementor-size-default\">Pourquoi le Financement Participatif Reste Cl\u00e9 pour Amarenco<\/h2>\t\t\t\t<\/div>\n\t\t\t\t<\/div>\n\t\t\t\t<div class=\"elementor-element elementor-element-38fa51f elementor-widget elementor-widget-text-editor\" data-id=\"38fa51f\" data-element_type=\"widget\" data-e-type=\"widget\" data-widget_type=\"text-editor.default\">\n\t\t\t\t<div class=\"elementor-widget-container\">\n\t\t\t\t\t\t\t\t\t<p>Le financement participatif ne se r\u00e9sume pas au financement, il s\u2019agit d\u2019engagement. En permettant aux particuliers d\u2019investir dans des projets d\u2019\u00e9nergie renouvelable, nous : <\/p><p style=\"padding-left: 20px;\">\u2022 D\u00e9mocratisons les investissements verts, les rendant accessibles \u00e0 tous.<\/p><p style=\"padding-left: 20px;\">\u2022 Renfor\u00e7ons l&rsquo;implication communautaire dans la lutte contre le changement climatique.<\/p><p style=\"padding-left: 20px;\">\u2022 Garantissons la transparence et une ambition partag\u00e9e dans la construction d&rsquo;un avenir durable.<\/p>\t\t\t\t\t\t\t\t<\/div>\n\t\t\t\t<\/div>\n\t\t\t\t\t<\/div>\n\t\t\t\t<\/div>\n\t\t\t\t<\/div>\n\t\t","protected":false},"excerpt":{"rendered":"<p>Social FINANCEMENT PARTICIPATIF IMPACT FINANC\u00c9 PAR TOUS Amarenco &amp; Financement Participatif : Impliquer les Citoyens dans la Transition \u00c9nerg\u00e9tique Chez Amarenco, nous croyons que le passage aux \u00e9nergies renouvelables doit \u00eatre un effort collectif. C\u2019est pourquoi, depuis 2019, nous impliquons les particuliers dans notre mission gr\u00e2ce au financement participatif, permettant aux citoyens de participer activement [&hellip;]<\/p>\n","protected":false},"author":1,"featured_media":5662,"parent":0,"menu_order":0,"comment_status":"closed","ping_status":"closed","template":"elementor_header_footer","meta":{"footnotes":""},"class_list":["post-6554","page","type-page","status-publish","has-post-thumbnail","hentry"],"_links":{"self":[{"href":"https:\/\/sustainability2024.amarencogroup.com\/fr\/wp-json\/wp\/v2\/pages\/6554","targetHints":{"allow":["GET"]}}],"collection":[{"href":"https:\/\/sustainability2024.amarencogroup.com\/fr\/wp-json\/wp\/v2\/pages"}],"about":[{"href":"https:\/\/sustainability2024.amarencogroup.com\/fr\/wp-json\/wp\/v2\/types\/page"}],"author":[{"embeddable":true,"href":"https:\/\/sustainability2024.amarencogroup.com\/fr\/wp-json\/wp\/v2\/users\/1"}],"replies":[{"embeddable":true,"href":"https:\/\/sustainability2024.amarencogroup.com\/fr\/wp-json\/wp\/v2\/comments?post=6554"}],"version-history":[{"count":3,"href":"https:\/\/sustainability2024.amarencogroup.com\/fr\/wp-json\/wp\/v2\/pages\/6554\/revisions"}],"predecessor-version":[{"id":7337,"href":"https:\/\/sustainability2024.amarencogroup.com\/fr\/wp-json\/wp\/v2\/pages\/6554\/revisions\/7337"}],"wp:featuredmedia":[{"embeddable":true,"href":"https:\/\/sustainability2024.amarencogroup.com\/fr\/wp-json\/wp\/v2\/media\/5662"}],"wp:attachment":[{"href":"https:\/\/sustainability2024.amarencogroup.com\/fr\/wp-json\/wp\/v2\/media?parent=6554"}],"curies":[{"name":"wp","href":"https:\/\/api.w.org\/{rel}","templated":true}]}}