{"id":6585,"date":"2025-07-29T16:51:47","date_gmt":"2025-07-29T14:51:47","guid":{"rendered":"https:\/\/sustainability2024.amarencogroup.com\/mentions-legales\/"},"modified":"2025-10-15T18:05:08","modified_gmt":"2025-10-15T16:05:08","slug":"mentions-legales","status":"publish","type":"page","link":"https:\/\/sustainability2024.amarencogroup.com\/fr\/mentions-legales\/","title":{"rendered":"Mentions l\u00e9gales"},"content":{"rendered":"\t\t<div data-elementor-type=\"wp-page\" data-elementor-id=\"6585\" class=\"elementor elementor-6585 elementor-5428\" data-elementor-post-type=\"page\">\n\t\t\t\t<div class=\"elementor-element elementor-element-de1959a e-flex e-con-boxed e-con e-parent\" data-id=\"de1959a\" data-element_type=\"container\" data-e-type=\"container\" data-settings=\"{&quot;background_background&quot;:&quot;classic&quot;}\">\n\t\t\t\t\t<div class=\"e-con-inner\">\n\t\t\t\t<div class=\"elementor-element elementor-element-e5fc9d1 elementor-widget elementor-widget-text-editor\" data-id=\"e5fc9d1\" data-element_type=\"widget\" data-e-type=\"widget\" data-widget_type=\"text-editor.default\">\n\t\t\t\t<div class=\"elementor-widget-container\">\n\t\t\t\t\t\t\t\t\t<h1 class=\"h2-size\"><strong>Mentions l\u00e9gales<\/strong><\/h1><h2 class=\"wp-block-heading\"><strong>I. Editeur du site<\/strong><\/h2><p><a href=\"https:\/\/www.amarencogroup.com\/\"><strong>Amarencogroup.com<\/strong><\/a><\/p><p>Amarenco group, 11 Anglesea Street, Cork, Ireland <strong>\n  <a href=\"https:\/\/www.amarencogroup.com\/\">https:\/\/www.amarencogroup.com\/<\/a>\n<\/strong><\/p><p><a href=\"mailto:dpo.rgpd@amarencogroup.com\">dpo.rgpd@amarencogroup.com<\/a><\/p><p>Amarenco Solar Limited, enregistr\u00e9e en Irlande sous le num\u00e9ro d\u2019entreprise 527977 au 11 Anglesea Street, Cork, T12 CYR8, au capital social de 1,269,09 \u20ac.<\/p><h2 class=\"wp-block-heading\"><strong>II. H\u00e9bergeur et cr\u00e9dits <\/strong><\/h2><p>L\u2019h\u00e9bergement est assur\u00e9 par :<\/p><p>Infomaniak Network SA Rue Eug\u00e8ne Marziano 1227 Les Acacias \u2013 Suisse<\/p><p>Cr\u00e9dit photos : <strong>Rasmus Mogensen <\/strong> <\/p><p>Conception et r\u00e9alisation : <a href=\"https:\/\/comnext.com\/\" target=\"_blank\" rel=\"noopener\">\n  <strong>Agence Comnext<\/strong>\n<\/a><\/p><h2 class=\"wp-block-heading\"><strong>III. Conditions G\u00e9n\u00e9rales d\u2019Utilisation (CGU) <\/strong><\/h2><h2 class=\"wp-block-heading\"><strong>Acc\u00e8s au service<\/strong><\/h2><p>Le site accessible par les url suivants : <a href=\"https:\/\/sustainability2024.amarencogroup.com\/fr\/\">https:\/\/sustainability2024.amarencogroup.com<\/a> est exploit\u00e9 dans le respect de la l\u00e9gislation fran\u00e7aise. L\u2019utilisation de ce site est r\u00e9gie par les pr\u00e9sentes CGU. En utilisant le site, vous reconnaissez avoir pris connaissance de ces conditions et les avoir accept\u00e9es. Celles-ci pourront \u00eatres modifi\u00e9es \u00e0 tout moment et sans pr\u00e9avis par la soci\u00e9t\u00e9 https:\/\/www.amarencogroup.com. Amarenco ne saurait \u00eatre tenu pour responsable en aucune mani\u00e8re d\u2019une mauvaise utilisation du service.   <\/p><p>Ce site est propos\u00e9 en langages <strong>HTML5<\/strong> et <strong>CSS3<\/strong>, pour un meilleur confort d\u2019utilisation et un graphisme plus agr\u00e9able, nous vous recommandons de recourir \u00e0 des navigateurs modernes comme Safari, Firefox, Chrome,\u2026<\/p><h2 class=\"wp-block-heading\"><strong>Limitation de responsabilit\u00e9<\/strong><\/h2><p>Amarenco met en \u0153uvre tous les moyens dont elle dispose, pour assurer une information fiable et une mise \u00e0 jour du site internet. Toutefois, le site peut contenir des inexactitudes, des omissions ou des lacunes. L\u2019utilisateur devra donc prendre les pr\u00e9cautions d\u2019usage n\u00e9cessaire afin de s\u2019assurer de l\u2019exactitude de l\u2019information et signaler, toute lacune, erreur ou ce qui parait \u00eatre un dysfonctionnement qui serait constat\u00e9, par <a href=\"https:\/\/www.amarencogroup.com\/fr\/contact\/\">email<\/a> en d\u00e9crivant le probl\u00e8me de la mani\u00e8re la plus pr\u00e9cise possible (page posant probl\u00e8me, action d\u00e9clenchante, type d\u2019ordinateur et de navigateur utilis\u00e9, \u2026).  <\/p><p>Amarenco d\u00e9cline toute responsabilit\u00e9 pour toute interruption, suspension, ou dysfonctionnement du site, perte de donn\u00e9es, survenance de bugs, ou tout dommage r\u00e9sultant d\u2019une intrusion frauduleuse d\u2019un tiers ayant entra\u00een\u00e9 une modification des informations mises \u00e0 la dispositions sur le site.<\/p><p>L\u2019utilisateur reconna\u00eet qu\u2019il est seul responsable de l\u2019utilisation faite par lui du site et des cons\u00e9quences de cette utilisation. Notamment, tout contenu t\u00e9l\u00e9charg\u00e9 du site se fait sous la seule responsabilit\u00e9 de l\u2019utilisateur. En cons\u00e9quence, Amarenco ne saurait \u00eatre tenu responsable d\u2019un quelconque dommage direct ou indirect pouvant en d\u00e9couler, et notamment subi par l\u2019ordinateur de l\u2019utilisateur ou d\u2019une quelconque perte de donn\u00e9es cons\u00e9cutives au t\u00e9l\u00e9chargement.  <\/p><p>Les photos sont non contractuelles.<\/p><p>Les liens hypertextes mis en place dans le cadre du pr\u00e9sent site internet en direction d\u2019autres ressources pr\u00e9sentes sur le r\u00e9seau Internet ne sauraient engager la responsabilit\u00e9 de Amarenco.<\/p><h2 class=\"wp-block-heading\"><strong>Garantie<\/strong><\/h2><p>Amarenco ne fournit aucune garantie expresse ou tacite, y compris et sans que cette \u00e9num\u00e9ration ne soit limitative, sur les garanties aff\u00e9rentes aux informations, inexactitudes ou absence de contenu, aux interruptions inopin\u00e9es ou bugs ou virus du site, et \u00e0 la non violation des r\u00e8gles d\u2019utilisation par les tiers utilisateurs.<\/p><p>A ce titre, l\u2019utilisateur d\u00e9clare accepter qui lui appartient de proc\u00e9der lui-m\u00eame \u00e0 toutes v\u00e9rifications de la coh\u00e9rence ou de la vraisemblance des r\u00e9sultats obtenus.<\/p><h2 class=\"wp-block-heading\"><strong>Confidentialit\u00e9 \u2013 Protection des donn\u00e9es personnelles<\/strong><\/h2><p>Toutes les donn\u00e9es personnelles transmises directement et\/ou indirectement \u00e0 Amarenco sont strictement confidentielles.<\/p><p>For complete information on the treatment of personal data, Amarenco invites you to consult its <a href=\"https:\/\/www.amarencogroup.com\/politique-de-confidentialite\/\">Privacy Policy and Personal Data Protection.<\/a><\/p><h2 class=\"wp-block-heading\"><strong>Propri\u00e9t\u00e9 intellectuelle<\/strong><\/h2><p>Tout le contenu du pr\u00e9sent site, incluant, de fa\u00e7on non limitative, les graphismes, images, textes, vid\u00e9os, animations, sons, logos, gifs et ic\u00f4nes ainsi que leur mise en forme sont la propri\u00e9t\u00e9 exclusive de la soci\u00e9t\u00e9 Amarenco \u00e0 l\u2019exception des marques, logos ou contenus appartenant \u00e0 d\u2019autres soci\u00e9t\u00e9s partenaires ou auteurs. Toute reproduction, distribution, modification, adaptation, retransmission ou publication, m\u00eame partielle, de ces diff\u00e9rents \u00e9l\u00e9ments est strictement interdite sans l\u2019accord expr\u00e8s par \u00e9crit de Amarenco. Cette repr\u00e9sentation ou reproduction, par quelque proc\u00e9d\u00e9 que ce soit, constitue une contrefa\u00e7on sanctionn\u00e9e par les articles L.3335-2 et suivants du Code de la propri\u00e9t\u00e9 intellectuelle. Le non-respect de cette interdiction constitue une contrefa\u00e7on pouvant engager la responsabilit\u00e9 civile et p\u00e9nale du contrefacteur. En outre, les propri\u00e9taires des Contenus copi\u00e9s pourraient intenter une action en justice \u00e0 votre encontre.    <\/p><p>Amarenco est identiquement propri\u00e9taire des \u00ab droits des producteurs de bases de donn\u00e9es \u00bb vis\u00e9s au Livre III, Titre IV, du Code de la Propri\u00e9t\u00e9 Intellectuelle (loi n\u00b0 98-536 du 1er juillet 1998) relative aux droits d\u2019auteur et aux bases de donn\u00e9es. Les utilisateurs et visiteurs du site internet peuvent mettre en place un hyperlien en direction de ce site, \u00e0 condition que ce lien s\u2019ouvre dans une nouvelle fen\u00eatre. En particulier un lien vers une sous page (\u00ab lien profond \u00bb) est interdit, ainsi que l\u2019ouverture du pr\u00e9sent site au sein d\u2019un cadre (\u00ab framing \u00bb), sauf avec l\u2019autorisation expresse et pr\u00e9alable de Amarenco. <\/p><p>Pour toute demande d\u2019autorisation ou d\u2019information, veuillez nous contacter par email : <a href=\"mailto:ireland@amarencogroup.com\">ireland@amarencogroup.com<\/a>. Des conditions sp\u00e9cifiques sont pr\u00e9vues pour la presse. <\/p><p>Par ailleurs, la mise en forme de ce site a n\u00e9cessit\u00e9 le recours \u00e0 des sources externes dont nous avons acquis les droits ou dont les droits d\u2019utilisation sont ouverts : WordPress<\/p><h2 class=\"wp-block-heading\"><strong>Cookies<\/strong><\/h2><p>Pour des besoins de statistiques et d\u2019affichage, le pr\u00e9sent site utilise des cookies. Il s\u2019agit de petits fichiers textes stock\u00e9s sur votre disque dur afin d\u2019enregistrer des donn\u00e9es techniques sur votre navigation. Certaines parties de ce site ne peuvent \u00eatre fonctionnelle sans l\u2019acceptation de cookies.  <\/p><h2 class=\"wp-block-heading\"><strong>Liens hypertextes<\/strong><\/h2><p>Les sites internet de Amarenco peuvent offrir des liens vers d\u2019autres sites internet ou d\u2019autres ressources disponibles sur Internet.<\/p><p>Amarencone dispose d\u2019aucun moyen pour contr\u00f4ler les sites en connexion avec ses sites internet. Amarenco ne r\u00e9pond pas de la disponibilit\u00e9 de tels sites et sources externes, ni ne la garantit. Elle ne peut \u00eatre tenue pour responsable de tout dommage, de quelque nature que ce soit, r\u00e9sultant du contenu de ces sites ou sources externes, et notamment des informations, produits ou services qu\u2019ils proposent, ou de tout usage qui peut \u00eatre fait de ces \u00e9l\u00e9ments. Les risques li\u00e9s \u00e0 cette utilisation incombent pleinement \u00e0 l\u2019internaute, qui doit se conformer \u00e0 leurs conditions d\u2019utilisation.   <\/p><p>Les utilisateurs, les abonn\u00e9s et les visiteurs des sites internet de Amarenco ne peuvent mettre en place un hyperlien en direction de ce site sans l\u2019autorisation expresse et pr\u00e9alable de Amarenco.<\/p><p>Dans l\u2019hypoth\u00e8se o\u00f9 un utilisateur ou visiteur souhaiterait mettre en place un hyperlien en direction d\u2019un des sites internet de Amarenco, il lui appartiendra d\u2019adresser un email accessible sur le site afin de formuler sa demande de mise en place d\u2019un hyperlien. Amarenco se r\u00e9serve le droit d\u2019accepter ou de refuser un hyperlien sans avoir \u00e0 en justifier sa d\u00e9cision. <\/p><p>En outre, le renvoi sur un site internet pour compl\u00e9ter une information recherch\u00e9e ne signifie en aucune fa\u00e7on que Amarencoreconna\u00eet ou accepte quelque responsabilit\u00e9 quant \u00e0 la teneur ou \u00e0 l\u2019utilisation dudit site.<\/p><h2 class=\"wp-block-heading\"><strong>Loi applicable et juridiction comp\u00e9tente<\/strong><\/h2><p>Les pr\u00e9sentes CGU sont r\u00e9gies par les lois fran\u00e7aises. Toute contestation ou litiges qui pourraient na\u00eetre de l\u2019interpr\u00e9tation ou de l\u2019ex\u00e9cution de celles-ci, et \u00e0 d\u00e9faut de solution amiable pr\u00e9alable, seront de la comp\u00e9tence exclusive des tribunaux dont d\u00e9pend le si\u00e8ge social de la soci\u00e9t\u00e9 Amarenco. La langue de r\u00e9f\u00e9rence, pour le r\u00e8glement de contentieux \u00e9ventuels, est le fran\u00e7ais.  <\/p><div id=\"warning\"> <\/div><h2 class=\"wp-block-heading\"><strong>IV. <\/strong><span class=\"s1\"><b>AVERTISSEMENTS<\/b><\/span><\/h2><p>Amarenco vous invite \u00e0 la vigilance car des tentatives de fraude sont de plus en plus fr\u00e9quentes vis \u00e0 vis des entreprises et des professionnels.<\/p><p>Il est important de v\u00e9rifier l\u2019identit\u00e9 des interlocuteurs avec qui vous interagissez. Soyez prudents, des faux e-mails circulent sur internet et des faux profils peuvent tenter de vous manipuler afin de vous soutirer des informations priv\u00e9es par des sollicitations trompeuses visant \u00e0 r\u00e9aliser des transactions au travers de virement bancaire ou de paiement d\u00e9mat\u00e9rialis\u00e9. <\/p><p>De mani\u00e8re g\u00e9n\u00e9rale, Amarenco et ses employ\u00e9s ne vous demandent pas la communication de vos informations personnelles et bancaires (num\u00e9ro de carte bancaire, num\u00e9ro de compte, \u2026) ni de codes personnels et ce, que ce soit par e-mail, par SMS ou par t\u00e9l\u00e9phone. Par ailleurs, les financements ou investissements participatifs sur nos projets n\u2019interviennent que via des plateformes sp\u00e9cialis\u00e9es et compl\u00e8tement s\u00e9curis\u00e9es. <\/p><p>V\u00e9rifiez toujours l\u2019adresse de l\u2019exp\u00e9diteur.<\/p><p>Au moindre doute, les \u00e9quipes de Amarenco sont \u00e0 disposition. Elles v\u00e9rifieront ainsi rapidement si la personne ayant pris contact travaille ou non chez Amarenco, et s\u2019il s\u2019agit ou non d\u2019une personne usurpant l\u2019identit\u00e9 de la personne signataire de l\u2019email. <\/p><p><span lang=\"EN-US\">Il est aussi recommand\u00e9 de consulter la liste noire de l\u2019AMF (Autorit\u00e9 des March\u00e9s Financiers) de toutes les soci\u00e9t\u00e9s frauduleuses (<a href=\"https:\/\/www.amf-france.org\/fr\/espace-epargnants\/proteger-son-epargne\/listes-noires-et-mises-en-garde\" target=\"_blank\" rel=\"noopener\">https:\/\/www.amf-france.org\/fr\/espace-epargnants\/proteger-son-epargne\/listes-noires-et-mises-en-garde<\/a>).<span class=\"apple-converted-space\"> <\/span><\/span><\/p><p><i><span lang=\"EN-US\">Que faire si l\u2019on est victime d\u2019une escroquerie ?<\/span><\/i><\/p><p>Il est imp\u00e9ratif de porter imm\u00e9diatement plainte aupr\u00e8s du commissariat ou de la gendarmerie la plus proche.<\/p><p>Il s\u2019agit aussi de signaler l\u2019e-mail ou le site de phishing sur :<\/p><p><span lang=\"EN-US\">\u2013 le site Phishing Initiative (<a class=\"moz-txt-link-freetext\" title=\"https:\/\/phishing-initiative.fr\/contrib\/\" href=\"https:\/\/phishing-initiative.fr\/contrib\/\" target=\"_blank\" rel=\"noopener\">https:\/\/phishing-initiative.fr\/contrib\/<\/a>), afin d\u2019alimenter les bases des diff\u00e9rents navigateurs pour bloquer l\u2019acc\u00e8s \u00e0 ces sites<\/span><\/p><p><span lang=\"EN-US\">\u2013 le site Internet Signalement (Pharos) (<a class=\"moz-txt-link-freetext\" title=\"https:\/\/www.internet-signalement.gouv.fr\/PortailWeb\/planets\/SignalerEtapeAccepter!load.action\" href=\"https:\/\/www.internet-signalement.gouv.fr\/PortailWeb\/planets\/SignalerEtapeAccepter!load.action\" target=\"_blank\" rel=\"noopener\">https:\/\/www.internet-signalement.gouv.fr\/PortailWeb\/planets\/SignalerEtapeAccepter!load.action<\/a>), afin de remonter l\u2019ill\u00e9galit\u00e9 du site aux services de police.<\/span><\/p><h2 class=\"wp-block-heading\"><strong>V. Certifications<\/strong><\/h2><p>Amarenco est certifi\u00e9 : \u2013 ISO 9001 \u2013 AMARENCO France et ses filiales<\/p><p>\u2013 ISO 14001 \u2013 AMARENCO France et ses filiales<\/p><p>\u2013 ISO 45001 \u2013 AMARENCO France, AMARENCO Construction, AMARENCO Services<\/p><p>\u2013 <a title=\"\" href=\"https:\/\/www.amarencogroup.com\/wp-content\/uploads\/2024\/07\/CERTIFICAT-AQPV-AMARENCO_Rev7.pdf\" target=\"_blank\" rel=\"noopener\">Certificat AQPV<\/a><\/p>\t\t\t\t\t\t\t\t<\/div>\n\t\t\t\t<\/div>\n\t\t\t\t\t<\/div>\n\t\t\t\t<\/div>\n\t\t\t\t<\/div>\n\t\t","protected":false},"excerpt":{"rendered":"<p>Mentions l\u00e9gales I. Editeur du site Amarencogroup.com Amarenco group, 11 Anglesea Street, Cork, Ireland https:\/\/www.amarencogroup.com\/ dpo.rgpd@amarencogroup.com Amarenco Solar Limited, enregistr\u00e9e en Irlande sous le num\u00e9ro d\u2019entreprise 527977 au 11 Anglesea Street, Cork, T12 CYR8, au capital social de 1,269,09 \u20ac. II. H\u00e9bergeur et cr\u00e9dits L\u2019h\u00e9bergement est assur\u00e9 par : Infomaniak Network SA Rue Eug\u00e8ne Marziano [&hellip;]<\/p>\n","protected":false},"author":1,"featured_media":5957,"parent":0,"menu_order":0,"comment_status":"closed","ping_status":"closed","template":"elementor_header_footer","meta":{"footnotes":""},"class_list":["post-6585","page","type-page","status-publish","has-post-thumbnail","hentry"],"_links":{"self":[{"href":"https:\/\/sustainability2024.amarencogroup.com\/fr\/wp-json\/wp\/v2\/pages\/6585","targetHints":{"allow":["GET"]}}],"collection":[{"href":"https:\/\/sustainability2024.amarencogroup.com\/fr\/wp-json\/wp\/v2\/pages"}],"about":[{"href":"https:\/\/sustainability2024.amarencogroup.com\/fr\/wp-json\/wp\/v2\/types\/page"}],"author":[{"embeddable":true,"href":"https:\/\/sustainability2024.amarencogroup.com\/fr\/wp-json\/wp\/v2\/users\/1"}],"replies":[{"embeddable":true,"href":"https:\/\/sustainability2024.amarencogroup.com\/fr\/wp-json\/wp\/v2\/comments?post=6585"}],"version-history":[{"count":4,"href":"https:\/\/sustainability2024.amarencogroup.com\/fr\/wp-json\/wp\/v2\/pages\/6585\/revisions"}],"predecessor-version":[{"id":7357,"href":"https:\/\/sustainability2024.amarencogroup.com\/fr\/wp-json\/wp\/v2\/pages\/6585\/revisions\/7357"}],"wp:featuredmedia":[{"embeddable":true,"href":"https:\/\/sustainability2024.amarencogroup.com\/fr\/wp-json\/wp\/v2\/media\/5957"}],"wp:attachment":[{"href":"https:\/\/sustainability2024.amarencogroup.com\/fr\/wp-json\/wp\/v2\/media?parent=6585"}],"curies":[{"name":"wp","href":"https:\/\/api.w.org\/{rel}","templated":true}]}}